{"id":10266,"date":"2021-10-19T18:49:12","date_gmt":"2021-10-19T10:49:12","guid":{"rendered":"https:\/\/cristinabertrand.com\/contacto\/"},"modified":"2024-10-22T14:29:59","modified_gmt":"2024-10-22T06:29:59","slug":"contacto","status":"publish","type":"page","link":"https:\/\/cristinabertrand.com\/es\/contacto\/","title":{"rendered":"Contacto"},"content":{"rendered":"<p>[vc_row][vc_column css=\u00bb.vc_custom_1621870363927{padding-top: 70px !important;padding-bottom: 40px !important;}\u00bb][vc_column_text]<\/p>\n<h1 class=\"gold\">Contacto<\/h1>\n<p>[\/vc_column_text][\/vc_column][\/vc_row][vc_row el_class=\u00bbcontact_row\u00bb css=\u00bb.vc_custom_1621871029847{padding-bottom: 70px !important;}\u00bb][vc_column width=\u00bb1\/3&#8243; css=\u00bb.vc_custom_1621871216393{padding-bottom: 20px !important;}\u00bb][\/vc_column][vc_column width=\u00bb1\/6&#8243; css=\u00bb.vc_custom_1621871227525{padding-bottom: 20px !important;}\u00bb][vc_single_image image=\u00bb9779&#8243; img_size=\u00bbfull\u00bb][\/vc_column][vc_column width=\u00bb1\/6&#8243; css=\u00bb.vc_custom_1621871239752{padding-bottom: 20px !important;}\u00bb][vc_single_image image=\u00bb9776&#8243; img_size=\u00bbfull\u00bb][\/vc_column][vc_column width=\u00bb1\/3&#8243;][\/vc_column][\/vc_row][vc_row el_class=\u00bbcontact_row\u00bb css=\u00bb.vc_custom_1621871029847{padding-bottom: 70px !important;}\u00bb][vc_column css=\u00bb.vc_custom_1621871216393{padding-bottom: 20px !important;}\u00bb][vc_column_text css=\u00bb.vc_custom_1723898921883{margin-top: 30px !important;}\u00bb]<\/p>\n<h2 style=\"text-align: center;\"><strong><span style=\"color: #d7393a;\">CRISTINA BERTRAND<\/span><\/strong><\/h2>\n<p style=\"text-align: center;\"><strong>Cristina Bertrand (Shanghai) Trading Co., Ltd.<\/strong> China<br \/>\n<strong>Cristina Bertrand-K\u0115y\u012d School.<\/strong> Dubai<br \/>\n\u2014\u2014\u2014\u2014\u2014\u2014\u2014\u2014\u2014\u2014\u2014\u2014\u2014\u2014\u2014\u2014<br \/>\n<strong><a href=\"mailto:cristina.bertrand@protonmail.com\">cristina.bertrand@protonmail.com<\/a><\/strong><br \/>\n<strong>wechat: CristinaBertrand-HK<\/strong><\/p>\n<p style=\"text-align: center;\"><strong>CN:<\/strong> +86 138 8223 7533 (Chinese, English)<br \/>\n<strong>UAE:<\/strong> +971 522 674 490 (English, Espa\u00f1ol)<br \/>\n<strong>ES:<\/strong> +34 660 375 841 (Espa\u00f1ol, English)<\/p>\n<p>[\/vc_column_text][\/vc_column][\/vc_row]<\/p>\n","protected":false},"excerpt":{"rendered":"<p>[vc_row][vc_column css=\u00bb.vc_custom_1621870363927{padding-top: 70px !important;padding-bottom: 40px !important;}\u00bb][vc_column_text] Contacto [\/vc_column_text][\/vc_column][\/vc_row][vc_row el_class=\u00bbcontact_row\u00bb css=\u00bb.vc_custom_1621871029847{padding-bottom: 70px !important;}\u00bb][vc_column width=\u00bb1\/3&#8243; css=\u00bb.vc_custom_1621871216393{padding-bottom: 20px !important;}\u00bb][\/vc_column][vc_column width=\u00bb1\/6&#8243; css=\u00bb.vc_custom_1621871227525{padding-bottom: 20px !important;}\u00bb][vc_single_image image=\u00bb9779&#8243; img_size=\u00bbfull\u00bb][\/vc_column][vc_column width=\u00bb1\/6&#8243; css=\u00bb.vc_custom_1621871239752{padding-bottom: 20px !important;}\u00bb][vc_single_image image=\u00bb9776&#8243; img_size=\u00bbfull\u00bb][\/vc_column][vc_column width=\u00bb1\/3&#8243;][\/vc_column][\/vc_row][vc_row el_class=\u00bbcontact_row\u00bb css=\u00bb.vc_custom_1621871029847{padding-bottom: 70px !important;}\u00bb][vc_column css=\u00bb.vc_custom_1621871216393{padding-bottom: 20px !important;}\u00bb][vc_column_text css=\u00bb.vc_custom_1723898921883{margin-top: 30px !important;}\u00bb] CRISTINA BERTRAND Cristina Bertrand (Shanghai) Trading Co., Ltd. China Cristina Bertrand-K\u0115y\u012d School. Dubai \u2014\u2014\u2014\u2014\u2014\u2014\u2014\u2014\u2014\u2014\u2014\u2014\u2014\u2014\u2014\u2014 cristina.bertrand@protonmail.com wechat: &hellip;<\/p>\n","protected":false},"author":1,"featured_media":0,"parent":0,"menu_order":73,"comment_status":"closed","ping_status":"closed","template":"","meta":[],"acf":[],"yoast_head":"<!-- This site is optimized with the Yoast SEO plugin v18.8 - https:\/\/yoast.com\/wordpress\/plugins\/seo\/ -->\n<title>Informaci\u00f3n de contacto Cristina Bertrand y K\u0115y\u012d School<\/title>\n<meta name=\"description\" content=\"Est\u00e1 vinculado en china, Espa\u00f1a y Estados Unidos. Haga clic para obtener m\u00e1s informaci\u00f3n.\" \/>\n<meta name=\"robots\" content=\"index, follow, max-snippet:-1, max-image-preview:large, max-video-preview:-1\" \/>\n<link rel=\"canonical\" href=\"https:\/\/cristinabertrand.com\/contact\/\" \/>\n<meta property=\"og:locale\" content=\"es_ES\" \/>\n<meta property=\"og:type\" content=\"article\" \/>\n<meta property=\"og:title\" content=\"Informaci\u00f3n de contacto Cristina Bertrand y K\u0115y\u012d School\" \/>\n<meta property=\"og:description\" content=\"Est\u00e1 vinculado en china, Espa\u00f1a y Estados Unidos. Haga clic para obtener m\u00e1s informaci\u00f3n.\" \/>\n<meta property=\"og:url\" content=\"https:\/\/cristinabertrand.com\/contact\/\" \/>\n<meta property=\"og:site_name\" content=\"Cristina Bertrand\" \/>\n<meta property=\"article:modified_time\" content=\"2024-10-22T06:29:59+00:00\" \/>\n<meta name=\"twitter:card\" content=\"summary\" \/>\n<meta name=\"twitter:label1\" content=\"Tiempo de lectura\" \/>\n\t<meta name=\"twitter:data1\" content=\"1 minuto\" \/>\n<script type=\"application\/ld+json\" class=\"yoast-schema-graph\">{\"@context\":\"https:\/\/schema.org\",\"@graph\":[{\"@type\":\"Organization\",\"@id\":\"https:\/\/cristinabertrand.com\/#organization\",\"name\":\"Cristina Bertrand\",\"url\":\"https:\/\/cristinabertrand.com\/\",\"sameAs\":[],\"logo\":{\"@type\":\"ImageObject\",\"inLanguage\":\"es\",\"@id\":\"https:\/\/cristinabertrand.com\/#\/schema\/logo\/image\/\",\"url\":\"https:\/\/cristinabertrand.com\/wp-content\/uploads\/2021\/07\/logo_cb_big.jpg\",\"contentUrl\":\"https:\/\/cristinabertrand.com\/wp-content\/uploads\/2021\/07\/logo_cb_big.jpg\",\"width\":396,\"height\":395,\"caption\":\"Cristina Bertrand\"},\"image\":{\"@id\":\"https:\/\/cristinabertrand.com\/#\/schema\/logo\/image\/\"}},{\"@type\":\"WebSite\",\"@id\":\"https:\/\/cristinabertrand.com\/#website\",\"url\":\"https:\/\/cristinabertrand.com\/\",\"name\":\"Cristina Bertrand\",\"description\":\"Writings, paintings, ebooks and perfume, all with art\",\"publisher\":{\"@id\":\"https:\/\/cristinabertrand.com\/#organization\"},\"potentialAction\":[{\"@type\":\"SearchAction\",\"target\":{\"@type\":\"EntryPoint\",\"urlTemplate\":\"https:\/\/cristinabertrand.com\/?s={search_term_string}\"},\"query-input\":\"required name=search_term_string\"}],\"inLanguage\":\"es\"},{\"@type\":\"WebPage\",\"@id\":\"https:\/\/cristinabertrand.com\/contact\/#webpage\",\"url\":\"https:\/\/cristinabertrand.com\/contact\/\",\"name\":\"Informaci\u00f3n de contacto Cristina Bertrand y K\u0115y\u012d School\",\"isPartOf\":{\"@id\":\"https:\/\/cristinabertrand.com\/#website\"},\"datePublished\":\"2021-10-19T10:49:12+00:00\",\"dateModified\":\"2024-10-22T06:29:59+00:00\",\"description\":\"Est\u00e1 vinculado en china, Espa\u00f1a y Estados Unidos. Haga clic para obtener m\u00e1s informaci\u00f3n.\",\"breadcrumb\":{\"@id\":\"https:\/\/cristinabertrand.com\/contact\/#breadcrumb\"},\"inLanguage\":\"es\",\"potentialAction\":[{\"@type\":\"ReadAction\",\"target\":[\"https:\/\/cristinabertrand.com\/contact\/\"]}]},{\"@type\":\"BreadcrumbList\",\"@id\":\"https:\/\/cristinabertrand.com\/contact\/#breadcrumb\",\"itemListElement\":[{\"@type\":\"ListItem\",\"position\":1,\"name\":\"Home\",\"item\":\"https:\/\/cristinabertrand.com\/es\/\"},{\"@type\":\"ListItem\",\"position\":2,\"name\":\"Contacto\"}]}]}<\/script>\n<!-- \/ Yoast SEO plugin. -->","yoast_head_json":{"title":"Informaci\u00f3n de contacto Cristina Bertrand y K\u0115y\u012d School","description":"Est\u00e1 vinculado en china, Espa\u00f1a y Estados Unidos. Haga clic para obtener m\u00e1s informaci\u00f3n.","robots":{"index":"index","follow":"follow","max-snippet":"max-snippet:-1","max-image-preview":"max-image-preview:large","max-video-preview":"max-video-preview:-1"},"canonical":"https:\/\/cristinabertrand.com\/contact\/","og_locale":"es_ES","og_type":"article","og_title":"Informaci\u00f3n de contacto Cristina Bertrand y K\u0115y\u012d School","og_description":"Est\u00e1 vinculado en china, Espa\u00f1a y Estados Unidos. Haga clic para obtener m\u00e1s informaci\u00f3n.","og_url":"https:\/\/cristinabertrand.com\/contact\/","og_site_name":"Cristina Bertrand","article_modified_time":"2024-10-22T06:29:59+00:00","twitter_card":"summary","twitter_misc":{"Tiempo de lectura":"1 minuto"},"schema":{"@context":"https:\/\/schema.org","@graph":[{"@type":"Organization","@id":"https:\/\/cristinabertrand.com\/#organization","name":"Cristina Bertrand","url":"https:\/\/cristinabertrand.com\/","sameAs":[],"logo":{"@type":"ImageObject","inLanguage":"es","@id":"https:\/\/cristinabertrand.com\/#\/schema\/logo\/image\/","url":"https:\/\/cristinabertrand.com\/wp-content\/uploads\/2021\/07\/logo_cb_big.jpg","contentUrl":"https:\/\/cristinabertrand.com\/wp-content\/uploads\/2021\/07\/logo_cb_big.jpg","width":396,"height":395,"caption":"Cristina Bertrand"},"image":{"@id":"https:\/\/cristinabertrand.com\/#\/schema\/logo\/image\/"}},{"@type":"WebSite","@id":"https:\/\/cristinabertrand.com\/#website","url":"https:\/\/cristinabertrand.com\/","name":"Cristina Bertrand","description":"Writings, paintings, ebooks and perfume, all with art","publisher":{"@id":"https:\/\/cristinabertrand.com\/#organization"},"potentialAction":[{"@type":"SearchAction","target":{"@type":"EntryPoint","urlTemplate":"https:\/\/cristinabertrand.com\/?s={search_term_string}"},"query-input":"required name=search_term_string"}],"inLanguage":"es"},{"@type":"WebPage","@id":"https:\/\/cristinabertrand.com\/contact\/#webpage","url":"https:\/\/cristinabertrand.com\/contact\/","name":"Informaci\u00f3n de contacto Cristina Bertrand y K\u0115y\u012d School","isPartOf":{"@id":"https:\/\/cristinabertrand.com\/#website"},"datePublished":"2021-10-19T10:49:12+00:00","dateModified":"2024-10-22T06:29:59+00:00","description":"Est\u00e1 vinculado en china, Espa\u00f1a y Estados Unidos. Haga clic para obtener m\u00e1s informaci\u00f3n.","breadcrumb":{"@id":"https:\/\/cristinabertrand.com\/contact\/#breadcrumb"},"inLanguage":"es","potentialAction":[{"@type":"ReadAction","target":["https:\/\/cristinabertrand.com\/contact\/"]}]},{"@type":"BreadcrumbList","@id":"https:\/\/cristinabertrand.com\/contact\/#breadcrumb","itemListElement":[{"@type":"ListItem","position":1,"name":"Home","item":"https:\/\/cristinabertrand.com\/es\/"},{"@type":"ListItem","position":2,"name":"Contacto"}]}]}},"_links":{"self":[{"href":"https:\/\/cristinabertrand.com\/es\/wp-json\/wp\/v2\/pages\/10266"}],"collection":[{"href":"https:\/\/cristinabertrand.com\/es\/wp-json\/wp\/v2\/pages"}],"about":[{"href":"https:\/\/cristinabertrand.com\/es\/wp-json\/wp\/v2\/types\/page"}],"author":[{"embeddable":true,"href":"https:\/\/cristinabertrand.com\/es\/wp-json\/wp\/v2\/users\/1"}],"replies":[{"embeddable":true,"href":"https:\/\/cristinabertrand.com\/es\/wp-json\/wp\/v2\/comments?post=10266"}],"version-history":[{"count":14,"href":"https:\/\/cristinabertrand.com\/es\/wp-json\/wp\/v2\/pages\/10266\/revisions"}],"predecessor-version":[{"id":17920,"href":"https:\/\/cristinabertrand.com\/es\/wp-json\/wp\/v2\/pages\/10266\/revisions\/17920"}],"wp:attachment":[{"href":"https:\/\/cristinabertrand.com\/es\/wp-json\/wp\/v2\/media?parent=10266"}],"curies":[{"name":"wp","href":"https:\/\/api.w.org\/{rel}","templated":true}]}}