{"id":10770,"date":"2022-03-04T09:29:01","date_gmt":"2022-03-04T01:29:01","guid":{"rendered":"https:\/\/cristinabertrand.com\/inicio\/"},"modified":"2022-06-08T22:49:11","modified_gmt":"2022-06-08T14:49:11","slug":"inicio","status":"publish","type":"page","link":"https:\/\/cristinabertrand.com\/es\/","title":{"rendered":"Inicio"},"content":{"rendered":"<p>[vc_row type=\u00bbfull-nopad\u00bb el_class=\u00bbbanner_fullwidth\u00bb css=\u00bb.vc_custom_1622043173299{margin-bottom: 70px !important;}\u00bb][vc_column][vc_column_text]<div class=\"nm-banner-slider plugin-slick pagination-color-gray slick-slider slick-dots-inside has-pagination pagination-mobile-outside pagination-left\" data-dots=\"true\" >\n\t\t\t<div class=\"nm-banner content-boxed full-width-parent image-type-fluid text-color-light subtitle-below\" style=\"\"><img src=\"https:\/\/cristinabertrand.com\/wp-content\/uploads\/2021\/07\/home2.jpg\" alt=\"home2\" \/>\n\t\t\t<\/div><\/div>[\/vc_column_text][\/vc_column][\/vc_row][vc_row type=\u00bbfull-nopad\u00bb el_class=\u00bbbanner_fullwidth\u00bb css=\u00bb.vc_custom_1632757349425{margin-bottom: 10px !important;}\u00bb][vc_column][vc_column_text]<div class=\"nm-banner-slider plugin-slick pagination-color-gray slick-slider slick-dots-inside has-pagination pagination-mobile-outside pagination-left\" data-dots=\"true\" >\n\t\t\t<div class=\"nm-banner content-boxed full-width-parent image-type-fluid text-color-light subtitle-below\" style=\"\"><img src=\"https:\/\/cristinabertrand.com\/wp-content\/uploads\/2021\/07\/Serpa-studio-kitchen_crop.jpg\" alt=\"Serpa-studio-kitchen_crop\" \/>\n\t\t\t<\/div><\/div>[\/vc_column_text][\/vc_column][\/vc_row][vc_row type=\u00bbboxed\u00bb el_class=\u00bbbanner_fullwidth\u00bb css=\u00bb.vc_custom_1632757343333{margin-bottom: 70px !important;}\u00bb][vc_column][vc_column_text]<\/p>\n<p style=\"text-align: right;\">Fotograf\u00eda: <em>Ricardo Serpa<\/em><\/p>\n<p>[\/vc_column_text][\/vc_column][\/vc_row][vc_row css=\u00bb.vc_custom_1621595952097{padding-bottom: 50px !important;}\u00bb][vc_column][vc_column_text css=\u00bb.vc_custom_1625670403032{padding-top: 20px !important;padding-bottom: 30px !important;}\u00bb]<\/p>\n<h2>Cristina Bertrand<\/h2>\n<h3>Mi historia<\/h3>\n<p>[\/vc_column_text][vc_row_inner][vc_column_inner width=\u00bb1\/2&#8243; css=\u00bb.vc_custom_1626697511966{padding-bottom: 20px !important;}\u00bb][vc_column_text]Nacida en Madrid, Espa\u00f1a, Cristina Bertrand obtuvo el doctorado en Filosof\u00eda y Letras en la Universidad Complutense de Madrid. Su tesis doctoral sobre el libro de sabidur\u00eda china, Yi Jing, fue un estudio interdisciplinar en los campos de filosof\u00eda, geograf\u00eda, historia y arte de China. La Dra. Bertrand es una investigadora reconocida internacionalmente y una pintora que ha completado m\u00e1s de 550 cuadros expuestos en galer\u00edas en Espa\u00f1a, Estados Unidos, Europa y China.<\/p>\n<p>En Estados Unidos realiz\u00f3 un postdoctorado en filosof\u00eda y fue investigadora visitante en la Universidad de California, Santa Barbara. Vivi\u00f3 en California, Nueva York y Miami Beach y posteriormente se traslad\u00f3 a Shangh\u00e1i, China. En la actualidad vive en Dub\u00e1i, Madrid y Miami Beach y dirige sus compa\u00f1\u00edas Cristina Bertrand LLC (USA), Cristina Bertrand (Shangh\u00e1i) Trading Co. Ltd. (China) y Cristina Bertrand FZCO (Dub\u00e1i, UAE) as\u00ed como la K\u0115y\u012d School que ofrece conferencias y seminarios en cultura china, Yi Jing, y Yi Jing para los Negocios, as\u00ed como cursos de chino basados en su innovadora metodolog\u00eda K\u0115y\u012d. \u00a0Ha publicado en su web 15 libros, acad\u00e9micos y de ficci\u00f3n y sus creaciones de perfumes y joyas inspirados en sus libros son una combinaci\u00f3n creativa de arte, literatura y fragancias.<\/p>\n<p><a href=\"http:\/\/cristinabertrand.com\/wp-content\/uploads\/2022\/06\/CRISTINA-BERTRAND-CV-MARCH-2021-4.pdf\"><strong>Descargar curr\u00edculum v\u00edtae<\/strong><\/a>[\/vc_column_text][\/vc_column_inner][vc_column_inner width=\u00bb1\/4&#8243; css=\u00bb.vc_custom_1626697736867{padding-bottom: 20px !important;}\u00bb offset=\u00bbvc_col-lg-3 vc_col-xs-6&#8243;][vc_single_image image=\u00bb9866&#8243; img_size=\u00bbfull\u00bb alignment=\u00bbcenter\u00bb][\/vc_column_inner][vc_column_inner width=\u00bb1\/4&#8243; css=\u00bb.vc_custom_1626697693604{padding-bottom: 20px !important;}\u00bb offset=\u00bbvc_col-lg-3 vc_col-xs-6&#8243;][vc_single_image image=\u00bb9869&#8243; img_size=\u00bbfull\u00bb alignment=\u00bbcenter\u00bb][\/vc_column_inner][\/vc_row_inner][\/vc_column][\/vc_row][vc_row type=\u00bbboxed\u00bb css=\u00bb.vc_custom_1626247456961{margin-top: 40px !important;padding-bottom: 80px !important;background-color: #f7f1e9 !important;}\u00bb el_class=\u00bbfull-background light-maroon companies\u00bb][vc_column css=\u00bb.vc_custom_1621632459082{padding-top: 70px !important;}\u00bb][vc_column_text css=\u00bb.vc_custom_1625849108198{padding-top: 20px !important;padding-bottom: 30px !important;}\u00bb]<\/p>\n<h3>Compa\u00f1\u00edas de Cristina Bertrand<\/h3>\n<p>[\/vc_column_text][vc_row_inner css=\u00bb.vc_custom_1625671847006{padding-bottom: 60px !important;}\u00bb][vc_column_inner el_class=\u00bbleft_column\u00bb width=\u00bb1\/2&#8243;][vc_column_text]<\/p>\n<h4>CRISTINA BERTRAND, LLC<\/h4>\n<p>5700 Collins Ave. #11G<br \/>\nMiami Beach, Florida 33140<br \/>\n+1 310 704 5475 (English, Espa\u00f1ol)<br \/>\n+34 644 001 633 (Espa\u00f1ol, English)<\/p>\n<p><strong>Estados Unidos<br \/>\n<\/strong><br \/>\n<a href=\"mailto:cristina.bertrand@protonmail.com\">cristina.bertrand@protonmail.com<\/a><br \/>\n+34 644 001 633 (Espa\u00f1ol, English)<\/p>\n<h4>CRISTINA BERTRAND<br \/>\n(SHANGHAI) TRADING CO., LTD.<\/h4>\n<p>Room 106, Unit 6, Building 2066<br \/>\nWangyuan Road, Fengxian District,<br \/>\nShanghai 201499<br \/>\n+183 8223 7533 (Chinese, English)<\/p>\n<p><strong>China<\/strong><\/p>\n<p><a href=\"mailto:cristina.bertrand@protonmail.com\">cristina.bertrand@protonmail.com<\/a><br \/>\n+34 644 001 633 (Espa\u00f1ol, English)<\/p>\n<h4>CRISTINA BERTRAND FZCO<\/h4>\n<p>IFZA, Dubai Silicon Oasis, Building A2, Unit 101<br \/>\nDubai, United Arab Emirates<br \/>\nUAE: +971 522 674 490 (English, Espa\u00f1ol)<\/p>\n<p><strong>Dubai<br \/>\n<\/strong><br \/>\n<a href=\"mailto:cristina.bertrand@protonmail.com\">cristina.bertrand@protonmail.com<\/a><br \/>\nUAE: +971 522 674 490 (English, Espa\u00f1ol)[\/vc_column_text][\/vc_column_inner][vc_column_inner el_class=\u00bbright_column\u00bb width=\u00bb1\/2&#8243;][vc_column_text css=\u00bb.vc_custom_1625846361451{padding-bottom: 20px !important;}\u00bb]<\/p>\n<h3>Visi\u00f3n<\/h3>\n<p>Nuestra Visi\u00f3n es crear un mundo \u00fanico que pueda integrar y combinar la pintura, los perfumes, las joyas, y la moda, todas ellas inspiradas en las ideas, imaginaci\u00f3n y creatividad de Cristina Bertrand.<\/p>\n<p>La K\u0115y\u012d School juega un papel importante en el campo de la Educaci\u00f3n con sus cursos de lengua china, conferencias y seminaries para un conocimiento en profundidad de la filosof\u00eda, geograf\u00eda, historia y arte de China.[\/vc_column_text][vc_column_text css=\u00bb.vc_custom_1625846275861{padding-bottom: 20px !important;}\u00bb]<\/p>\n<h3>Misi\u00f3n<\/h3>\n<p>Nuestra Misi\u00f3n es crear un mundo en el que las personas que trabajan en las compa\u00f1\u00edas, as\u00ed como sus clientes puedan compartir la alegr\u00eda que Cristina Bertrand experimenta en la creaci\u00f3n de sus productos y obras de arte.<\/p>\n<p>La educaci\u00f3n es esencial para una sociedad mejor y m\u00e1s arm\u00f3nica. La K\u0115y\u012d School brinda dicha educaci\u00f3n de una forma sencilla que facilita el aprendizaje as\u00ed como ofrece un profundo conocimiento de la cultura china y de su libro m\u00e1s importante de sabidur\u00eda, el Yi Jing.[\/vc_column_text][vc_column_text]<\/p>\n<h3>Responsabilidad social \u00a0 \u00a0<img class=\"size-full wp-image-9724\" src=\"http:\/\/cristinabertrand.com\/wp-content\/uploads\/2021\/07\/tiza_eng.jpg\" alt=\"\" width=\"110\" srcset=\"https:\/\/cristinabertrand.com\/wp-content\/uploads\/2021\/07\/tiza_eng.jpg 184w, https:\/\/cristinabertrand.com\/wp-content\/uploads\/2021\/07\/tiza_eng-100x100.jpg 100w, https:\/\/cristinabertrand.com\/wp-content\/uploads\/2021\/07\/tiza_eng-150x150.jpg 150w\" sizes=\"(max-width: 184px) 100vw, 184px\" \/><\/h3>\n<p>Las compa\u00f1\u00edas de Cristina Bertrand mediante el Programa \u201cNinguna Escuela sin Tiza\u201d contribuye y brinda recursos y dedicaci\u00f3n voluntaria a las escuelas rurales de China en la creencia de que las compa\u00f1\u00edas deben compartir su \u00e9xito con la sociedad.[\/vc_column_text][\/vc_column_inner][\/vc_row_inner][vc_column_text css=\u00bb.vc_custom_1626697419502{padding-top: 10px !important;padding-bottom: 30px !important;}\u00bb]Hace algunos a\u00f1os, cuando a\u00fan estaba viviendo en Estados Unidos, vi la pel\u00edcula\u00a0<em>Not One Less<\/em>, dirigida por Zhang Yimou. Me impact\u00f3 mucho la pel\u00edcula, especialmente la escena en la que el maestro contaba las tizas asignadas a la escuela. Recuerdo v\u00edvidamente la escena de la tiza pisoteada en el suelo y la palabra en chino escrita por el profesor con la \u00faltima brizna de tiza que pudo recuperar. Esa escena me inspir\u00f3 para donar recursos y mi tiempo en apoyo de las escuelas rurales en China.<\/p>\n<p>Mi lema para este proyecto es \u201c<strong>Ninguna Escuela sin Tiza<\/strong>\u201d. Para m\u00ed la tiza simboliza la transmisi\u00f3n de la sabidur\u00eda del maestro al estudiante y tambi\u00e9n el valor de las peque\u00f1as cosas, as\u00ed como el cuidado que debemos tener con los recursos que se nos encomiendan. Espero que mi contribuci\u00f3n pueda ser de ayuda para conservar simb\u00f3licamente las tizas \u2013 la sabidur\u00eda &#8211; en las escuelas rurales de China.[\/vc_column_text][vc_row_inner el_class=\u00bbfull-width-images\u00bb css=\u00bb.vc_custom_1625671865286{padding-bottom: 40px !important;}\u00bb][vc_column_inner width=\u00bb1\/3&#8243; css=\u00bb.vc_custom_1626714804100{margin-bottom: 40px !important;}\u00bb offset=\u00bbvc_col-xs-12&#8243;][vc_single_image image=\u00bb9495&#8243; img_size=\u00bbfull\u00bb][\/vc_column_inner][vc_column_inner width=\u00bb1\/3&#8243; css=\u00bb.vc_custom_1626714811181{margin-bottom: 40px !important;}\u00bb offset=\u00bbvc_col-xs-12&#8243;][vc_single_image image=\u00bb9732&#8243; img_size=\u00bbfull\u00bb][\/vc_column_inner][vc_column_inner width=\u00bb1\/3&#8243; css=\u00bb.vc_custom_1626714820258{margin-bottom: 40px !important;}\u00bb offset=\u00bbvc_col-xs-12&#8243;][vc_single_image image=\u00bb9735&#8243; img_size=\u00bbfull\u00bb][\/vc_column_inner][\/vc_row_inner][\/vc_column][\/vc_row]<\/p>\n","protected":false},"excerpt":{"rendered":"<p>[vc_row type=\u00bbfull-nopad\u00bb el_class=\u00bbbanner_fullwidth\u00bb css=\u00bb.vc_custom_1622043173299{margin-bottom: 70px !important;}\u00bb][vc_column][vc_column_text][\/vc_column_text][\/vc_column][\/vc_row][vc_row type=\u00bbfull-nopad\u00bb el_class=\u00bbbanner_fullwidth\u00bb css=\u00bb.vc_custom_1632757349425{margin-bottom: 10px !important;}\u00bb][vc_column][vc_column_text][\/vc_column_text][\/vc_column][\/vc_row][vc_row type=\u00bbboxed\u00bb el_class=\u00bbbanner_fullwidth\u00bb css=\u00bb.vc_custom_1632757343333{margin-bottom: 70px !important;}\u00bb][vc_column][vc_column_text] Fotograf\u00eda: Ricardo Serpa [\/vc_column_text][\/vc_column][\/vc_row][vc_row css=\u00bb.vc_custom_1621595952097{padding-bottom: 50px !important;}\u00bb][vc_column][vc_column_text css=\u00bb.vc_custom_1625670403032{padding-top: 20px !important;padding-bottom: 30px !important;}\u00bb] Cristina Bertrand Mi historia [\/vc_column_text][vc_row_inner][vc_column_inner width=\u00bb1\/2&#8243; css=\u00bb.vc_custom_1626697511966{padding-bottom: 20px !important;}\u00bb][vc_column_text]Nacida en Madrid, Espa\u00f1a, Cristina Bertrand obtuvo el doctorado en Filosof\u00eda y Letras en la Universidad Complutense de Madrid. &hellip;<\/p>\n","protected":false},"author":1,"featured_media":0,"parent":0,"menu_order":87,"comment_status":"closed","ping_status":"open","template":"","meta":[],"acf":[],"yoast_head":"<!-- This site is optimized with the Yoast SEO plugin v18.8 - https:\/\/yoast.com\/wordpress\/plugins\/seo\/ -->\n<title>Inicio - Cristina Bertrand<\/title>\n<meta name=\"robots\" content=\"index, follow, max-snippet:-1, max-image-preview:large, max-video-preview:-1\" \/>\n<link rel=\"canonical\" href=\"https:\/\/cristinabertrand.com\/es\/\" \/>\n<meta property=\"og:locale\" content=\"es_ES\" \/>\n<meta property=\"og:type\" content=\"article\" \/>\n<meta property=\"og:title\" content=\"Inicio - Cristina Bertrand\" \/>\n<meta property=\"og:description\" content=\"[vc_row type=\u00bbfull-nopad\u00bb el_class=\u00bbbanner_fullwidth\u00bb css=\u00bb.vc_custom_1622043173299{margin-bottom: 70px !important;}\u00bb][vc_column][vc_column_text][\/vc_column_text][\/vc_column][\/vc_row][vc_row type=\u00bbfull-nopad\u00bb el_class=\u00bbbanner_fullwidth\u00bb css=\u00bb.vc_custom_1632757349425{margin-bottom: 10px !important;}\u00bb][vc_column][vc_column_text][\/vc_column_text][\/vc_column][\/vc_row][vc_row type=\u00bbboxed\u00bb el_class=\u00bbbanner_fullwidth\u00bb css=\u00bb.vc_custom_1632757343333{margin-bottom: 70px !important;}\u00bb][vc_column][vc_column_text] Fotograf\u00eda: Ricardo Serpa [\/vc_column_text][\/vc_column][\/vc_row][vc_row css=\u00bb.vc_custom_1621595952097{padding-bottom: 50px !important;}\u00bb][vc_column][vc_column_text css=\u00bb.vc_custom_1625670403032{padding-top: 20px !important;padding-bottom: 30px !important;}\u00bb] Cristina Bertrand Mi historia [\/vc_column_text][vc_row_inner][vc_column_inner width=\u00bb1\/2&#8243; css=\u00bb.vc_custom_1626697511966{padding-bottom: 20px !important;}\u00bb][vc_column_text]Nacida en Madrid, Espa\u00f1a, Cristina Bertrand obtuvo el doctorado en Filosof\u00eda y Letras en la Universidad Complutense de Madrid. &hellip;\" \/>\n<meta property=\"og:url\" content=\"https:\/\/cristinabertrand.com\/es\/\" \/>\n<meta property=\"og:site_name\" content=\"Cristina Bertrand\" \/>\n<meta property=\"article:modified_time\" content=\"2022-06-08T14:49:11+00:00\" \/>\n<meta property=\"og:image\" content=\"http:\/\/cristinabertrand.com\/wp-content\/uploads\/2021\/07\/tiza_eng.jpg\" \/>\n<meta name=\"twitter:card\" content=\"summary\" \/>\n<meta name=\"twitter:label1\" content=\"Tiempo de lectura\" \/>\n\t<meta name=\"twitter:data1\" content=\"6 minutos\" \/>\n<script type=\"application\/ld+json\" class=\"yoast-schema-graph\">{\"@context\":\"https:\/\/schema.org\",\"@graph\":[{\"@type\":\"Organization\",\"@id\":\"https:\/\/cristinabertrand.com\/#organization\",\"name\":\"Cristina Bertrand\",\"url\":\"https:\/\/cristinabertrand.com\/\",\"sameAs\":[],\"logo\":{\"@type\":\"ImageObject\",\"inLanguage\":\"es\",\"@id\":\"https:\/\/cristinabertrand.com\/#\/schema\/logo\/image\/\",\"url\":\"https:\/\/cristinabertrand.com\/wp-content\/uploads\/2021\/07\/logo_cb_big.jpg\",\"contentUrl\":\"https:\/\/cristinabertrand.com\/wp-content\/uploads\/2021\/07\/logo_cb_big.jpg\",\"width\":396,\"height\":395,\"caption\":\"Cristina Bertrand\"},\"image\":{\"@id\":\"https:\/\/cristinabertrand.com\/#\/schema\/logo\/image\/\"}},{\"@type\":\"WebSite\",\"@id\":\"https:\/\/cristinabertrand.com\/#website\",\"url\":\"https:\/\/cristinabertrand.com\/\",\"name\":\"Cristina Bertrand\",\"description\":\"Writings, paintings, ebooks and perfume, all with art\",\"publisher\":{\"@id\":\"https:\/\/cristinabertrand.com\/#organization\"},\"potentialAction\":[{\"@type\":\"SearchAction\",\"target\":{\"@type\":\"EntryPoint\",\"urlTemplate\":\"https:\/\/cristinabertrand.com\/?s={search_term_string}\"},\"query-input\":\"required name=search_term_string\"}],\"inLanguage\":\"es\"},{\"@type\":\"ImageObject\",\"inLanguage\":\"es\",\"@id\":\"https:\/\/cristinabertrand.com\/es\/#primaryimage\",\"url\":\"https:\/\/cristinabertrand.com\/wp-content\/uploads\/2021\/07\/tiza_eng.jpg\",\"contentUrl\":\"https:\/\/cristinabertrand.com\/wp-content\/uploads\/2021\/07\/tiza_eng.jpg\",\"width\":184,\"height\":184},{\"@type\":\"WebPage\",\"@id\":\"https:\/\/cristinabertrand.com\/es\/#webpage\",\"url\":\"https:\/\/cristinabertrand.com\/es\/\",\"name\":\"Inicio - Cristina Bertrand\",\"isPartOf\":{\"@id\":\"https:\/\/cristinabertrand.com\/#website\"},\"primaryImageOfPage\":{\"@id\":\"https:\/\/cristinabertrand.com\/es\/#primaryimage\"},\"datePublished\":\"2022-03-04T01:29:01+00:00\",\"dateModified\":\"2022-06-08T14:49:11+00:00\",\"breadcrumb\":{\"@id\":\"https:\/\/cristinabertrand.com\/es\/#breadcrumb\"},\"inLanguage\":\"es\",\"potentialAction\":[{\"@type\":\"ReadAction\",\"target\":[\"https:\/\/cristinabertrand.com\/es\/\"]}]},{\"@type\":\"BreadcrumbList\",\"@id\":\"https:\/\/cristinabertrand.com\/es\/#breadcrumb\",\"itemListElement\":[{\"@type\":\"ListItem\",\"position\":1,\"name\":\"Home\",\"item\":\"https:\/\/cristinabertrand.com\/es\/\"},{\"@type\":\"ListItem\",\"position\":2,\"name\":\"Inicio\"}]}]}<\/script>\n<!-- \/ Yoast SEO plugin. -->","yoast_head_json":{"title":"Inicio - Cristina Bertrand","robots":{"index":"index","follow":"follow","max-snippet":"max-snippet:-1","max-image-preview":"max-image-preview:large","max-video-preview":"max-video-preview:-1"},"canonical":"https:\/\/cristinabertrand.com\/es\/","og_locale":"es_ES","og_type":"article","og_title":"Inicio - Cristina Bertrand","og_description":"[vc_row type=\u00bbfull-nopad\u00bb el_class=\u00bbbanner_fullwidth\u00bb css=\u00bb.vc_custom_1622043173299{margin-bottom: 70px !important;}\u00bb][vc_column][vc_column_text][\/vc_column_text][\/vc_column][\/vc_row][vc_row type=\u00bbfull-nopad\u00bb el_class=\u00bbbanner_fullwidth\u00bb css=\u00bb.vc_custom_1632757349425{margin-bottom: 10px !important;}\u00bb][vc_column][vc_column_text][\/vc_column_text][\/vc_column][\/vc_row][vc_row type=\u00bbboxed\u00bb el_class=\u00bbbanner_fullwidth\u00bb css=\u00bb.vc_custom_1632757343333{margin-bottom: 70px !important;}\u00bb][vc_column][vc_column_text] Fotograf\u00eda: Ricardo Serpa [\/vc_column_text][\/vc_column][\/vc_row][vc_row css=\u00bb.vc_custom_1621595952097{padding-bottom: 50px !important;}\u00bb][vc_column][vc_column_text css=\u00bb.vc_custom_1625670403032{padding-top: 20px !important;padding-bottom: 30px !important;}\u00bb] Cristina Bertrand Mi historia [\/vc_column_text][vc_row_inner][vc_column_inner width=\u00bb1\/2&#8243; css=\u00bb.vc_custom_1626697511966{padding-bottom: 20px !important;}\u00bb][vc_column_text]Nacida en Madrid, Espa\u00f1a, Cristina Bertrand obtuvo el doctorado en Filosof\u00eda y Letras en la Universidad Complutense de Madrid. &hellip;","og_url":"https:\/\/cristinabertrand.com\/es\/","og_site_name":"Cristina Bertrand","article_modified_time":"2022-06-08T14:49:11+00:00","og_image":[{"url":"http:\/\/cristinabertrand.com\/wp-content\/uploads\/2021\/07\/tiza_eng.jpg"}],"twitter_card":"summary","twitter_misc":{"Tiempo de lectura":"6 minutos"},"schema":{"@context":"https:\/\/schema.org","@graph":[{"@type":"Organization","@id":"https:\/\/cristinabertrand.com\/#organization","name":"Cristina Bertrand","url":"https:\/\/cristinabertrand.com\/","sameAs":[],"logo":{"@type":"ImageObject","inLanguage":"es","@id":"https:\/\/cristinabertrand.com\/#\/schema\/logo\/image\/","url":"https:\/\/cristinabertrand.com\/wp-content\/uploads\/2021\/07\/logo_cb_big.jpg","contentUrl":"https:\/\/cristinabertrand.com\/wp-content\/uploads\/2021\/07\/logo_cb_big.jpg","width":396,"height":395,"caption":"Cristina Bertrand"},"image":{"@id":"https:\/\/cristinabertrand.com\/#\/schema\/logo\/image\/"}},{"@type":"WebSite","@id":"https:\/\/cristinabertrand.com\/#website","url":"https:\/\/cristinabertrand.com\/","name":"Cristina Bertrand","description":"Writings, paintings, ebooks and perfume, all with art","publisher":{"@id":"https:\/\/cristinabertrand.com\/#organization"},"potentialAction":[{"@type":"SearchAction","target":{"@type":"EntryPoint","urlTemplate":"https:\/\/cristinabertrand.com\/?s={search_term_string}"},"query-input":"required name=search_term_string"}],"inLanguage":"es"},{"@type":"ImageObject","inLanguage":"es","@id":"https:\/\/cristinabertrand.com\/es\/#primaryimage","url":"https:\/\/cristinabertrand.com\/wp-content\/uploads\/2021\/07\/tiza_eng.jpg","contentUrl":"https:\/\/cristinabertrand.com\/wp-content\/uploads\/2021\/07\/tiza_eng.jpg","width":184,"height":184},{"@type":"WebPage","@id":"https:\/\/cristinabertrand.com\/es\/#webpage","url":"https:\/\/cristinabertrand.com\/es\/","name":"Inicio - Cristina Bertrand","isPartOf":{"@id":"https:\/\/cristinabertrand.com\/#website"},"primaryImageOfPage":{"@id":"https:\/\/cristinabertrand.com\/es\/#primaryimage"},"datePublished":"2022-03-04T01:29:01+00:00","dateModified":"2022-06-08T14:49:11+00:00","breadcrumb":{"@id":"https:\/\/cristinabertrand.com\/es\/#breadcrumb"},"inLanguage":"es","potentialAction":[{"@type":"ReadAction","target":["https:\/\/cristinabertrand.com\/es\/"]}]},{"@type":"BreadcrumbList","@id":"https:\/\/cristinabertrand.com\/es\/#breadcrumb","itemListElement":[{"@type":"ListItem","position":1,"name":"Home","item":"https:\/\/cristinabertrand.com\/es\/"},{"@type":"ListItem","position":2,"name":"Inicio"}]}]}},"_links":{"self":[{"href":"https:\/\/cristinabertrand.com\/es\/wp-json\/wp\/v2\/pages\/10770"}],"collection":[{"href":"https:\/\/cristinabertrand.com\/es\/wp-json\/wp\/v2\/pages"}],"about":[{"href":"https:\/\/cristinabertrand.com\/es\/wp-json\/wp\/v2\/types\/page"}],"author":[{"embeddable":true,"href":"https:\/\/cristinabertrand.com\/es\/wp-json\/wp\/v2\/users\/1"}],"replies":[{"embeddable":true,"href":"https:\/\/cristinabertrand.com\/es\/wp-json\/wp\/v2\/comments?post=10770"}],"version-history":[{"count":12,"href":"https:\/\/cristinabertrand.com\/es\/wp-json\/wp\/v2\/pages\/10770\/revisions"}],"predecessor-version":[{"id":12261,"href":"https:\/\/cristinabertrand.com\/es\/wp-json\/wp\/v2\/pages\/10770\/revisions\/12261"}],"wp:attachment":[{"href":"https:\/\/cristinabertrand.com\/es\/wp-json\/wp\/v2\/media?parent=10770"}],"curies":[{"name":"wp","href":"https:\/\/api.w.org\/{rel}","templated":true}]}}