{"id":10889,"date":"2022-03-09T20:28:07","date_gmt":"2022-03-09T12:28:07","guid":{"rendered":"https:\/\/cristinabertrand.com\/joyas\/"},"modified":"2024-10-22T11:55:30","modified_gmt":"2024-10-22T03:55:30","slug":"joyas","status":"publish","type":"page","link":"https:\/\/cristinabertrand.com\/es\/joyas\/","title":{"rendered":"Joyas"},"content":{"rendered":"<p>[vc_row type=\u00bbfull-nopad\u00bb el_class=\u00bbbanner_fullwidth\u00bb][vc_column][vc_column_text]<div class=\"nm-banner-slider plugin-slick pagination-color-gray slick-slider slick-dots-inside has-pagination pagination-mobile-outside pagination-left\" data-dots=\"true\" >\n\t\t\t<div class=\"nm-banner content-boxed full-width-parent image-type-fluid text-color-light subtitle-below\" style=\"\"><img src=\"https:\/\/cristinabertrand.com\/wp-content\/uploads\/2021\/07\/Joya.jpg\" alt=\"Joya\" \/>\n\t\t\t<\/div><\/div>[\/vc_column_text][\/vc_column][\/vc_row][vc_row css=\u00bb.vc_custom_1622019897501{margin-top: 80px !important;margin-bottom: 36px !important;}\u00bb][vc_column][vc_column_text]<\/p>\n<h1 class=\"gold\">Joyas<\/h1>\n<p>[\/vc_column_text][\/vc_column][\/vc_row][vc_row css=\u00bb.vc_custom_1627498979389{margin-bottom: 80px !important;}\u00bb][vc_column][vc_column_text]Los Anillos de las Almas Gemelas estar\u00e1n disponibles para su encargo en julio del 2024. Est\u00e1n hechos a medida. Si desea incorporarse a la lista de espera, por favor, escriba un correo electr\u00f3nico a <a href=\"mailto:cristina.bertrand@protonmail.com\">cristina.bertrand@protonmail.com<\/a>.<\/p>\n<p>Si desea conocer la leyenda en la que se inspir\u00f3 el dise\u00f1o del anillo, puede descargar los siguientes PDF:<\/p>\n<ul>\n<li><a href=\"http:\/\/cristinabertrand.com\/wp-content\/uploads\/2024\/09\/LA-LEYENDA-DE-LOS-ANILLOS-DE-LAS-ALMAS-GEMELAS-EL-PODER-DE-LOS-ANILLOS.pdf\" target=\"_blank\" rel=\"noopener\">LA LEYENDA DE LOS ANILLOS DE LAS ALMAS GEMELAS &#8211; EL PODER DE LOS ANILLOS<\/a><\/li>\n<\/ul>\n<p>[\/vc_column_text][\/vc_column][\/vc_row]<\/p>\n","protected":false},"excerpt":{"rendered":"<p>[vc_row type=\u00bbfull-nopad\u00bb el_class=\u00bbbanner_fullwidth\u00bb][vc_column][vc_column_text][\/vc_column_text][\/vc_column][\/vc_row][vc_row css=\u00bb.vc_custom_1622019897501{margin-top: 80px !important;margin-bottom: 36px !important;}\u00bb][vc_column][vc_column_text] Joyas [\/vc_column_text][\/vc_column][\/vc_row][vc_row css=\u00bb.vc_custom_1627498979389{margin-bottom: 80px !important;}\u00bb][vc_column][vc_column_text]Los Anillos de las Almas Gemelas estar\u00e1n disponibles para su encargo en julio del 2024. Est\u00e1n hechos a medida. Si desea incorporarse a la lista de espera, por favor, escriba un correo electr\u00f3nico a cristina.bertrand@protonmail.com. Si desea conocer la leyenda en la que &hellip;<\/p>\n","protected":false},"author":1,"featured_media":0,"parent":0,"menu_order":89,"comment_status":"closed","ping_status":"closed","template":"","meta":[],"acf":[],"yoast_head":"<!-- This site is optimized with the Yoast SEO plugin v18.8 - https:\/\/yoast.com\/wordpress\/plugins\/seo\/ -->\n<title>Joyas - Cristina Bertrand<\/title>\n<meta name=\"robots\" content=\"index, follow, max-snippet:-1, max-image-preview:large, max-video-preview:-1\" \/>\n<link rel=\"canonical\" href=\"https:\/\/cristinabertrand.com\/es\/joyas\/\" \/>\n<meta property=\"og:locale\" content=\"es_ES\" \/>\n<meta property=\"og:type\" content=\"article\" \/>\n<meta property=\"og:title\" content=\"Joyas - Cristina Bertrand\" \/>\n<meta property=\"og:description\" content=\"[vc_row type=\u00bbfull-nopad\u00bb el_class=\u00bbbanner_fullwidth\u00bb][vc_column][vc_column_text][\/vc_column_text][\/vc_column][\/vc_row][vc_row css=\u00bb.vc_custom_1622019897501{margin-top: 80px !important;margin-bottom: 36px !important;}\u00bb][vc_column][vc_column_text] Joyas [\/vc_column_text][\/vc_column][\/vc_row][vc_row css=\u00bb.vc_custom_1627498979389{margin-bottom: 80px !important;}\u00bb][vc_column][vc_column_text]Los Anillos de las Almas Gemelas estar\u00e1n disponibles para su encargo en julio del 2024. Est\u00e1n hechos a medida. Si desea incorporarse a la lista de espera, por favor, escriba un correo electr\u00f3nico a cristina.bertrand@protonmail.com. Si desea conocer la leyenda en la que &hellip;\" \/>\n<meta property=\"og:url\" content=\"https:\/\/cristinabertrand.com\/es\/joyas\/\" \/>\n<meta property=\"og:site_name\" content=\"Cristina Bertrand\" \/>\n<meta property=\"article:modified_time\" content=\"2024-10-22T03:55:30+00:00\" \/>\n<meta name=\"twitter:card\" content=\"summary\" \/>\n<meta name=\"twitter:label1\" content=\"Tiempo de lectura\" \/>\n\t<meta name=\"twitter:data1\" content=\"1 minuto\" \/>\n<script type=\"application\/ld+json\" class=\"yoast-schema-graph\">{\"@context\":\"https:\/\/schema.org\",\"@graph\":[{\"@type\":\"Organization\",\"@id\":\"https:\/\/cristinabertrand.com\/#organization\",\"name\":\"Cristina Bertrand\",\"url\":\"https:\/\/cristinabertrand.com\/\",\"sameAs\":[],\"logo\":{\"@type\":\"ImageObject\",\"inLanguage\":\"es\",\"@id\":\"https:\/\/cristinabertrand.com\/#\/schema\/logo\/image\/\",\"url\":\"https:\/\/cristinabertrand.com\/wp-content\/uploads\/2021\/07\/logo_cb_big.jpg\",\"contentUrl\":\"https:\/\/cristinabertrand.com\/wp-content\/uploads\/2021\/07\/logo_cb_big.jpg\",\"width\":396,\"height\":395,\"caption\":\"Cristina Bertrand\"},\"image\":{\"@id\":\"https:\/\/cristinabertrand.com\/#\/schema\/logo\/image\/\"}},{\"@type\":\"WebSite\",\"@id\":\"https:\/\/cristinabertrand.com\/#website\",\"url\":\"https:\/\/cristinabertrand.com\/\",\"name\":\"Cristina Bertrand\",\"description\":\"Writings, paintings, ebooks and perfume, all with art\",\"publisher\":{\"@id\":\"https:\/\/cristinabertrand.com\/#organization\"},\"potentialAction\":[{\"@type\":\"SearchAction\",\"target\":{\"@type\":\"EntryPoint\",\"urlTemplate\":\"https:\/\/cristinabertrand.com\/?s={search_term_string}\"},\"query-input\":\"required name=search_term_string\"}],\"inLanguage\":\"es\"},{\"@type\":\"WebPage\",\"@id\":\"https:\/\/cristinabertrand.com\/es\/joyas\/#webpage\",\"url\":\"https:\/\/cristinabertrand.com\/es\/joyas\/\",\"name\":\"Joyas - Cristina Bertrand\",\"isPartOf\":{\"@id\":\"https:\/\/cristinabertrand.com\/#website\"},\"datePublished\":\"2022-03-09T12:28:07+00:00\",\"dateModified\":\"2024-10-22T03:55:30+00:00\",\"breadcrumb\":{\"@id\":\"https:\/\/cristinabertrand.com\/es\/joyas\/#breadcrumb\"},\"inLanguage\":\"es\",\"potentialAction\":[{\"@type\":\"ReadAction\",\"target\":[\"https:\/\/cristinabertrand.com\/es\/joyas\/\"]}]},{\"@type\":\"BreadcrumbList\",\"@id\":\"https:\/\/cristinabertrand.com\/es\/joyas\/#breadcrumb\",\"itemListElement\":[{\"@type\":\"ListItem\",\"position\":1,\"name\":\"Home\",\"item\":\"https:\/\/cristinabertrand.com\/es\/\"},{\"@type\":\"ListItem\",\"position\":2,\"name\":\"Joyas\"}]}]}<\/script>\n<!-- \/ Yoast SEO plugin. -->","yoast_head_json":{"title":"Joyas - Cristina Bertrand","robots":{"index":"index","follow":"follow","max-snippet":"max-snippet:-1","max-image-preview":"max-image-preview:large","max-video-preview":"max-video-preview:-1"},"canonical":"https:\/\/cristinabertrand.com\/es\/joyas\/","og_locale":"es_ES","og_type":"article","og_title":"Joyas - Cristina Bertrand","og_description":"[vc_row type=\u00bbfull-nopad\u00bb el_class=\u00bbbanner_fullwidth\u00bb][vc_column][vc_column_text][\/vc_column_text][\/vc_column][\/vc_row][vc_row css=\u00bb.vc_custom_1622019897501{margin-top: 80px !important;margin-bottom: 36px !important;}\u00bb][vc_column][vc_column_text] Joyas [\/vc_column_text][\/vc_column][\/vc_row][vc_row css=\u00bb.vc_custom_1627498979389{margin-bottom: 80px !important;}\u00bb][vc_column][vc_column_text]Los Anillos de las Almas Gemelas estar\u00e1n disponibles para su encargo en julio del 2024. Est\u00e1n hechos a medida. Si desea incorporarse a la lista de espera, por favor, escriba un correo electr\u00f3nico a cristina.bertrand@protonmail.com. Si desea conocer la leyenda en la que &hellip;","og_url":"https:\/\/cristinabertrand.com\/es\/joyas\/","og_site_name":"Cristina Bertrand","article_modified_time":"2024-10-22T03:55:30+00:00","twitter_card":"summary","twitter_misc":{"Tiempo de lectura":"1 minuto"},"schema":{"@context":"https:\/\/schema.org","@graph":[{"@type":"Organization","@id":"https:\/\/cristinabertrand.com\/#organization","name":"Cristina Bertrand","url":"https:\/\/cristinabertrand.com\/","sameAs":[],"logo":{"@type":"ImageObject","inLanguage":"es","@id":"https:\/\/cristinabertrand.com\/#\/schema\/logo\/image\/","url":"https:\/\/cristinabertrand.com\/wp-content\/uploads\/2021\/07\/logo_cb_big.jpg","contentUrl":"https:\/\/cristinabertrand.com\/wp-content\/uploads\/2021\/07\/logo_cb_big.jpg","width":396,"height":395,"caption":"Cristina Bertrand"},"image":{"@id":"https:\/\/cristinabertrand.com\/#\/schema\/logo\/image\/"}},{"@type":"WebSite","@id":"https:\/\/cristinabertrand.com\/#website","url":"https:\/\/cristinabertrand.com\/","name":"Cristina Bertrand","description":"Writings, paintings, ebooks and perfume, all with art","publisher":{"@id":"https:\/\/cristinabertrand.com\/#organization"},"potentialAction":[{"@type":"SearchAction","target":{"@type":"EntryPoint","urlTemplate":"https:\/\/cristinabertrand.com\/?s={search_term_string}"},"query-input":"required name=search_term_string"}],"inLanguage":"es"},{"@type":"WebPage","@id":"https:\/\/cristinabertrand.com\/es\/joyas\/#webpage","url":"https:\/\/cristinabertrand.com\/es\/joyas\/","name":"Joyas - Cristina Bertrand","isPartOf":{"@id":"https:\/\/cristinabertrand.com\/#website"},"datePublished":"2022-03-09T12:28:07+00:00","dateModified":"2024-10-22T03:55:30+00:00","breadcrumb":{"@id":"https:\/\/cristinabertrand.com\/es\/joyas\/#breadcrumb"},"inLanguage":"es","potentialAction":[{"@type":"ReadAction","target":["https:\/\/cristinabertrand.com\/es\/joyas\/"]}]},{"@type":"BreadcrumbList","@id":"https:\/\/cristinabertrand.com\/es\/joyas\/#breadcrumb","itemListElement":[{"@type":"ListItem","position":1,"name":"Home","item":"https:\/\/cristinabertrand.com\/es\/"},{"@type":"ListItem","position":2,"name":"Joyas"}]}]}},"_links":{"self":[{"href":"https:\/\/cristinabertrand.com\/es\/wp-json\/wp\/v2\/pages\/10889"}],"collection":[{"href":"https:\/\/cristinabertrand.com\/es\/wp-json\/wp\/v2\/pages"}],"about":[{"href":"https:\/\/cristinabertrand.com\/es\/wp-json\/wp\/v2\/types\/page"}],"author":[{"embeddable":true,"href":"https:\/\/cristinabertrand.com\/es\/wp-json\/wp\/v2\/users\/1"}],"replies":[{"embeddable":true,"href":"https:\/\/cristinabertrand.com\/es\/wp-json\/wp\/v2\/comments?post=10889"}],"version-history":[{"count":7,"href":"https:\/\/cristinabertrand.com\/es\/wp-json\/wp\/v2\/pages\/10889\/revisions"}],"predecessor-version":[{"id":17531,"href":"https:\/\/cristinabertrand.com\/es\/wp-json\/wp\/v2\/pages\/10889\/revisions\/17531"}],"wp:attachment":[{"href":"https:\/\/cristinabertrand.com\/es\/wp-json\/wp\/v2\/media?parent=10889"}],"curies":[{"name":"wp","href":"https:\/\/api.w.org\/{rel}","templated":true}]}}