{"id":10902,"date":"2022-03-09T20:36:35","date_gmt":"2022-03-09T12:36:35","guid":{"rendered":"https:\/\/cristinabertrand.com\/hong-kong\/"},"modified":"2024-10-21T14:33:22","modified_gmt":"2024-10-21T06:33:22","slug":"hong-kong","status":"publish","type":"page","link":"https:\/\/cristinabertrand.com\/es\/hong-kong\/","title":{"rendered":"Hong Kong"},"content":{"rendered":"<p>[vc_row][vc_column][vc_column_text css=\u00bb.vc_custom_1625668772687{padding-top: 70px !important;padding-bottom: 40px !important;}\u00bb]<\/p>\n<h1 class=\"gold\">Cuadros<\/h1>\n<h2>Hong Kong<\/h2>\n<p>[\/vc_column_text][vc_masonry_grid post_type=\u00bbportfolio\u00bb max_items=\u00bb-1&#8243; element_width=\u00bb2&#8243; gap=\u00bb0&#8243; orderby=\u00bbmenu_order\u00bb order=\u00bbASC\u00bb item=\u00bbbasicGrid_NoAnimation\u00bb grid_id=\u00bbvc_gid:1625668762924-b9e60394-86e9-8&#8243; css=\u00bb.vc_custom_1625668784620{padding-bottom: 40px !important;}\u00bb taxonomies=\u00bb103&#8243;][vc_empty_space][\/vc_column][\/vc_row]<\/p>\n","protected":false},"excerpt":{"rendered":"<p>[vc_row][vc_column][vc_column_text css=\u00bb.vc_custom_1625668772687{padding-top: 70px !important;padding-bottom: 40px !important;}\u00bb] Cuadros Hong Kong [\/vc_column_text][vc_masonry_grid post_type=\u00bbportfolio\u00bb max_items=\u00bb-1&#8243; element_width=\u00bb2&#8243; gap=\u00bb0&#8243; orderby=\u00bbmenu_order\u00bb order=\u00bbASC\u00bb item=\u00bbbasicGrid_NoAnimation\u00bb grid_id=\u00bbvc_gid:1625668762924-b9e60394-86e9-8&#8243; css=\u00bb.vc_custom_1625668784620{padding-bottom: 40px !important;}\u00bb taxonomies=\u00bb103&#8243;][vc_empty_space][\/vc_column][\/vc_row]<\/p>\n","protected":false},"author":1,"featured_media":0,"parent":0,"menu_order":59,"comment_status":"closed","ping_status":"closed","template":"","meta":[],"acf":[],"yoast_head":"<!-- This site is optimized with the Yoast SEO plugin v18.8 - https:\/\/yoast.com\/wordpress\/plugins\/seo\/ -->\n<title>Colecci\u00f3n de cuadros de Cristina Bertrand<\/title>\n<meta name=\"description\" content=\"Cuadros de Yi Jing, Espa\u00f1a, California, Los \u00c1ngeles, Miami, Shanghai, flores y retratos.\" \/>\n<meta name=\"robots\" content=\"index, follow, max-snippet:-1, max-image-preview:large, max-video-preview:-1\" \/>\n<link rel=\"canonical\" href=\"https:\/\/cristinabertrand.com\/hong-kong\/\" \/>\n<meta property=\"og:locale\" content=\"es_ES\" \/>\n<meta property=\"og:type\" content=\"article\" \/>\n<meta property=\"og:title\" content=\"Colecci\u00f3n de cuadros de Cristina Bertrand\" \/>\n<meta property=\"og:description\" content=\"Cuadros de Yi Jing, Espa\u00f1a, California, Los \u00c1ngeles, Miami, Shanghai, flores y retratos.\" \/>\n<meta property=\"og:url\" content=\"https:\/\/cristinabertrand.com\/hong-kong\/\" \/>\n<meta property=\"og:site_name\" content=\"Cristina Bertrand\" \/>\n<meta property=\"article:modified_time\" content=\"2024-10-21T06:33:22+00:00\" \/>\n<meta name=\"twitter:card\" content=\"summary\" \/>\n<script type=\"application\/ld+json\" class=\"yoast-schema-graph\">{\"@context\":\"https:\/\/schema.org\",\"@graph\":[{\"@type\":\"Organization\",\"@id\":\"https:\/\/cristinabertrand.com\/#organization\",\"name\":\"Cristina Bertrand\",\"url\":\"https:\/\/cristinabertrand.com\/\",\"sameAs\":[],\"logo\":{\"@type\":\"ImageObject\",\"inLanguage\":\"es\",\"@id\":\"https:\/\/cristinabertrand.com\/#\/schema\/logo\/image\/\",\"url\":\"https:\/\/cristinabertrand.com\/wp-content\/uploads\/2021\/07\/logo_cb_big.jpg\",\"contentUrl\":\"https:\/\/cristinabertrand.com\/wp-content\/uploads\/2021\/07\/logo_cb_big.jpg\",\"width\":396,\"height\":395,\"caption\":\"Cristina Bertrand\"},\"image\":{\"@id\":\"https:\/\/cristinabertrand.com\/#\/schema\/logo\/image\/\"}},{\"@type\":\"WebSite\",\"@id\":\"https:\/\/cristinabertrand.com\/#website\",\"url\":\"https:\/\/cristinabertrand.com\/\",\"name\":\"Cristina Bertrand\",\"description\":\"Writings, paintings, ebooks and perfume, all with art\",\"publisher\":{\"@id\":\"https:\/\/cristinabertrand.com\/#organization\"},\"potentialAction\":[{\"@type\":\"SearchAction\",\"target\":{\"@type\":\"EntryPoint\",\"urlTemplate\":\"https:\/\/cristinabertrand.com\/?s={search_term_string}\"},\"query-input\":\"required name=search_term_string\"}],\"inLanguage\":\"es\"},{\"@type\":\"WebPage\",\"@id\":\"https:\/\/cristinabertrand.com\/hong-kong\/#webpage\",\"url\":\"https:\/\/cristinabertrand.com\/hong-kong\/\",\"name\":\"Colecci\u00f3n de cuadros de Cristina Bertrand\",\"isPartOf\":{\"@id\":\"https:\/\/cristinabertrand.com\/#website\"},\"datePublished\":\"2022-03-09T12:36:35+00:00\",\"dateModified\":\"2024-10-21T06:33:22+00:00\",\"description\":\"Cuadros de Yi Jing, Espa\u00f1a, California, Los \u00c1ngeles, Miami, Shanghai, flores y retratos.\",\"breadcrumb\":{\"@id\":\"https:\/\/cristinabertrand.com\/hong-kong\/#breadcrumb\"},\"inLanguage\":\"es\",\"potentialAction\":[{\"@type\":\"ReadAction\",\"target\":[\"https:\/\/cristinabertrand.com\/hong-kong\/\"]}]},{\"@type\":\"BreadcrumbList\",\"@id\":\"https:\/\/cristinabertrand.com\/hong-kong\/#breadcrumb\",\"itemListElement\":[{\"@type\":\"ListItem\",\"position\":1,\"name\":\"Home\",\"item\":\"https:\/\/cristinabertrand.com\/es\/\"},{\"@type\":\"ListItem\",\"position\":2,\"name\":\"Hong Kong\"}]}]}<\/script>\n<!-- \/ Yoast SEO plugin. -->","yoast_head_json":{"title":"Colecci\u00f3n de cuadros de Cristina Bertrand","description":"Cuadros de Yi Jing, Espa\u00f1a, California, Los \u00c1ngeles, Miami, Shanghai, flores y retratos.","robots":{"index":"index","follow":"follow","max-snippet":"max-snippet:-1","max-image-preview":"max-image-preview:large","max-video-preview":"max-video-preview:-1"},"canonical":"https:\/\/cristinabertrand.com\/hong-kong\/","og_locale":"es_ES","og_type":"article","og_title":"Colecci\u00f3n de cuadros de Cristina Bertrand","og_description":"Cuadros de Yi Jing, Espa\u00f1a, California, Los \u00c1ngeles, Miami, Shanghai, flores y retratos.","og_url":"https:\/\/cristinabertrand.com\/hong-kong\/","og_site_name":"Cristina Bertrand","article_modified_time":"2024-10-21T06:33:22+00:00","twitter_card":"summary","schema":{"@context":"https:\/\/schema.org","@graph":[{"@type":"Organization","@id":"https:\/\/cristinabertrand.com\/#organization","name":"Cristina Bertrand","url":"https:\/\/cristinabertrand.com\/","sameAs":[],"logo":{"@type":"ImageObject","inLanguage":"es","@id":"https:\/\/cristinabertrand.com\/#\/schema\/logo\/image\/","url":"https:\/\/cristinabertrand.com\/wp-content\/uploads\/2021\/07\/logo_cb_big.jpg","contentUrl":"https:\/\/cristinabertrand.com\/wp-content\/uploads\/2021\/07\/logo_cb_big.jpg","width":396,"height":395,"caption":"Cristina Bertrand"},"image":{"@id":"https:\/\/cristinabertrand.com\/#\/schema\/logo\/image\/"}},{"@type":"WebSite","@id":"https:\/\/cristinabertrand.com\/#website","url":"https:\/\/cristinabertrand.com\/","name":"Cristina Bertrand","description":"Writings, paintings, ebooks and perfume, all with art","publisher":{"@id":"https:\/\/cristinabertrand.com\/#organization"},"potentialAction":[{"@type":"SearchAction","target":{"@type":"EntryPoint","urlTemplate":"https:\/\/cristinabertrand.com\/?s={search_term_string}"},"query-input":"required name=search_term_string"}],"inLanguage":"es"},{"@type":"WebPage","@id":"https:\/\/cristinabertrand.com\/hong-kong\/#webpage","url":"https:\/\/cristinabertrand.com\/hong-kong\/","name":"Colecci\u00f3n de cuadros de Cristina Bertrand","isPartOf":{"@id":"https:\/\/cristinabertrand.com\/#website"},"datePublished":"2022-03-09T12:36:35+00:00","dateModified":"2024-10-21T06:33:22+00:00","description":"Cuadros de Yi Jing, Espa\u00f1a, California, Los \u00c1ngeles, Miami, Shanghai, flores y retratos.","breadcrumb":{"@id":"https:\/\/cristinabertrand.com\/hong-kong\/#breadcrumb"},"inLanguage":"es","potentialAction":[{"@type":"ReadAction","target":["https:\/\/cristinabertrand.com\/hong-kong\/"]}]},{"@type":"BreadcrumbList","@id":"https:\/\/cristinabertrand.com\/hong-kong\/#breadcrumb","itemListElement":[{"@type":"ListItem","position":1,"name":"Home","item":"https:\/\/cristinabertrand.com\/es\/"},{"@type":"ListItem","position":2,"name":"Hong Kong"}]}]}},"_links":{"self":[{"href":"https:\/\/cristinabertrand.com\/es\/wp-json\/wp\/v2\/pages\/10902"}],"collection":[{"href":"https:\/\/cristinabertrand.com\/es\/wp-json\/wp\/v2\/pages"}],"about":[{"href":"https:\/\/cristinabertrand.com\/es\/wp-json\/wp\/v2\/types\/page"}],"author":[{"embeddable":true,"href":"https:\/\/cristinabertrand.com\/es\/wp-json\/wp\/v2\/users\/1"}],"replies":[{"embeddable":true,"href":"https:\/\/cristinabertrand.com\/es\/wp-json\/wp\/v2\/comments?post=10902"}],"version-history":[{"count":8,"href":"https:\/\/cristinabertrand.com\/es\/wp-json\/wp\/v2\/pages\/10902\/revisions"}],"predecessor-version":[{"id":17882,"href":"https:\/\/cristinabertrand.com\/es\/wp-json\/wp\/v2\/pages\/10902\/revisions\/17882"}],"wp:attachment":[{"href":"https:\/\/cristinabertrand.com\/es\/wp-json\/wp\/v2\/media?parent=10902"}],"curies":[{"name":"wp","href":"https:\/\/api.w.org\/{rel}","templated":true}]}}