{"id":10921,"date":"2022-03-09T20:45:46","date_gmt":"2022-03-09T12:45:46","guid":{"rendered":"https:\/\/cristinabertrand.com\/ensayos\/"},"modified":"2024-11-11T16:55:43","modified_gmt":"2024-11-11T08:55:43","slug":"ensayos","status":"publish","type":"page","link":"https:\/\/cristinabertrand.com\/es\/ensayos\/","title":{"rendered":"Ensayos"},"content":{"rendered":"<p>[vc_row][vc_column][vc_column_text]<\/p>\n<h1 class=\"gold\" style=\"text-align: center;\">Ensayos<\/h1>\n<p>[\/vc_column_text][vc_empty_space][vc_separator][vc_column_text css=\u00bb.vc_custom_1626280758637{padding-top: 40px !important;}\u00bb]Por favor, haga clic para descargar el archivo PDF[\/vc_column_text][\/vc_column][\/vc_row][vc_row el_class=\u00bbthoughts\u00bb][vc_column width=\u00bb1\/2&#8243;][vc_empty_space][vc_column_text el_class=\u00bblinks-pdf\u00bb]<\/p>\n<h2 style=\"text-align: left;\">YI JING<\/h2>\n<p><a href=\"http:\/\/cristinabertrand.com\/wp-content\/uploads\/2016\/06\/YI-JING.pdf\" target=\"_blank\" rel=\"noopener\">YI Jing- Wisdom, Leadership, Ethics. Case Study<\/a><br \/>\n<a href=\"http:\/\/cristinabertrand.com\/wp-content\/uploads\/2016\/06\/Learningfrom.pdf\">Learning from Nature<\/a>[\/vc_column_text][vc_empty_space][vc_column_text el_class=\u00bblinks-pdf\u00bb]<\/p>\n<h2 style=\"text-align: left;\">K\u0115y\u012d<\/h2>\n<p><a href=\"http:\/\/cristinabertrand.com\/wp-content\/uploads\/2016\/06\/Are-We-Forgetting-the-Words-Keyi-System.pdf\" target=\"_blank\" rel=\"noopener\">Are We Forgetting the Words<\/a><br \/>\n<a href=\"http:\/\/cristinabertrand.com\/wp-content\/uploads\/2016\/06\/The-Keyi-System.pdf\" target=\"_blank\" rel=\"noopener\">The K\u0115y\u012d System<\/a>[\/vc_column_text][vc_empty_space][vc_column_text el_class=\u00bblinks-pdf\u00bb]<\/p>\n<h2 style=\"text-align: left;\">ENSAYOS<\/h2>\n<p><a href=\"http:\/\/cristinabertrand.com\/wp-content\/uploads\/2016\/06\/WSPACE.pdf\" target=\"_blank\" rel=\"noopener\">Space and Time: Causality or Intuition?<\/a><br \/>\n<a href=\"http:\/\/cristinabertrand.com\/wp-content\/uploads\/2016\/06\/Stop_Competition-CB-May_2013.pdf\" target=\"_blank\" rel=\"noopener\">Stop Competition<\/a><br \/>\n<a href=\"http:\/\/cristinabertrand.com\/wp-content\/uploads\/2016\/06\/Forging_Alliances_-_The_Art_of_Doing_Business-CB-June_2014.pdf\" target=\"_blank\" rel=\"noopener\">Forging Alliances: The Art of Doing Business<\/a><br \/>\n<a href=\"http:\/\/cristinabertrand.com\/wp-content\/uploads\/2016\/06\/DoesLi.pdf\" target=\"_blank\" rel=\"noopener\">Does Li Have a Parallelism with Leibnizian Concept of Spiritual Substance?<\/a><br \/>\n<a href=\"http:\/\/cristinabertrand.com\/wp-content\/uploads\/2016\/06\/Chaos-and-Cosmos-Grammar.pdf\" target=\"_blank\" rel=\"noopener\">Chaos and Cosmos &#8211; Grammar<\/a>[\/vc_column_text][vc_empty_space][\/vc_column][vc_column width=\u00bb1\/2&#8243;][vc_empty_space][vc_column_text el_class=\u00bblinks-pdf\u00bb]<\/p>\n<h2 style=\"text-align: left;\">K\u0115y\u012d<\/h2>\n<p><a href=\"http:\/\/cristinabertrand.com\/wp-content\/uploads\/2016\/06\/Sistema_Keyi_vs_Metodo_Comunicativo.pdf\" target=\"_blank\" rel=\"noopener\">Sistema K\u0115y\u012d vs M\u00e9todo comunicativo<\/a>[\/vc_column_text][vc_empty_space][vc_column_text el_class=\u00bblinks-pdf\u00bb]<\/p>\n<h2 style=\"text-align: left;\">EDUCACI\u00d3N<\/h2>\n<p><a href=\"http:\/\/cristinabertrand.com\/wp-content\/uploads\/2016\/06\/APRENDERNOES.pdf\" target=\"_blank\" rel=\"noopener\">Aprender no es jugar<\/a><br \/>\n<a href=\"http:\/\/cristinabertrand.com\/wp-content\/uploads\/2016\/06\/Yo_no_soy_una_facilitadora.pdf\" target=\"_blank\" rel=\"noopener\">Yo no soy una facilitadora<\/a><br \/>\n<a href=\"http:\/\/cristinabertrand.com\/wp-content\/uploads\/2016\/06\/PORUNACLASE.pdf\">Por una clase vac\u00eda<\/a><br \/>\n<a href=\"http:\/\/cristinabertrand.com\/wp-content\/uploads\/2016\/06\/S\u00f3lo_se_necesitan_las_palabras.pdf\" target=\"_blank\" rel=\"noopener\">S\u00f3lo se necesitan las palabras<\/a>[\/vc_column_text][vc_empty_space][vc_column_text el_class=\u00bblinks-pdf\u00bb]<\/p>\n<h2 style=\"text-align: left;\">ENSAYOS<\/h2>\n<p><a href=\"http:\/\/cristinabertrand.com\/wp-content\/uploads\/2016\/06\/Geografia-Urbana.pdf\" target=\"_blank\" rel=\"noopener\">Geograf\u00eda Urbana<\/a>[\/vc_column_text][vc_empty_space][\/vc_column][\/vc_row][vc_row el_class=\u00bbnm-portfolio-single-footer\u00bb][vc_column width=\u00bb1\/3&#8243;][vc_column_text]<a href=\"https:\/\/cristinabertrand.com\/dissertations\/\">Tesis doctoral<\/a>[\/vc_column_text][\/vc_column][vc_column width=\u00bb1\/3&#8243;][\/vc_column][vc_column width=\u00bb1\/3&#8243;][\/vc_column][\/vc_row]<\/p>\n","protected":false},"excerpt":{"rendered":"<p>[vc_row][vc_column][vc_column_text] Ensayos [\/vc_column_text][vc_empty_space][vc_separator][vc_column_text css=\u00bb.vc_custom_1626280758637{padding-top: 40px !important;}\u00bb]Por favor, haga clic para descargar el archivo PDF[\/vc_column_text][\/vc_column][\/vc_row][vc_row el_class=\u00bbthoughts\u00bb][vc_column width=\u00bb1\/2&#8243;][vc_empty_space][vc_column_text el_class=\u00bblinks-pdf\u00bb] YI JING YI Jing- Wisdom, Leadership, Ethics. Case Study Learning from Nature[\/vc_column_text][vc_empty_space][vc_column_text el_class=\u00bblinks-pdf\u00bb] K\u0115y\u012d Are We Forgetting the Words The K\u0115y\u012d System[\/vc_column_text][vc_empty_space][vc_column_text el_class=\u00bblinks-pdf\u00bb] ENSAYOS Space and Time: Causality or Intuition? Stop Competition Forging Alliances: The Art of Doing &hellip;<\/p>\n","protected":false},"author":1,"featured_media":0,"parent":0,"menu_order":81,"comment_status":"closed","ping_status":"closed","template":"","meta":[],"acf":[],"yoast_head":"<!-- This site is optimized with the Yoast SEO plugin v18.8 - https:\/\/yoast.com\/wordpress\/plugins\/seo\/ -->\n<title>Colecci\u00f3n de ensayos de Christina Bertrand<\/title>\n<meta name=\"description\" content=\"Filosof\u00eda, cultura china, educaci\u00f3n, arte, negocios, prosa, m\u00e9todos de aprendizaje.\" \/>\n<meta name=\"robots\" content=\"index, follow, max-snippet:-1, max-image-preview:large, max-video-preview:-1\" \/>\n<link rel=\"canonical\" href=\"https:\/\/cristinabertrand.com\/es\/ensayos\/\" \/>\n<meta property=\"og:locale\" content=\"es_ES\" \/>\n<meta property=\"og:type\" content=\"article\" \/>\n<meta property=\"og:title\" content=\"Colecci\u00f3n de ensayos de Christina Bertrand\" \/>\n<meta property=\"og:description\" content=\"Filosof\u00eda, cultura china, educaci\u00f3n, arte, negocios, prosa, m\u00e9todos de aprendizaje.\" \/>\n<meta property=\"og:url\" content=\"https:\/\/cristinabertrand.com\/es\/ensayos\/\" \/>\n<meta property=\"og:site_name\" content=\"Cristina Bertrand\" \/>\n<meta property=\"article:modified_time\" content=\"2024-11-11T08:55:43+00:00\" \/>\n<meta name=\"twitter:card\" content=\"summary\" \/>\n<meta name=\"twitter:label1\" content=\"Tiempo de lectura\" \/>\n\t<meta name=\"twitter:data1\" content=\"1 minuto\" \/>\n<script type=\"application\/ld+json\" class=\"yoast-schema-graph\">{\"@context\":\"https:\/\/schema.org\",\"@graph\":[{\"@type\":\"Organization\",\"@id\":\"https:\/\/cristinabertrand.com\/#organization\",\"name\":\"Cristina Bertrand\",\"url\":\"https:\/\/cristinabertrand.com\/\",\"sameAs\":[],\"logo\":{\"@type\":\"ImageObject\",\"inLanguage\":\"es\",\"@id\":\"https:\/\/cristinabertrand.com\/#\/schema\/logo\/image\/\",\"url\":\"https:\/\/cristinabertrand.com\/wp-content\/uploads\/2021\/07\/logo_cb_big.jpg\",\"contentUrl\":\"https:\/\/cristinabertrand.com\/wp-content\/uploads\/2021\/07\/logo_cb_big.jpg\",\"width\":396,\"height\":395,\"caption\":\"Cristina Bertrand\"},\"image\":{\"@id\":\"https:\/\/cristinabertrand.com\/#\/schema\/logo\/image\/\"}},{\"@type\":\"WebSite\",\"@id\":\"https:\/\/cristinabertrand.com\/#website\",\"url\":\"https:\/\/cristinabertrand.com\/\",\"name\":\"Cristina Bertrand\",\"description\":\"Writings, paintings, ebooks and perfume, all with art\",\"publisher\":{\"@id\":\"https:\/\/cristinabertrand.com\/#organization\"},\"potentialAction\":[{\"@type\":\"SearchAction\",\"target\":{\"@type\":\"EntryPoint\",\"urlTemplate\":\"https:\/\/cristinabertrand.com\/?s={search_term_string}\"},\"query-input\":\"required name=search_term_string\"}],\"inLanguage\":\"es\"},{\"@type\":\"WebPage\",\"@id\":\"https:\/\/cristinabertrand.com\/es\/ensayos\/#webpage\",\"url\":\"https:\/\/cristinabertrand.com\/es\/ensayos\/\",\"name\":\"Colecci\u00f3n de ensayos de Christina Bertrand\",\"isPartOf\":{\"@id\":\"https:\/\/cristinabertrand.com\/#website\"},\"datePublished\":\"2022-03-09T12:45:46+00:00\",\"dateModified\":\"2024-11-11T08:55:43+00:00\",\"description\":\"Filosof\u00eda, cultura china, educaci\u00f3n, arte, negocios, prosa, m\u00e9todos de aprendizaje.\",\"breadcrumb\":{\"@id\":\"https:\/\/cristinabertrand.com\/es\/ensayos\/#breadcrumb\"},\"inLanguage\":\"es\",\"potentialAction\":[{\"@type\":\"ReadAction\",\"target\":[\"https:\/\/cristinabertrand.com\/es\/ensayos\/\"]}]},{\"@type\":\"BreadcrumbList\",\"@id\":\"https:\/\/cristinabertrand.com\/es\/ensayos\/#breadcrumb\",\"itemListElement\":[{\"@type\":\"ListItem\",\"position\":1,\"name\":\"Home\",\"item\":\"https:\/\/cristinabertrand.com\/es\/\"},{\"@type\":\"ListItem\",\"position\":2,\"name\":\"Ensayos\"}]}]}<\/script>\n<!-- \/ Yoast SEO plugin. -->","yoast_head_json":{"title":"Colecci\u00f3n de ensayos de Christina Bertrand","description":"Filosof\u00eda, cultura china, educaci\u00f3n, arte, negocios, prosa, m\u00e9todos de aprendizaje.","robots":{"index":"index","follow":"follow","max-snippet":"max-snippet:-1","max-image-preview":"max-image-preview:large","max-video-preview":"max-video-preview:-1"},"canonical":"https:\/\/cristinabertrand.com\/es\/ensayos\/","og_locale":"es_ES","og_type":"article","og_title":"Colecci\u00f3n de ensayos de Christina Bertrand","og_description":"Filosof\u00eda, cultura china, educaci\u00f3n, arte, negocios, prosa, m\u00e9todos de aprendizaje.","og_url":"https:\/\/cristinabertrand.com\/es\/ensayos\/","og_site_name":"Cristina Bertrand","article_modified_time":"2024-11-11T08:55:43+00:00","twitter_card":"summary","twitter_misc":{"Tiempo de lectura":"1 minuto"},"schema":{"@context":"https:\/\/schema.org","@graph":[{"@type":"Organization","@id":"https:\/\/cristinabertrand.com\/#organization","name":"Cristina Bertrand","url":"https:\/\/cristinabertrand.com\/","sameAs":[],"logo":{"@type":"ImageObject","inLanguage":"es","@id":"https:\/\/cristinabertrand.com\/#\/schema\/logo\/image\/","url":"https:\/\/cristinabertrand.com\/wp-content\/uploads\/2021\/07\/logo_cb_big.jpg","contentUrl":"https:\/\/cristinabertrand.com\/wp-content\/uploads\/2021\/07\/logo_cb_big.jpg","width":396,"height":395,"caption":"Cristina Bertrand"},"image":{"@id":"https:\/\/cristinabertrand.com\/#\/schema\/logo\/image\/"}},{"@type":"WebSite","@id":"https:\/\/cristinabertrand.com\/#website","url":"https:\/\/cristinabertrand.com\/","name":"Cristina Bertrand","description":"Writings, paintings, ebooks and perfume, all with art","publisher":{"@id":"https:\/\/cristinabertrand.com\/#organization"},"potentialAction":[{"@type":"SearchAction","target":{"@type":"EntryPoint","urlTemplate":"https:\/\/cristinabertrand.com\/?s={search_term_string}"},"query-input":"required name=search_term_string"}],"inLanguage":"es"},{"@type":"WebPage","@id":"https:\/\/cristinabertrand.com\/es\/ensayos\/#webpage","url":"https:\/\/cristinabertrand.com\/es\/ensayos\/","name":"Colecci\u00f3n de ensayos de Christina Bertrand","isPartOf":{"@id":"https:\/\/cristinabertrand.com\/#website"},"datePublished":"2022-03-09T12:45:46+00:00","dateModified":"2024-11-11T08:55:43+00:00","description":"Filosof\u00eda, cultura china, educaci\u00f3n, arte, negocios, prosa, m\u00e9todos de aprendizaje.","breadcrumb":{"@id":"https:\/\/cristinabertrand.com\/es\/ensayos\/#breadcrumb"},"inLanguage":"es","potentialAction":[{"@type":"ReadAction","target":["https:\/\/cristinabertrand.com\/es\/ensayos\/"]}]},{"@type":"BreadcrumbList","@id":"https:\/\/cristinabertrand.com\/es\/ensayos\/#breadcrumb","itemListElement":[{"@type":"ListItem","position":1,"name":"Home","item":"https:\/\/cristinabertrand.com\/es\/"},{"@type":"ListItem","position":2,"name":"Ensayos"}]}]}},"_links":{"self":[{"href":"https:\/\/cristinabertrand.com\/es\/wp-json\/wp\/v2\/pages\/10921"}],"collection":[{"href":"https:\/\/cristinabertrand.com\/es\/wp-json\/wp\/v2\/pages"}],"about":[{"href":"https:\/\/cristinabertrand.com\/es\/wp-json\/wp\/v2\/types\/page"}],"author":[{"embeddable":true,"href":"https:\/\/cristinabertrand.com\/es\/wp-json\/wp\/v2\/users\/1"}],"replies":[{"embeddable":true,"href":"https:\/\/cristinabertrand.com\/es\/wp-json\/wp\/v2\/comments?post=10921"}],"version-history":[{"count":6,"href":"https:\/\/cristinabertrand.com\/es\/wp-json\/wp\/v2\/pages\/10921\/revisions"}],"predecessor-version":[{"id":18053,"href":"https:\/\/cristinabertrand.com\/es\/wp-json\/wp\/v2\/pages\/10921\/revisions\/18053"}],"wp:attachment":[{"href":"https:\/\/cristinabertrand.com\/es\/wp-json\/wp\/v2\/media?parent=10921"}],"curies":[{"name":"wp","href":"https:\/\/api.w.org\/{rel}","templated":true}]}}