{"id":10960,"date":"2022-03-03T00:31:43","date_gmt":"2022-03-02T16:31:43","guid":{"rendered":"https:\/\/cristinabertrand.com\/shop\/mongolia-a-la-vera-del-camino\/"},"modified":"2022-03-10T16:34:55","modified_gmt":"2022-03-10T08:34:55","slug":"mongolia-a-la-vera-del-camino","status":"publish","type":"product","link":"https:\/\/cristinabertrand.com\/es\/tienda\/mongolia-a-la-vera-del-camino\/","title":{"rendered":"Mongolia &#8211; A La Vera Del Camino"},"content":{"rendered":"","protected":false},"excerpt":{"rendered":"<p>TODO EMPEZ\u00d3 CON UNA YURTA&#8230;<\/p>\n<p>Desde ni\u00f1a ten\u00eda la mala (\u00bfo buena?) fama de que cuando se me met\u00eda una cosa en la cabeza no paraba hasta conseguirla.<\/p>\n<p>Y ah\u00ed est\u00e1 el problema, el d\u00eda que, tras haber visitado Mongolia para una investigaci\u00f3n de las creencias primitivas mongolas, y de haber admirado la obra de arquitectura manual de montaje y desmontaje de las yurtas, se me meti\u00f3 en la cabeza pasar una temporada en una.<\/p>\n<p>Entonces se me ocurri\u00f3 preguntar a todas mis amistades de Shangh\u00e1i si conoc\u00eda a alguien en Mongolia que pudiera facilitarme dicha experiencia. Una amiga conoc\u00eda a otra amiga que hab\u00eda sido Miss Mongolia. Me la present\u00f3, y ah\u00ed empez\u00f3 la aventura.<\/p>\n<p>Y la yurta.<\/p>\n","protected":false},"featured_media":10760,"template":"","meta":[],"product_cat":[134],"product_tag":[],"acf":[],"yoast_head":"<!-- This site is optimized with the Yoast SEO plugin v18.8 - https:\/\/yoast.com\/wordpress\/plugins\/seo\/ -->\n<title>Mongolia - A La Vera Del Camino - Cristina Bertrand<\/title>\n<meta name=\"robots\" content=\"index, follow, max-snippet:-1, max-image-preview:large, max-video-preview:-1\" \/>\n<link rel=\"canonical\" href=\"https:\/\/cristinabertrand.com\/es\/tienda\/mongolia-a-la-vera-del-camino\/\" \/>\n<meta property=\"og:locale\" content=\"es_ES\" \/>\n<meta property=\"og:type\" content=\"article\" \/>\n<meta property=\"og:title\" content=\"Mongolia - A La Vera Del Camino - Cristina Bertrand\" \/>\n<meta property=\"og:description\" content=\"TODO EMPEZ\u00d3 CON UNA YURTA... Desde ni\u00f1a ten\u00eda la mala (\u00bfo buena?) fama de que cuando se me met\u00eda una cosa en la cabeza no paraba hasta conseguirla. Y ah\u00ed est\u00e1 el problema, el d\u00eda que, tras haber visitado Mongolia para una investigaci\u00f3n de las creencias primitivas mongolas, y de haber admirado la obra de arquitectura manual de montaje y desmontaje de las yurtas, se me meti\u00f3 en la cabeza pasar una temporada en una. Entonces se me ocurri\u00f3 preguntar a todas mis amistades de Shangh\u00e1i si conoc\u00eda a alguien en Mongolia que pudiera facilitarme dicha experiencia. Una amiga conoc\u00eda a otra amiga que hab\u00eda sido Miss Mongolia. Me la present\u00f3, y ah\u00ed empez\u00f3 la aventura. Y la yurta.\" \/>\n<meta property=\"og:url\" content=\"https:\/\/cristinabertrand.com\/es\/tienda\/mongolia-a-la-vera-del-camino\/\" \/>\n<meta property=\"og:site_name\" content=\"Cristina Bertrand\" \/>\n<meta property=\"article:modified_time\" content=\"2022-03-10T08:34:55+00:00\" \/>\n<meta property=\"og:image\" content=\"https:\/\/cristinabertrand.com\/wp-content\/uploads\/2022\/03\/alaveradelcamino_cover.jpg\" \/>\n\t<meta property=\"og:image:width\" content=\"642\" \/>\n\t<meta property=\"og:image:height\" content=\"831\" \/>\n\t<meta property=\"og:image:type\" content=\"image\/jpeg\" \/>\n<meta name=\"twitter:card\" content=\"summary\" \/>\n<script type=\"application\/ld+json\" class=\"yoast-schema-graph\">{\"@context\":\"https:\/\/schema.org\",\"@graph\":[{\"@type\":\"Organization\",\"@id\":\"https:\/\/cristinabertrand.com\/#organization\",\"name\":\"Cristina Bertrand\",\"url\":\"https:\/\/cristinabertrand.com\/\",\"sameAs\":[],\"logo\":{\"@type\":\"ImageObject\",\"inLanguage\":\"es\",\"@id\":\"https:\/\/cristinabertrand.com\/#\/schema\/logo\/image\/\",\"url\":\"https:\/\/cristinabertrand.com\/wp-content\/uploads\/2021\/07\/logo_cb_big.jpg\",\"contentUrl\":\"https:\/\/cristinabertrand.com\/wp-content\/uploads\/2021\/07\/logo_cb_big.jpg\",\"width\":396,\"height\":395,\"caption\":\"Cristina Bertrand\"},\"image\":{\"@id\":\"https:\/\/cristinabertrand.com\/#\/schema\/logo\/image\/\"}},{\"@type\":\"WebSite\",\"@id\":\"https:\/\/cristinabertrand.com\/#website\",\"url\":\"https:\/\/cristinabertrand.com\/\",\"name\":\"Cristina Bertrand\",\"description\":\"Writings, paintings, ebooks and perfume, all with art\",\"publisher\":{\"@id\":\"https:\/\/cristinabertrand.com\/#organization\"},\"potentialAction\":[{\"@type\":\"SearchAction\",\"target\":{\"@type\":\"EntryPoint\",\"urlTemplate\":\"https:\/\/cristinabertrand.com\/?s={search_term_string}\"},\"query-input\":\"required name=search_term_string\"}],\"inLanguage\":\"es\"},{\"@type\":\"ImageObject\",\"inLanguage\":\"es\",\"@id\":\"https:\/\/cristinabertrand.com\/es\/tienda\/mongolia-a-la-vera-del-camino\/#primaryimage\",\"url\":\"https:\/\/cristinabertrand.com\/wp-content\/uploads\/2022\/03\/alaveradelcamino_cover.jpg\",\"contentUrl\":\"https:\/\/cristinabertrand.com\/wp-content\/uploads\/2022\/03\/alaveradelcamino_cover.jpg\",\"width\":642,\"height\":831},{\"@type\":\"WebPage\",\"@id\":\"https:\/\/cristinabertrand.com\/es\/tienda\/mongolia-a-la-vera-del-camino\/#webpage\",\"url\":\"https:\/\/cristinabertrand.com\/es\/tienda\/mongolia-a-la-vera-del-camino\/\",\"name\":\"Mongolia - A La Vera Del Camino - Cristina Bertrand\",\"isPartOf\":{\"@id\":\"https:\/\/cristinabertrand.com\/#website\"},\"primaryImageOfPage\":{\"@id\":\"https:\/\/cristinabertrand.com\/es\/tienda\/mongolia-a-la-vera-del-camino\/#primaryimage\"},\"datePublished\":\"2022-03-02T16:31:43+00:00\",\"dateModified\":\"2022-03-10T08:34:55+00:00\",\"breadcrumb\":{\"@id\":\"https:\/\/cristinabertrand.com\/es\/tienda\/mongolia-a-la-vera-del-camino\/#breadcrumb\"},\"inLanguage\":\"es\",\"potentialAction\":[{\"@type\":\"ReadAction\",\"target\":[\"https:\/\/cristinabertrand.com\/es\/tienda\/mongolia-a-la-vera-del-camino\/\"]}]},{\"@type\":\"BreadcrumbList\",\"@id\":\"https:\/\/cristinabertrand.com\/es\/tienda\/mongolia-a-la-vera-del-camino\/#breadcrumb\",\"itemListElement\":[{\"@type\":\"ListItem\",\"position\":1,\"name\":\"Home\",\"item\":\"https:\/\/cristinabertrand.com\/es\/\"},{\"@type\":\"ListItem\",\"position\":2,\"name\":\"Tienda\",\"item\":\"https:\/\/cristinabertrand.com\/es\/tienda-2\/\"},{\"@type\":\"ListItem\",\"position\":3,\"name\":\"Mongolia &#8211; A La Vera Del Camino\"}]}]}<\/script>\n<!-- \/ Yoast SEO plugin. -->","yoast_head_json":{"title":"Mongolia - A La Vera Del Camino - Cristina Bertrand","robots":{"index":"index","follow":"follow","max-snippet":"max-snippet:-1","max-image-preview":"max-image-preview:large","max-video-preview":"max-video-preview:-1"},"canonical":"https:\/\/cristinabertrand.com\/es\/tienda\/mongolia-a-la-vera-del-camino\/","og_locale":"es_ES","og_type":"article","og_title":"Mongolia - A La Vera Del Camino - Cristina Bertrand","og_description":"TODO EMPEZ\u00d3 CON UNA YURTA... Desde ni\u00f1a ten\u00eda la mala (\u00bfo buena?) fama de que cuando se me met\u00eda una cosa en la cabeza no paraba hasta conseguirla. Y ah\u00ed est\u00e1 el problema, el d\u00eda que, tras haber visitado Mongolia para una investigaci\u00f3n de las creencias primitivas mongolas, y de haber admirado la obra de arquitectura manual de montaje y desmontaje de las yurtas, se me meti\u00f3 en la cabeza pasar una temporada en una. Entonces se me ocurri\u00f3 preguntar a todas mis amistades de Shangh\u00e1i si conoc\u00eda a alguien en Mongolia que pudiera facilitarme dicha experiencia. Una amiga conoc\u00eda a otra amiga que hab\u00eda sido Miss Mongolia. Me la present\u00f3, y ah\u00ed empez\u00f3 la aventura. Y la yurta.","og_url":"https:\/\/cristinabertrand.com\/es\/tienda\/mongolia-a-la-vera-del-camino\/","og_site_name":"Cristina Bertrand","article_modified_time":"2022-03-10T08:34:55+00:00","og_image":[{"width":642,"height":831,"url":"https:\/\/cristinabertrand.com\/wp-content\/uploads\/2022\/03\/alaveradelcamino_cover.jpg","type":"image\/jpeg"}],"twitter_card":"summary","schema":{"@context":"https:\/\/schema.org","@graph":[{"@type":"Organization","@id":"https:\/\/cristinabertrand.com\/#organization","name":"Cristina Bertrand","url":"https:\/\/cristinabertrand.com\/","sameAs":[],"logo":{"@type":"ImageObject","inLanguage":"es","@id":"https:\/\/cristinabertrand.com\/#\/schema\/logo\/image\/","url":"https:\/\/cristinabertrand.com\/wp-content\/uploads\/2021\/07\/logo_cb_big.jpg","contentUrl":"https:\/\/cristinabertrand.com\/wp-content\/uploads\/2021\/07\/logo_cb_big.jpg","width":396,"height":395,"caption":"Cristina Bertrand"},"image":{"@id":"https:\/\/cristinabertrand.com\/#\/schema\/logo\/image\/"}},{"@type":"WebSite","@id":"https:\/\/cristinabertrand.com\/#website","url":"https:\/\/cristinabertrand.com\/","name":"Cristina Bertrand","description":"Writings, paintings, ebooks and perfume, all with art","publisher":{"@id":"https:\/\/cristinabertrand.com\/#organization"},"potentialAction":[{"@type":"SearchAction","target":{"@type":"EntryPoint","urlTemplate":"https:\/\/cristinabertrand.com\/?s={search_term_string}"},"query-input":"required name=search_term_string"}],"inLanguage":"es"},{"@type":"ImageObject","inLanguage":"es","@id":"https:\/\/cristinabertrand.com\/es\/tienda\/mongolia-a-la-vera-del-camino\/#primaryimage","url":"https:\/\/cristinabertrand.com\/wp-content\/uploads\/2022\/03\/alaveradelcamino_cover.jpg","contentUrl":"https:\/\/cristinabertrand.com\/wp-content\/uploads\/2022\/03\/alaveradelcamino_cover.jpg","width":642,"height":831},{"@type":"WebPage","@id":"https:\/\/cristinabertrand.com\/es\/tienda\/mongolia-a-la-vera-del-camino\/#webpage","url":"https:\/\/cristinabertrand.com\/es\/tienda\/mongolia-a-la-vera-del-camino\/","name":"Mongolia - A La Vera Del Camino - Cristina Bertrand","isPartOf":{"@id":"https:\/\/cristinabertrand.com\/#website"},"primaryImageOfPage":{"@id":"https:\/\/cristinabertrand.com\/es\/tienda\/mongolia-a-la-vera-del-camino\/#primaryimage"},"datePublished":"2022-03-02T16:31:43+00:00","dateModified":"2022-03-10T08:34:55+00:00","breadcrumb":{"@id":"https:\/\/cristinabertrand.com\/es\/tienda\/mongolia-a-la-vera-del-camino\/#breadcrumb"},"inLanguage":"es","potentialAction":[{"@type":"ReadAction","target":["https:\/\/cristinabertrand.com\/es\/tienda\/mongolia-a-la-vera-del-camino\/"]}]},{"@type":"BreadcrumbList","@id":"https:\/\/cristinabertrand.com\/es\/tienda\/mongolia-a-la-vera-del-camino\/#breadcrumb","itemListElement":[{"@type":"ListItem","position":1,"name":"Home","item":"https:\/\/cristinabertrand.com\/es\/"},{"@type":"ListItem","position":2,"name":"Tienda","item":"https:\/\/cristinabertrand.com\/es\/tienda-2\/"},{"@type":"ListItem","position":3,"name":"Mongolia &#8211; A La Vera Del Camino"}]}]}},"_links":{"self":[{"href":"https:\/\/cristinabertrand.com\/es\/wp-json\/wp\/v2\/product\/10960"}],"collection":[{"href":"https:\/\/cristinabertrand.com\/es\/wp-json\/wp\/v2\/product"}],"about":[{"href":"https:\/\/cristinabertrand.com\/es\/wp-json\/wp\/v2\/types\/product"}],"wp:featuredmedia":[{"embeddable":true,"href":"https:\/\/cristinabertrand.com\/es\/wp-json\/wp\/v2\/media\/10760"}],"wp:attachment":[{"href":"https:\/\/cristinabertrand.com\/es\/wp-json\/wp\/v2\/media?parent=10960"}],"wp:term":[{"taxonomy":"product_cat","embeddable":true,"href":"https:\/\/cristinabertrand.com\/es\/wp-json\/wp\/v2\/product_cat?post=10960"},{"taxonomy":"product_tag","embeddable":true,"href":"https:\/\/cristinabertrand.com\/es\/wp-json\/wp\/v2\/product_tag?post=10960"}],"curies":[{"name":"wp","href":"https:\/\/api.w.org\/{rel}","templated":true}]}}