{"id":10961,"date":"2022-03-03T00:23:05","date_gmt":"2022-03-02T16:23:05","guid":{"rendered":"https:\/\/cristinabertrand.com\/shop\/las-tres-reinas-en-el-renacimiento-italiano\/"},"modified":"2022-03-10T16:35:08","modified_gmt":"2022-03-10T08:35:08","slug":"las-tres-reinas-en-el-renacimiento-italiano","status":"publish","type":"product","link":"https:\/\/cristinabertrand.com\/es\/tienda\/las-tres-reinas-en-el-renacimiento-italiano\/","title":{"rendered":"Las Tres Reinas en el Renacimiento Italiano"},"content":{"rendered":"","protected":false},"excerpt":{"rendered":"<p><strong>LOS COLORES DEL DESIERTO<\/strong><\/p>\n<p>Rosa Blanca quer\u00eda pintar sus desiertos. Todos le dec\u00edan que el desierto era siempre igual, que no ten\u00eda colores, pero ella sab\u00eda que no era cierto. Conoc\u00eda muy bien los colores del desierto.<\/p>\n<p>El dorado resplandeciente a la salida del sol, el blanco refulgente del espejismo, el gris met\u00e1lico cuando amenazaba lluvia, los ocres de la puesta de sol que se\u00a0 transformaban en rojo fuego como si la tierra quisiera arroparse con el calor antes de irse a dormir.<\/p>\n<p>Tambi\u00e9n hab\u00eda verdes de varias tonalidades abri\u00e9ndose paso por la arena ondulada en peque\u00f1as matas, que asomaban la cabeza con curiosidad admiradas de la infinitud de espacio extendido a su vista. Y luego estaban las flores. \u00bfY qui\u00e9n hab\u00eda dicho que los desiertos no ten\u00edan colores? La mir\u00edada de azules, malvas, rosas, p\u00farpuras, rojos y amarillos formaban un arco\u00edris terrenal que a veces hac\u00eda envidiar hasta el mismo arco\u00edris celestial.<\/p>\n<p>Pero Rosa Blanca no sab\u00eda pintar\u2026 y esto la entristec\u00eda. As\u00ed es que se puso en camino para visitar a Rosa Negra. Sab\u00eda que en su biblioteca, como siempre, encontrar\u00eda la soluci\u00f3n&#8230;<\/p>\n","protected":false},"featured_media":10745,"template":"","meta":[],"product_cat":[134],"product_tag":[],"acf":[],"yoast_head":"<!-- This site is optimized with the Yoast SEO plugin v18.8 - https:\/\/yoast.com\/wordpress\/plugins\/seo\/ -->\n<title>Las Tres Reinas en el Renacimiento Italiano - Cristina Bertrand<\/title>\n<meta name=\"robots\" content=\"index, follow, max-snippet:-1, max-image-preview:large, max-video-preview:-1\" \/>\n<link rel=\"canonical\" href=\"https:\/\/cristinabertrand.com\/es\/tienda\/las-tres-reinas-en-el-renacimiento-italiano\/\" \/>\n<meta property=\"og:locale\" content=\"es_ES\" \/>\n<meta property=\"og:type\" content=\"article\" \/>\n<meta property=\"og:title\" content=\"Las Tres Reinas en el Renacimiento Italiano - Cristina Bertrand\" \/>\n<meta property=\"og:description\" content=\"LOS COLORES DEL DESIERTO Rosa Blanca quer\u00eda pintar sus desiertos. Todos le dec\u00edan que el desierto era siempre igual, que no ten\u00eda colores, pero ella sab\u00eda que no era cierto. Conoc\u00eda muy bien los colores del desierto. El dorado resplandeciente a la salida del sol, el blanco refulgente del espejismo, el gris met\u00e1lico cuando amenazaba lluvia, los ocres de la puesta de sol que se\u00a0 transformaban en rojo fuego como si la tierra quisiera arroparse con el calor antes de irse a dormir. Tambi\u00e9n hab\u00eda verdes de varias tonalidades abri\u00e9ndose paso por la arena ondulada en peque\u00f1as matas, que asomaban la cabeza con curiosidad admiradas de la infinitud de espacio extendido a su vista. Y luego estaban las flores. \u00bfY qui\u00e9n hab\u00eda dicho que los desiertos no ten\u00edan colores? La mir\u00edada de azules, malvas, rosas, p\u00farpuras, rojos y amarillos formaban un arco\u00edris terrenal que a veces hac\u00eda envidiar hasta el mismo arco\u00edris celestial. Pero Rosa Blanca no sab\u00eda pintar\u2026 y esto la entristec\u00eda. As\u00ed es que se puso en camino para visitar a Rosa Negra. Sab\u00eda que en su biblioteca, como siempre, encontrar\u00eda la soluci\u00f3n...\" \/>\n<meta property=\"og:url\" content=\"https:\/\/cristinabertrand.com\/es\/tienda\/las-tres-reinas-en-el-renacimiento-italiano\/\" \/>\n<meta property=\"og:site_name\" content=\"Cristina Bertrand\" \/>\n<meta property=\"article:modified_time\" content=\"2022-03-10T08:35:08+00:00\" \/>\n<meta property=\"og:image\" content=\"https:\/\/cristinabertrand.com\/wp-content\/uploads\/2022\/03\/3reinas_renacimiento_italiano_cover.jpg\" \/>\n\t<meta property=\"og:image:width\" content=\"642\" \/>\n\t<meta property=\"og:image:height\" content=\"831\" \/>\n\t<meta property=\"og:image:type\" content=\"image\/jpeg\" \/>\n<meta name=\"twitter:card\" content=\"summary\" \/>\n<script type=\"application\/ld+json\" class=\"yoast-schema-graph\">{\"@context\":\"https:\/\/schema.org\",\"@graph\":[{\"@type\":\"Organization\",\"@id\":\"https:\/\/cristinabertrand.com\/#organization\",\"name\":\"Cristina Bertrand\",\"url\":\"https:\/\/cristinabertrand.com\/\",\"sameAs\":[],\"logo\":{\"@type\":\"ImageObject\",\"inLanguage\":\"es\",\"@id\":\"https:\/\/cristinabertrand.com\/#\/schema\/logo\/image\/\",\"url\":\"https:\/\/cristinabertrand.com\/wp-content\/uploads\/2021\/07\/logo_cb_big.jpg\",\"contentUrl\":\"https:\/\/cristinabertrand.com\/wp-content\/uploads\/2021\/07\/logo_cb_big.jpg\",\"width\":396,\"height\":395,\"caption\":\"Cristina Bertrand\"},\"image\":{\"@id\":\"https:\/\/cristinabertrand.com\/#\/schema\/logo\/image\/\"}},{\"@type\":\"WebSite\",\"@id\":\"https:\/\/cristinabertrand.com\/#website\",\"url\":\"https:\/\/cristinabertrand.com\/\",\"name\":\"Cristina Bertrand\",\"description\":\"Writings, paintings, ebooks and perfume, all with art\",\"publisher\":{\"@id\":\"https:\/\/cristinabertrand.com\/#organization\"},\"potentialAction\":[{\"@type\":\"SearchAction\",\"target\":{\"@type\":\"EntryPoint\",\"urlTemplate\":\"https:\/\/cristinabertrand.com\/?s={search_term_string}\"},\"query-input\":\"required name=search_term_string\"}],\"inLanguage\":\"es\"},{\"@type\":\"ImageObject\",\"inLanguage\":\"es\",\"@id\":\"https:\/\/cristinabertrand.com\/es\/tienda\/las-tres-reinas-en-el-renacimiento-italiano\/#primaryimage\",\"url\":\"https:\/\/cristinabertrand.com\/wp-content\/uploads\/2022\/03\/3reinas_renacimiento_italiano_cover.jpg\",\"contentUrl\":\"https:\/\/cristinabertrand.com\/wp-content\/uploads\/2022\/03\/3reinas_renacimiento_italiano_cover.jpg\",\"width\":642,\"height\":831},{\"@type\":\"WebPage\",\"@id\":\"https:\/\/cristinabertrand.com\/es\/tienda\/las-tres-reinas-en-el-renacimiento-italiano\/#webpage\",\"url\":\"https:\/\/cristinabertrand.com\/es\/tienda\/las-tres-reinas-en-el-renacimiento-italiano\/\",\"name\":\"Las Tres Reinas en el Renacimiento Italiano - Cristina Bertrand\",\"isPartOf\":{\"@id\":\"https:\/\/cristinabertrand.com\/#website\"},\"primaryImageOfPage\":{\"@id\":\"https:\/\/cristinabertrand.com\/es\/tienda\/las-tres-reinas-en-el-renacimiento-italiano\/#primaryimage\"},\"datePublished\":\"2022-03-02T16:23:05+00:00\",\"dateModified\":\"2022-03-10T08:35:08+00:00\",\"breadcrumb\":{\"@id\":\"https:\/\/cristinabertrand.com\/es\/tienda\/las-tres-reinas-en-el-renacimiento-italiano\/#breadcrumb\"},\"inLanguage\":\"es\",\"potentialAction\":[{\"@type\":\"ReadAction\",\"target\":[\"https:\/\/cristinabertrand.com\/es\/tienda\/las-tres-reinas-en-el-renacimiento-italiano\/\"]}]},{\"@type\":\"BreadcrumbList\",\"@id\":\"https:\/\/cristinabertrand.com\/es\/tienda\/las-tres-reinas-en-el-renacimiento-italiano\/#breadcrumb\",\"itemListElement\":[{\"@type\":\"ListItem\",\"position\":1,\"name\":\"Home\",\"item\":\"https:\/\/cristinabertrand.com\/es\/\"},{\"@type\":\"ListItem\",\"position\":2,\"name\":\"Tienda\",\"item\":\"https:\/\/cristinabertrand.com\/es\/tienda-2\/\"},{\"@type\":\"ListItem\",\"position\":3,\"name\":\"Las Tres Reinas en el Renacimiento Italiano\"}]}]}<\/script>\n<!-- \/ Yoast SEO plugin. -->","yoast_head_json":{"title":"Las Tres Reinas en el Renacimiento Italiano - Cristina Bertrand","robots":{"index":"index","follow":"follow","max-snippet":"max-snippet:-1","max-image-preview":"max-image-preview:large","max-video-preview":"max-video-preview:-1"},"canonical":"https:\/\/cristinabertrand.com\/es\/tienda\/las-tres-reinas-en-el-renacimiento-italiano\/","og_locale":"es_ES","og_type":"article","og_title":"Las Tres Reinas en el Renacimiento Italiano - Cristina Bertrand","og_description":"LOS COLORES DEL DESIERTO Rosa Blanca quer\u00eda pintar sus desiertos. Todos le dec\u00edan que el desierto era siempre igual, que no ten\u00eda colores, pero ella sab\u00eda que no era cierto. Conoc\u00eda muy bien los colores del desierto. El dorado resplandeciente a la salida del sol, el blanco refulgente del espejismo, el gris met\u00e1lico cuando amenazaba lluvia, los ocres de la puesta de sol que se\u00a0 transformaban en rojo fuego como si la tierra quisiera arroparse con el calor antes de irse a dormir. Tambi\u00e9n hab\u00eda verdes de varias tonalidades abri\u00e9ndose paso por la arena ondulada en peque\u00f1as matas, que asomaban la cabeza con curiosidad admiradas de la infinitud de espacio extendido a su vista. Y luego estaban las flores. \u00bfY qui\u00e9n hab\u00eda dicho que los desiertos no ten\u00edan colores? La mir\u00edada de azules, malvas, rosas, p\u00farpuras, rojos y amarillos formaban un arco\u00edris terrenal que a veces hac\u00eda envidiar hasta el mismo arco\u00edris celestial. Pero Rosa Blanca no sab\u00eda pintar\u2026 y esto la entristec\u00eda. As\u00ed es que se puso en camino para visitar a Rosa Negra. Sab\u00eda que en su biblioteca, como siempre, encontrar\u00eda la soluci\u00f3n...","og_url":"https:\/\/cristinabertrand.com\/es\/tienda\/las-tres-reinas-en-el-renacimiento-italiano\/","og_site_name":"Cristina Bertrand","article_modified_time":"2022-03-10T08:35:08+00:00","og_image":[{"width":642,"height":831,"url":"https:\/\/cristinabertrand.com\/wp-content\/uploads\/2022\/03\/3reinas_renacimiento_italiano_cover.jpg","type":"image\/jpeg"}],"twitter_card":"summary","schema":{"@context":"https:\/\/schema.org","@graph":[{"@type":"Organization","@id":"https:\/\/cristinabertrand.com\/#organization","name":"Cristina Bertrand","url":"https:\/\/cristinabertrand.com\/","sameAs":[],"logo":{"@type":"ImageObject","inLanguage":"es","@id":"https:\/\/cristinabertrand.com\/#\/schema\/logo\/image\/","url":"https:\/\/cristinabertrand.com\/wp-content\/uploads\/2021\/07\/logo_cb_big.jpg","contentUrl":"https:\/\/cristinabertrand.com\/wp-content\/uploads\/2021\/07\/logo_cb_big.jpg","width":396,"height":395,"caption":"Cristina Bertrand"},"image":{"@id":"https:\/\/cristinabertrand.com\/#\/schema\/logo\/image\/"}},{"@type":"WebSite","@id":"https:\/\/cristinabertrand.com\/#website","url":"https:\/\/cristinabertrand.com\/","name":"Cristina Bertrand","description":"Writings, paintings, ebooks and perfume, all with art","publisher":{"@id":"https:\/\/cristinabertrand.com\/#organization"},"potentialAction":[{"@type":"SearchAction","target":{"@type":"EntryPoint","urlTemplate":"https:\/\/cristinabertrand.com\/?s={search_term_string}"},"query-input":"required name=search_term_string"}],"inLanguage":"es"},{"@type":"ImageObject","inLanguage":"es","@id":"https:\/\/cristinabertrand.com\/es\/tienda\/las-tres-reinas-en-el-renacimiento-italiano\/#primaryimage","url":"https:\/\/cristinabertrand.com\/wp-content\/uploads\/2022\/03\/3reinas_renacimiento_italiano_cover.jpg","contentUrl":"https:\/\/cristinabertrand.com\/wp-content\/uploads\/2022\/03\/3reinas_renacimiento_italiano_cover.jpg","width":642,"height":831},{"@type":"WebPage","@id":"https:\/\/cristinabertrand.com\/es\/tienda\/las-tres-reinas-en-el-renacimiento-italiano\/#webpage","url":"https:\/\/cristinabertrand.com\/es\/tienda\/las-tres-reinas-en-el-renacimiento-italiano\/","name":"Las Tres Reinas en el Renacimiento Italiano - Cristina Bertrand","isPartOf":{"@id":"https:\/\/cristinabertrand.com\/#website"},"primaryImageOfPage":{"@id":"https:\/\/cristinabertrand.com\/es\/tienda\/las-tres-reinas-en-el-renacimiento-italiano\/#primaryimage"},"datePublished":"2022-03-02T16:23:05+00:00","dateModified":"2022-03-10T08:35:08+00:00","breadcrumb":{"@id":"https:\/\/cristinabertrand.com\/es\/tienda\/las-tres-reinas-en-el-renacimiento-italiano\/#breadcrumb"},"inLanguage":"es","potentialAction":[{"@type":"ReadAction","target":["https:\/\/cristinabertrand.com\/es\/tienda\/las-tres-reinas-en-el-renacimiento-italiano\/"]}]},{"@type":"BreadcrumbList","@id":"https:\/\/cristinabertrand.com\/es\/tienda\/las-tres-reinas-en-el-renacimiento-italiano\/#breadcrumb","itemListElement":[{"@type":"ListItem","position":1,"name":"Home","item":"https:\/\/cristinabertrand.com\/es\/"},{"@type":"ListItem","position":2,"name":"Tienda","item":"https:\/\/cristinabertrand.com\/es\/tienda-2\/"},{"@type":"ListItem","position":3,"name":"Las Tres Reinas en el Renacimiento Italiano"}]}]}},"_links":{"self":[{"href":"https:\/\/cristinabertrand.com\/es\/wp-json\/wp\/v2\/product\/10961"}],"collection":[{"href":"https:\/\/cristinabertrand.com\/es\/wp-json\/wp\/v2\/product"}],"about":[{"href":"https:\/\/cristinabertrand.com\/es\/wp-json\/wp\/v2\/types\/product"}],"wp:featuredmedia":[{"embeddable":true,"href":"https:\/\/cristinabertrand.com\/es\/wp-json\/wp\/v2\/media\/10745"}],"wp:attachment":[{"href":"https:\/\/cristinabertrand.com\/es\/wp-json\/wp\/v2\/media?parent=10961"}],"wp:term":[{"taxonomy":"product_cat","embeddable":true,"href":"https:\/\/cristinabertrand.com\/es\/wp-json\/wp\/v2\/product_cat?post=10961"},{"taxonomy":"product_tag","embeddable":true,"href":"https:\/\/cristinabertrand.com\/es\/wp-json\/wp\/v2\/product_tag?post=10961"}],"curies":[{"name":"wp","href":"https:\/\/api.w.org\/{rel}","templated":true}]}}