{"id":10965,"date":"2022-01-25T01:03:35","date_gmt":"2022-01-24T17:03:35","guid":{"rendered":"https:\/\/cristinabertrand.com\/shop\/consultas-online-personalizadas\/"},"modified":"2023-01-30T22:49:32","modified_gmt":"2023-01-30T14:49:32","slug":"consultas-online-personalizadas","status":"publish","type":"product","link":"https:\/\/cristinabertrand.com\/es\/tienda\/consultas-online-personalizadas\/","title":{"rendered":"Consultas online personalizadas"},"content":{"rendered":"<p>[vc_row][vc_column width=\u00bb2\/3&#8243;][vc_custom_heading text=\u00bbConsultas online personalizadas\u00bb][vc_column_text]<\/p>\n<p>Las <strong>Consultas Online Personalizadas<\/strong> consisten en una ayuda para encontrar en el Yi Jing la situaci\u00f3n relacionada con la pregunta del consultante.<\/p>\n<p><strong>La consulta debe cumplir los siguientes requisitos:<\/strong><br \/>\n1) Referirse a situaciones que dependan de la acci\u00f3n del consultante.<\/p>\n<p>2) La duda debe ser solo entre dos situaciones.<\/p>\n<p>3) Elegir una de esas dos situaciones para establecer la pregunta.<\/p>\n<p>Consistir\u00e1 en los siguientes pasos:<\/p>\n<ol>\n<li>Registro: <a href=\"mailto:cristina.bertrand@protonmail.com\">cristina.bertrand@protonmail.com<\/a><\/li>\n<li>Abono de la consulta mediante transferencia bancaria o en la web con tarjeta de d\u00e9bito o cr\u00e9dito. <a href=\"https:\/\/cristinabertrand.com\/shop\/consultas-online-personalizadas\/\">https:\/\/cristinabertrand.com\/shop\/consultas-online-personalizadas\/<\/a><\/li>\n<li>A continuaci\u00f3n, el consultante recibir\u00e1 la <strong>Hoja de Consulta Situacional <\/strong>con instrucciones de c\u00f3mo rellenarla. Es sencilla y solo requiere establecer la consulta con claridad.<\/li>\n<li>Tambi\u00e9n recibir\u00e1 la descripci\u00f3n de cada Hexagrama del Yi Jing<\/li>\n<li>De acuerdo a la consulta, el consultante elegir\u00e1, mediante las descripciones, 2 posibles Hexagramas<\/li>\n<li>Se enviar\u00e1 la <strong>Hoja de Consulta Situacional<\/strong> (sin nombre) a <a href=\"mailto:cristina.bertrand@protonmail.com\">cristina.bertrand@protonmail.com<\/a>\u00a0con algunas posibles horas de consulta disponibles.<\/li>\n<li>Cristina Bertrand programar\u00e1 1 hora de consulta online en la que se discutir\u00e1n las opciones elegidas y se elegir\u00e1 la m\u00e1s apropiada.<\/li>\n<li>Cristina Bertrand enviar\u00e1 la descripci\u00f3n completa del Hexagrama elegido junto con la imagen del cuadro basado en el simbolismo de ese hexagrama para que sirva de s\u00edmbolo de recuerdo y adquisici\u00f3n de la sabidur\u00eda de esa situaci\u00f3n, lo que resultar\u00e1 \u00fatil para situaciones futuras.<\/li>\n<li>Se puede adquirir el libro online en la web, pero no es necesario para la consulta.<\/li>\n<\/ol>\n<p>[\/vc_column_text][\/vc_column][vc_column width=\u00bb1\/3&#8243; css=\u00bb.vc_custom_1627897866628{border-top-width: 2px !important;border-right-width: 2px !important;border-bottom-width: 2px !important;border-left-width: 2px !important;padding-top: 12px !important;padding-right: 12px !important;padding-bottom: 12px !important;padding-left: 12px !important;border-left-color: #000000 !important;border-left-style: solid !important;border-right-color: #000000 !important;border-right-style: solid !important;border-top-color: #000000 !important;border-top-style: solid !important;border-bottom-color: #000000 !important;border-bottom-style: solid !important;}\u00bb][vc_custom_heading text=\u00bbConsultas online personalizadas\u00bb][vc_column_text]<strong>Precio:<\/strong> $63 \/ ~55 \u20ac[\/vc_column_text][\/vc_column][\/vc_row]<\/p>\n","protected":false},"excerpt":{"rendered":"<p>[vc_row][vc_column width=\u00bb2\/3&#8243;][vc_custom_heading text=\u00bbConsultas online personalizadas\u00bb][vc_column_text] Las Consultas Online Personalizadas consisten en una ayuda para encontrar en el Yi Jing la situaci\u00f3n relacionada con la pregunta del consultante. La consulta debe cumplir los siguientes requisitos: 1) Referirse a situaciones que dependan de la acci\u00f3n del consultante. 2) La duda debe ser solo entre dos situaciones. 3) &hellip;<\/p>\n","protected":false},"featured_media":12391,"template":"","meta":[],"product_cat":[131,136],"product_tag":[],"acf":[],"yoast_head":"<!-- This site is optimized with the Yoast SEO plugin v18.8 - https:\/\/yoast.com\/wordpress\/plugins\/seo\/ -->\n<title>Consultas online personalizadas - Cristina Bertrand<\/title>\n<meta name=\"robots\" content=\"index, follow, max-snippet:-1, max-image-preview:large, max-video-preview:-1\" \/>\n<link rel=\"canonical\" href=\"https:\/\/cristinabertrand.com\/es\/tienda\/consultas-online-personalizadas\/\" \/>\n<meta property=\"og:locale\" content=\"es_ES\" \/>\n<meta property=\"og:type\" content=\"article\" \/>\n<meta property=\"og:title\" content=\"Consultas online personalizadas - Cristina Bertrand\" \/>\n<meta property=\"og:description\" content=\"[vc_row][vc_column width=\u00bb2\/3&#8243;][vc_custom_heading text=\u00bbConsultas online personalizadas\u00bb][vc_column_text] Las Consultas Online Personalizadas consisten en una ayuda para encontrar en el Yi Jing la situaci\u00f3n relacionada con la pregunta del consultante. La consulta debe cumplir los siguientes requisitos: 1) Referirse a situaciones que dependan de la acci\u00f3n del consultante. 2) La duda debe ser solo entre dos situaciones. 3) &hellip;\" \/>\n<meta property=\"og:url\" content=\"https:\/\/cristinabertrand.com\/es\/tienda\/consultas-online-personalizadas\/\" \/>\n<meta property=\"og:site_name\" content=\"Cristina Bertrand\" \/>\n<meta property=\"article:modified_time\" content=\"2023-01-30T14:49:32+00:00\" \/>\n<meta property=\"og:image\" content=\"https:\/\/cristinabertrand.com\/wp-content\/uploads\/2023\/01\/Captura-de-pantalla-2023-01-30-a-las-15.35.48-1024x716.png\" \/>\n\t<meta property=\"og:image:width\" content=\"1024\" \/>\n\t<meta property=\"og:image:height\" content=\"716\" \/>\n\t<meta property=\"og:image:type\" content=\"image\/png\" \/>\n<meta name=\"twitter:card\" content=\"summary\" \/>\n<meta name=\"twitter:label1\" content=\"Tiempo de lectura\" \/>\n\t<meta name=\"twitter:data1\" content=\"2 minutos\" \/>\n<script type=\"application\/ld+json\" class=\"yoast-schema-graph\">{\"@context\":\"https:\/\/schema.org\",\"@graph\":[{\"@type\":\"Organization\",\"@id\":\"https:\/\/cristinabertrand.com\/#organization\",\"name\":\"Cristina Bertrand\",\"url\":\"https:\/\/cristinabertrand.com\/\",\"sameAs\":[],\"logo\":{\"@type\":\"ImageObject\",\"inLanguage\":\"es\",\"@id\":\"https:\/\/cristinabertrand.com\/#\/schema\/logo\/image\/\",\"url\":\"https:\/\/cristinabertrand.com\/wp-content\/uploads\/2021\/07\/logo_cb_big.jpg\",\"contentUrl\":\"https:\/\/cristinabertrand.com\/wp-content\/uploads\/2021\/07\/logo_cb_big.jpg\",\"width\":396,\"height\":395,\"caption\":\"Cristina Bertrand\"},\"image\":{\"@id\":\"https:\/\/cristinabertrand.com\/#\/schema\/logo\/image\/\"}},{\"@type\":\"WebSite\",\"@id\":\"https:\/\/cristinabertrand.com\/#website\",\"url\":\"https:\/\/cristinabertrand.com\/\",\"name\":\"Cristina Bertrand\",\"description\":\"Writings, paintings, ebooks and perfume, all with art\",\"publisher\":{\"@id\":\"https:\/\/cristinabertrand.com\/#organization\"},\"potentialAction\":[{\"@type\":\"SearchAction\",\"target\":{\"@type\":\"EntryPoint\",\"urlTemplate\":\"https:\/\/cristinabertrand.com\/?s={search_term_string}\"},\"query-input\":\"required name=search_term_string\"}],\"inLanguage\":\"es\"},{\"@type\":\"ImageObject\",\"inLanguage\":\"es\",\"@id\":\"https:\/\/cristinabertrand.com\/es\/tienda\/consultas-online-personalizadas\/#primaryimage\",\"url\":\"https:\/\/cristinabertrand.com\/wp-content\/uploads\/2023\/01\/Captura-de-pantalla-2023-01-30-a-las-15.35.48.png\",\"contentUrl\":\"https:\/\/cristinabertrand.com\/wp-content\/uploads\/2023\/01\/Captura-de-pantalla-2023-01-30-a-las-15.35.48.png\",\"width\":2368,\"height\":1656},{\"@type\":\"WebPage\",\"@id\":\"https:\/\/cristinabertrand.com\/es\/tienda\/consultas-online-personalizadas\/#webpage\",\"url\":\"https:\/\/cristinabertrand.com\/es\/tienda\/consultas-online-personalizadas\/\",\"name\":\"Consultas online personalizadas - Cristina Bertrand\",\"isPartOf\":{\"@id\":\"https:\/\/cristinabertrand.com\/#website\"},\"primaryImageOfPage\":{\"@id\":\"https:\/\/cristinabertrand.com\/es\/tienda\/consultas-online-personalizadas\/#primaryimage\"},\"datePublished\":\"2022-01-24T17:03:35+00:00\",\"dateModified\":\"2023-01-30T14:49:32+00:00\",\"breadcrumb\":{\"@id\":\"https:\/\/cristinabertrand.com\/es\/tienda\/consultas-online-personalizadas\/#breadcrumb\"},\"inLanguage\":\"es\",\"potentialAction\":[{\"@type\":\"ReadAction\",\"target\":[\"https:\/\/cristinabertrand.com\/es\/tienda\/consultas-online-personalizadas\/\"]}]},{\"@type\":\"BreadcrumbList\",\"@id\":\"https:\/\/cristinabertrand.com\/es\/tienda\/consultas-online-personalizadas\/#breadcrumb\",\"itemListElement\":[{\"@type\":\"ListItem\",\"position\":1,\"name\":\"Home\",\"item\":\"https:\/\/cristinabertrand.com\/es\/\"},{\"@type\":\"ListItem\",\"position\":2,\"name\":\"Tienda\",\"item\":\"https:\/\/cristinabertrand.com\/es\/tienda-2\/\"},{\"@type\":\"ListItem\",\"position\":3,\"name\":\"Consultas online personalizadas\"}]}]}<\/script>\n<!-- \/ Yoast SEO plugin. -->","yoast_head_json":{"title":"Consultas online personalizadas - Cristina Bertrand","robots":{"index":"index","follow":"follow","max-snippet":"max-snippet:-1","max-image-preview":"max-image-preview:large","max-video-preview":"max-video-preview:-1"},"canonical":"https:\/\/cristinabertrand.com\/es\/tienda\/consultas-online-personalizadas\/","og_locale":"es_ES","og_type":"article","og_title":"Consultas online personalizadas - Cristina Bertrand","og_description":"[vc_row][vc_column width=\u00bb2\/3&#8243;][vc_custom_heading text=\u00bbConsultas online personalizadas\u00bb][vc_column_text] Las Consultas Online Personalizadas consisten en una ayuda para encontrar en el Yi Jing la situaci\u00f3n relacionada con la pregunta del consultante. La consulta debe cumplir los siguientes requisitos: 1) Referirse a situaciones que dependan de la acci\u00f3n del consultante. 2) La duda debe ser solo entre dos situaciones. 3) &hellip;","og_url":"https:\/\/cristinabertrand.com\/es\/tienda\/consultas-online-personalizadas\/","og_site_name":"Cristina Bertrand","article_modified_time":"2023-01-30T14:49:32+00:00","og_image":[{"width":1024,"height":716,"url":"https:\/\/cristinabertrand.com\/wp-content\/uploads\/2023\/01\/Captura-de-pantalla-2023-01-30-a-las-15.35.48-1024x716.png","type":"image\/png"}],"twitter_card":"summary","twitter_misc":{"Tiempo de lectura":"2 minutos"},"schema":{"@context":"https:\/\/schema.org","@graph":[{"@type":"Organization","@id":"https:\/\/cristinabertrand.com\/#organization","name":"Cristina Bertrand","url":"https:\/\/cristinabertrand.com\/","sameAs":[],"logo":{"@type":"ImageObject","inLanguage":"es","@id":"https:\/\/cristinabertrand.com\/#\/schema\/logo\/image\/","url":"https:\/\/cristinabertrand.com\/wp-content\/uploads\/2021\/07\/logo_cb_big.jpg","contentUrl":"https:\/\/cristinabertrand.com\/wp-content\/uploads\/2021\/07\/logo_cb_big.jpg","width":396,"height":395,"caption":"Cristina Bertrand"},"image":{"@id":"https:\/\/cristinabertrand.com\/#\/schema\/logo\/image\/"}},{"@type":"WebSite","@id":"https:\/\/cristinabertrand.com\/#website","url":"https:\/\/cristinabertrand.com\/","name":"Cristina Bertrand","description":"Writings, paintings, ebooks and perfume, all with art","publisher":{"@id":"https:\/\/cristinabertrand.com\/#organization"},"potentialAction":[{"@type":"SearchAction","target":{"@type":"EntryPoint","urlTemplate":"https:\/\/cristinabertrand.com\/?s={search_term_string}"},"query-input":"required name=search_term_string"}],"inLanguage":"es"},{"@type":"ImageObject","inLanguage":"es","@id":"https:\/\/cristinabertrand.com\/es\/tienda\/consultas-online-personalizadas\/#primaryimage","url":"https:\/\/cristinabertrand.com\/wp-content\/uploads\/2023\/01\/Captura-de-pantalla-2023-01-30-a-las-15.35.48.png","contentUrl":"https:\/\/cristinabertrand.com\/wp-content\/uploads\/2023\/01\/Captura-de-pantalla-2023-01-30-a-las-15.35.48.png","width":2368,"height":1656},{"@type":"WebPage","@id":"https:\/\/cristinabertrand.com\/es\/tienda\/consultas-online-personalizadas\/#webpage","url":"https:\/\/cristinabertrand.com\/es\/tienda\/consultas-online-personalizadas\/","name":"Consultas online personalizadas - Cristina Bertrand","isPartOf":{"@id":"https:\/\/cristinabertrand.com\/#website"},"primaryImageOfPage":{"@id":"https:\/\/cristinabertrand.com\/es\/tienda\/consultas-online-personalizadas\/#primaryimage"},"datePublished":"2022-01-24T17:03:35+00:00","dateModified":"2023-01-30T14:49:32+00:00","breadcrumb":{"@id":"https:\/\/cristinabertrand.com\/es\/tienda\/consultas-online-personalizadas\/#breadcrumb"},"inLanguage":"es","potentialAction":[{"@type":"ReadAction","target":["https:\/\/cristinabertrand.com\/es\/tienda\/consultas-online-personalizadas\/"]}]},{"@type":"BreadcrumbList","@id":"https:\/\/cristinabertrand.com\/es\/tienda\/consultas-online-personalizadas\/#breadcrumb","itemListElement":[{"@type":"ListItem","position":1,"name":"Home","item":"https:\/\/cristinabertrand.com\/es\/"},{"@type":"ListItem","position":2,"name":"Tienda","item":"https:\/\/cristinabertrand.com\/es\/tienda-2\/"},{"@type":"ListItem","position":3,"name":"Consultas online personalizadas"}]}]}},"_links":{"self":[{"href":"https:\/\/cristinabertrand.com\/es\/wp-json\/wp\/v2\/product\/10965"}],"collection":[{"href":"https:\/\/cristinabertrand.com\/es\/wp-json\/wp\/v2\/product"}],"about":[{"href":"https:\/\/cristinabertrand.com\/es\/wp-json\/wp\/v2\/types\/product"}],"wp:featuredmedia":[{"embeddable":true,"href":"https:\/\/cristinabertrand.com\/es\/wp-json\/wp\/v2\/media\/12391"}],"wp:attachment":[{"href":"https:\/\/cristinabertrand.com\/es\/wp-json\/wp\/v2\/media?parent=10965"}],"wp:term":[{"taxonomy":"product_cat","embeddable":true,"href":"https:\/\/cristinabertrand.com\/es\/wp-json\/wp\/v2\/product_cat?post=10965"},{"taxonomy":"product_tag","embeddable":true,"href":"https:\/\/cristinabertrand.com\/es\/wp-json\/wp\/v2\/product_tag?post=10965"}],"curies":[{"name":"wp","href":"https:\/\/api.w.org\/{rel}","templated":true}]}}