{"id":10972,"date":"2021-07-22T20:10:51","date_gmt":"2021-07-22T12:10:51","guid":{"rendered":"https:\/\/cristinabertrand.com\/shop\/yi-jing\/"},"modified":"2022-05-19T22:21:09","modified_gmt":"2022-05-19T14:21:09","slug":"yi-jing","status":"publish","type":"product","link":"https:\/\/cristinabertrand.com\/es\/tienda\/yi-jing\/","title":{"rendered":"Introducci\u00f3n al Yi Jing"},"content":{"rendered":"<p>[vc_row css=\u00bb.vc_custom_1627894633380{padding-top: 0px !important;padding-bottom: 20px !important;}\u00bb][vc_column][vc_column_text]<\/p>\n<h1 style=\"text-align: center;\">Descargar programa completo <a href=\"http:\/\/cristinabertrand.com\/wp-content\/uploads\/2022\/01\/INTRODUCCION-AL-YI-JING-21-ABRIL-Cristina-Bertrand-3.pdf\">AQU\u00cd<\/a>.<\/h1>\n<p>[\/vc_column_text][\/vc_column][\/vc_row][vc_row][vc_column width=\u00bb2\/3&#8243;][vc_custom_heading text=\u00bbINTRODUCCION AL YI JING\u00bb][vc_column_text]<\/p>\n<p>AULA VIRTUAL<\/p>\n<p>FECHA: 3 de Marzo 2022\u00a0 HORA: 18.00 \u2013 19.30<\/p>\n<p>Limitado a 20 participantes<\/p>\n<p>La inscripci\u00f3n se har\u00e1 en el orden de llegada de los correos.<\/p>\n<p>Para recibir la invitaci\u00f3n al Aula Virtual, por favor env\u00ede un correo a Cristina Bertrand<\/p>\n<p>cristina.bertrand@protonmail.com<\/p>\n<p>[\/vc_column_text][\/vc_column][vc_column width=\u00bb1\/3&#8243; css=\u00bb.vc_custom_1627897995429{border-top-width: 2px !important;border-right-width: 2px !important;border-bottom-width: 2px !important;border-left-width: 2px !important;padding-top: 12px !important;padding-right: 20px !important;padding-bottom: 20px !important;padding-left: 20px !important;border-left-color: #000000 !important;border-left-style: solid !important;border-right-color: #000000 !important;border-right-style: solid !important;border-top-color: #000000 !important;border-top-style: solid !important;border-bottom-color: #000000 !important;border-bottom-style: solid !important;}\u00bb][vc_custom_heading text=\u00bb<\/p>\n<p>Introducci\u00f3n al Yi Jing<br \/>\nAula virtual<\/p>\n<p>\u00ab][vc_column_text]Precio: $20[\/vc_column_text][\/vc_column][\/vc_row]<\/p>\n","protected":false},"excerpt":{"rendered":"<p>[vc_row css=\u00bb.vc_custom_1627894633380{padding-top: 0px !important;padding-bottom: 20px !important;}\u00bb][vc_column][vc_column_text] Descargar programa completo AQU\u00cd. [\/vc_column_text][\/vc_column][\/vc_row][vc_row][vc_column width=\u00bb2\/3&#8243;][vc_custom_heading text=\u00bbINTRODUCCION AL YI JING\u00bb][vc_column_text] AULA VIRTUAL FECHA: 3 de Marzo 2022\u00a0 HORA: 18.00 \u2013 19.30 Limitado a 20 participantes La inscripci\u00f3n se har\u00e1 en el orden de llegada de los correos. Para recibir la invitaci\u00f3n al Aula Virtual, por favor env\u00ede un correo &hellip;<\/p>\n","protected":false},"featured_media":10676,"template":"","meta":[],"product_cat":[131,132,136],"product_tag":[],"acf":[],"yoast_head":"<!-- This site is optimized with the Yoast SEO plugin v18.8 - https:\/\/yoast.com\/wordpress\/plugins\/seo\/ -->\n<title>Introducci\u00f3n al Yi Jing - Cristina Bertrand<\/title>\n<meta name=\"robots\" content=\"index, follow, max-snippet:-1, max-image-preview:large, max-video-preview:-1\" \/>\n<link rel=\"canonical\" href=\"https:\/\/cristinabertrand.com\/es\/tienda\/yi-jing\/\" \/>\n<meta property=\"og:locale\" content=\"es_ES\" \/>\n<meta property=\"og:type\" content=\"article\" \/>\n<meta property=\"og:title\" content=\"Introducci\u00f3n al Yi Jing - Cristina Bertrand\" \/>\n<meta property=\"og:description\" content=\"[vc_row css=\u00bb.vc_custom_1627894633380{padding-top: 0px !important;padding-bottom: 20px !important;}\u00bb][vc_column][vc_column_text] Descargar programa completo AQU\u00cd. [\/vc_column_text][\/vc_column][\/vc_row][vc_row][vc_column width=\u00bb2\/3&#8243;][vc_custom_heading text=\u00bbINTRODUCCION AL YI JING\u00bb][vc_column_text] AULA VIRTUAL FECHA: 3 de Marzo 2022\u00a0 HORA: 18.00 \u2013 19.30 Limitado a 20 participantes La inscripci\u00f3n se har\u00e1 en el orden de llegada de los correos. Para recibir la invitaci\u00f3n al Aula Virtual, por favor env\u00ede un correo &hellip;\" \/>\n<meta property=\"og:url\" content=\"https:\/\/cristinabertrand.com\/es\/tienda\/yi-jing\/\" \/>\n<meta property=\"og:site_name\" content=\"Cristina Bertrand\" \/>\n<meta property=\"article:modified_time\" content=\"2022-05-19T14:21:09+00:00\" \/>\n<meta property=\"og:image\" content=\"https:\/\/cristinabertrand.com\/wp-content\/uploads\/2021\/07\/INTRODUCCION-AL-YI-JING-scaled.jpg\" \/>\n\t<meta property=\"og:image:width\" content=\"2560\" \/>\n\t<meta property=\"og:image:height\" content=\"1791\" \/>\n\t<meta property=\"og:image:type\" content=\"image\/jpeg\" \/>\n<meta name=\"twitter:card\" content=\"summary\" \/>\n<meta name=\"twitter:label1\" content=\"Tiempo de lectura\" \/>\n\t<meta name=\"twitter:data1\" content=\"1 minuto\" \/>\n<script type=\"application\/ld+json\" class=\"yoast-schema-graph\">{\"@context\":\"https:\/\/schema.org\",\"@graph\":[{\"@type\":\"Organization\",\"@id\":\"https:\/\/cristinabertrand.com\/#organization\",\"name\":\"Cristina Bertrand\",\"url\":\"https:\/\/cristinabertrand.com\/\",\"sameAs\":[],\"logo\":{\"@type\":\"ImageObject\",\"inLanguage\":\"es\",\"@id\":\"https:\/\/cristinabertrand.com\/#\/schema\/logo\/image\/\",\"url\":\"https:\/\/cristinabertrand.com\/wp-content\/uploads\/2021\/07\/logo_cb_big.jpg\",\"contentUrl\":\"https:\/\/cristinabertrand.com\/wp-content\/uploads\/2021\/07\/logo_cb_big.jpg\",\"width\":396,\"height\":395,\"caption\":\"Cristina Bertrand\"},\"image\":{\"@id\":\"https:\/\/cristinabertrand.com\/#\/schema\/logo\/image\/\"}},{\"@type\":\"WebSite\",\"@id\":\"https:\/\/cristinabertrand.com\/#website\",\"url\":\"https:\/\/cristinabertrand.com\/\",\"name\":\"Cristina Bertrand\",\"description\":\"Writings, paintings, ebooks and perfume, all with art\",\"publisher\":{\"@id\":\"https:\/\/cristinabertrand.com\/#organization\"},\"potentialAction\":[{\"@type\":\"SearchAction\",\"target\":{\"@type\":\"EntryPoint\",\"urlTemplate\":\"https:\/\/cristinabertrand.com\/?s={search_term_string}\"},\"query-input\":\"required name=search_term_string\"}],\"inLanguage\":\"es\"},{\"@type\":\"ImageObject\",\"inLanguage\":\"es\",\"@id\":\"https:\/\/cristinabertrand.com\/es\/tienda\/yi-jing\/#primaryimage\",\"url\":\"https:\/\/cristinabertrand.com\/wp-content\/uploads\/2021\/07\/INTRODUCCION-AL-YI-JING-scaled.jpg\",\"contentUrl\":\"https:\/\/cristinabertrand.com\/wp-content\/uploads\/2021\/07\/INTRODUCCION-AL-YI-JING-scaled.jpg\",\"width\":2560,\"height\":1791},{\"@type\":\"WebPage\",\"@id\":\"https:\/\/cristinabertrand.com\/es\/tienda\/yi-jing\/#webpage\",\"url\":\"https:\/\/cristinabertrand.com\/es\/tienda\/yi-jing\/\",\"name\":\"Introducci\u00f3n al Yi Jing - Cristina Bertrand\",\"isPartOf\":{\"@id\":\"https:\/\/cristinabertrand.com\/#website\"},\"primaryImageOfPage\":{\"@id\":\"https:\/\/cristinabertrand.com\/es\/tienda\/yi-jing\/#primaryimage\"},\"datePublished\":\"2021-07-22T12:10:51+00:00\",\"dateModified\":\"2022-05-19T14:21:09+00:00\",\"breadcrumb\":{\"@id\":\"https:\/\/cristinabertrand.com\/es\/tienda\/yi-jing\/#breadcrumb\"},\"inLanguage\":\"es\",\"potentialAction\":[{\"@type\":\"ReadAction\",\"target\":[\"https:\/\/cristinabertrand.com\/es\/tienda\/yi-jing\/\"]}]},{\"@type\":\"BreadcrumbList\",\"@id\":\"https:\/\/cristinabertrand.com\/es\/tienda\/yi-jing\/#breadcrumb\",\"itemListElement\":[{\"@type\":\"ListItem\",\"position\":1,\"name\":\"Home\",\"item\":\"https:\/\/cristinabertrand.com\/es\/\"},{\"@type\":\"ListItem\",\"position\":2,\"name\":\"Tienda\",\"item\":\"https:\/\/cristinabertrand.com\/es\/tienda-2\/\"},{\"@type\":\"ListItem\",\"position\":3,\"name\":\"Introducci\u00f3n al Yi Jing\"}]}]}<\/script>\n<!-- \/ Yoast SEO plugin. -->","yoast_head_json":{"title":"Introducci\u00f3n al Yi Jing - Cristina Bertrand","robots":{"index":"index","follow":"follow","max-snippet":"max-snippet:-1","max-image-preview":"max-image-preview:large","max-video-preview":"max-video-preview:-1"},"canonical":"https:\/\/cristinabertrand.com\/es\/tienda\/yi-jing\/","og_locale":"es_ES","og_type":"article","og_title":"Introducci\u00f3n al Yi Jing - Cristina Bertrand","og_description":"[vc_row css=\u00bb.vc_custom_1627894633380{padding-top: 0px !important;padding-bottom: 20px !important;}\u00bb][vc_column][vc_column_text] Descargar programa completo AQU\u00cd. [\/vc_column_text][\/vc_column][\/vc_row][vc_row][vc_column width=\u00bb2\/3&#8243;][vc_custom_heading text=\u00bbINTRODUCCION AL YI JING\u00bb][vc_column_text] AULA VIRTUAL FECHA: 3 de Marzo 2022\u00a0 HORA: 18.00 \u2013 19.30 Limitado a 20 participantes La inscripci\u00f3n se har\u00e1 en el orden de llegada de los correos. Para recibir la invitaci\u00f3n al Aula Virtual, por favor env\u00ede un correo &hellip;","og_url":"https:\/\/cristinabertrand.com\/es\/tienda\/yi-jing\/","og_site_name":"Cristina Bertrand","article_modified_time":"2022-05-19T14:21:09+00:00","og_image":[{"width":2560,"height":1791,"url":"https:\/\/cristinabertrand.com\/wp-content\/uploads\/2021\/07\/INTRODUCCION-AL-YI-JING-scaled.jpg","type":"image\/jpeg"}],"twitter_card":"summary","twitter_misc":{"Tiempo de lectura":"1 minuto"},"schema":{"@context":"https:\/\/schema.org","@graph":[{"@type":"Organization","@id":"https:\/\/cristinabertrand.com\/#organization","name":"Cristina Bertrand","url":"https:\/\/cristinabertrand.com\/","sameAs":[],"logo":{"@type":"ImageObject","inLanguage":"es","@id":"https:\/\/cristinabertrand.com\/#\/schema\/logo\/image\/","url":"https:\/\/cristinabertrand.com\/wp-content\/uploads\/2021\/07\/logo_cb_big.jpg","contentUrl":"https:\/\/cristinabertrand.com\/wp-content\/uploads\/2021\/07\/logo_cb_big.jpg","width":396,"height":395,"caption":"Cristina Bertrand"},"image":{"@id":"https:\/\/cristinabertrand.com\/#\/schema\/logo\/image\/"}},{"@type":"WebSite","@id":"https:\/\/cristinabertrand.com\/#website","url":"https:\/\/cristinabertrand.com\/","name":"Cristina Bertrand","description":"Writings, paintings, ebooks and perfume, all with art","publisher":{"@id":"https:\/\/cristinabertrand.com\/#organization"},"potentialAction":[{"@type":"SearchAction","target":{"@type":"EntryPoint","urlTemplate":"https:\/\/cristinabertrand.com\/?s={search_term_string}"},"query-input":"required name=search_term_string"}],"inLanguage":"es"},{"@type":"ImageObject","inLanguage":"es","@id":"https:\/\/cristinabertrand.com\/es\/tienda\/yi-jing\/#primaryimage","url":"https:\/\/cristinabertrand.com\/wp-content\/uploads\/2021\/07\/INTRODUCCION-AL-YI-JING-scaled.jpg","contentUrl":"https:\/\/cristinabertrand.com\/wp-content\/uploads\/2021\/07\/INTRODUCCION-AL-YI-JING-scaled.jpg","width":2560,"height":1791},{"@type":"WebPage","@id":"https:\/\/cristinabertrand.com\/es\/tienda\/yi-jing\/#webpage","url":"https:\/\/cristinabertrand.com\/es\/tienda\/yi-jing\/","name":"Introducci\u00f3n al Yi Jing - Cristina Bertrand","isPartOf":{"@id":"https:\/\/cristinabertrand.com\/#website"},"primaryImageOfPage":{"@id":"https:\/\/cristinabertrand.com\/es\/tienda\/yi-jing\/#primaryimage"},"datePublished":"2021-07-22T12:10:51+00:00","dateModified":"2022-05-19T14:21:09+00:00","breadcrumb":{"@id":"https:\/\/cristinabertrand.com\/es\/tienda\/yi-jing\/#breadcrumb"},"inLanguage":"es","potentialAction":[{"@type":"ReadAction","target":["https:\/\/cristinabertrand.com\/es\/tienda\/yi-jing\/"]}]},{"@type":"BreadcrumbList","@id":"https:\/\/cristinabertrand.com\/es\/tienda\/yi-jing\/#breadcrumb","itemListElement":[{"@type":"ListItem","position":1,"name":"Home","item":"https:\/\/cristinabertrand.com\/es\/"},{"@type":"ListItem","position":2,"name":"Tienda","item":"https:\/\/cristinabertrand.com\/es\/tienda-2\/"},{"@type":"ListItem","position":3,"name":"Introducci\u00f3n al Yi Jing"}]}]}},"_links":{"self":[{"href":"https:\/\/cristinabertrand.com\/es\/wp-json\/wp\/v2\/product\/10972"}],"collection":[{"href":"https:\/\/cristinabertrand.com\/es\/wp-json\/wp\/v2\/product"}],"about":[{"href":"https:\/\/cristinabertrand.com\/es\/wp-json\/wp\/v2\/types\/product"}],"wp:featuredmedia":[{"embeddable":true,"href":"https:\/\/cristinabertrand.com\/es\/wp-json\/wp\/v2\/media\/10676"}],"wp:attachment":[{"href":"https:\/\/cristinabertrand.com\/es\/wp-json\/wp\/v2\/media?parent=10972"}],"wp:term":[{"taxonomy":"product_cat","embeddable":true,"href":"https:\/\/cristinabertrand.com\/es\/wp-json\/wp\/v2\/product_cat?post=10972"},{"taxonomy":"product_tag","embeddable":true,"href":"https:\/\/cristinabertrand.com\/es\/wp-json\/wp\/v2\/product_tag?post=10972"}],"curies":[{"name":"wp","href":"https:\/\/api.w.org\/{rel}","templated":true}]}}