{"id":10976,"date":"2020-07-30T00:09:22","date_gmt":"2020-07-29T16:09:22","guid":{"rendered":"https:\/\/cristinabertrand.com\/shop\/las-tres-reinas-chinas-en-las-ciudades-vacias-espanol\/"},"modified":"2022-03-10T16:35:10","modified_gmt":"2022-03-10T08:35:10","slug":"las-tres-reinas-chinas-en-las-ciudades-vacias-espanol","status":"publish","type":"product","link":"https:\/\/cristinabertrand.com\/es\/tienda\/las-tres-reinas-chinas-en-las-ciudades-vacias-espanol\/","title":{"rendered":"Las Tres Reinas Chinas en las Ciudades Vaci\u0301as | Espa\u00f1ol"},"content":{"rendered":"<p><strong>Copyright \u00a9 2020. Cristina Bertrand.<\/strong> Todos los derechos reservados. No se puede reenviar ninguna parte de este libro, reproducir ni transmitir de ninguna forma ni por ning\u00fan medio, electr\u00f3nico, fotocopias, auditivo o de otra manera sin el permiso por escrito del autor.<\/p>\n<p>~~~~~~~~~~~~~~~~~~~~~~~~~~~~~~~~~~~~~~~~~~~~~~~~~~~~~~~~~~~~~~~~~~~~~~~~~~~~~~~~~~~~~~~~~~~~~~~~~~~~~~<\/p>\n<p>Rosa Negra hac\u00eda cada a\u00f1o un inventario de su biblioteca. Para ello se rodeaba de numerosos ayudantes, amantes de los libros, que rastreaban estanter\u00edas, ordenaban las materias y dibujaban croquis de espacios y funciones para que los visitantes gozaran de la lectura.<\/p>\n<p>Hab\u00eda salas de lectura y de reuniones en las que gentes de numerosos pa\u00edses compart\u00edan sus saberes. No estaban exentas de discusiones acaloradas, pero si hac\u00edan mucho ruido entraba el lobo de Rosa Negra, se asustaban un poco y bajaban el tono. Todo transcurr\u00eda en calma a partir de ese momento.<\/p>\n<p>En uno de los paseos por las estanter\u00edas Rosa Negra se asom\u00f3 a una ventana y vio una nube pasajera que se deslizaba suavemente por el cielo. De pronto se acord\u00f3: \u00a1La nube de California, la de la peque\u00f1a computadora de bolsillo! Corri\u00f3 a su habitaci\u00f3n, a la peque\u00f1a maleta donde a\u00fan conservaba su tesoro y abri\u00f3 el libro-computadora. Y se conect\u00f3 con Mathew en el Silicon Valley.<\/p>\n","protected":false},"excerpt":{"rendered":"<p><strong>Copyright \u00a9 2020. Cristina Bertrand.<\/strong> Todos los derechos reservados. No se puede reenviar ninguna parte de este libro, reproducir ni transmitir de ninguna forma ni por ning\u00fan medio, electr\u00f3nico, fotocopias, auditivo o de otra manera sin el permiso por escrito del autor.<\/p>\n<p>~~~~~~~~~~~~~~~~~~~~~~~~~~~~~~~~~~~~~~~~~~~<\/p>\n<p>Rosa Negra hac\u00eda cada a\u00f1o un inventario de su biblioteca. Para ello se rodeaba de numerosos ayudantes, amantes de los libros, que rastreaban estanter\u00edas, ordenaban las materias y dibujaban croquis de espacios y funciones para que los visitantes gozaran de la lectura.<\/p>\n<p>Hab\u00eda salas de lectura y de reuniones en las que gentes de numerosos pa\u00edses compart\u00edan sus saberes. No estaban exentas de discusiones acaloradas, pero si hac\u00edan mucho ruido entraba el lobo de Rosa Negra, se asustaban un poco y bajaban el tono. Todo transcurr\u00eda en calma a partir de ese momento.<\/p>\n<p>En uno de los paseos por las estanter\u00edas Rosa Negra se asom\u00f3 a una ventana y vio una nube pasajera que se deslizaba suavemente por el cielo. De pronto se acord\u00f3: \u00a1La nube de California, la de la peque\u00f1a computadora de bolsillo! Corri\u00f3 a su habitaci\u00f3n, a la peque\u00f1a maleta donde a\u00fan conservaba su tesoro y abri\u00f3 el libro-computadora. Y se conect\u00f3 con Mathew en el Silicon Valley.<\/p>\n","protected":false},"featured_media":9740,"template":"","meta":[],"product_cat":[134],"product_tag":[],"acf":[],"yoast_head":"<!-- This site is optimized with the Yoast SEO plugin v18.8 - https:\/\/yoast.com\/wordpress\/plugins\/seo\/ -->\n<title>Las Tres Reinas Chinas en las Ciudades Vaci\u0301as | Espa\u00f1ol - Cristina Bertrand<\/title>\n<meta name=\"robots\" content=\"index, follow, max-snippet:-1, max-image-preview:large, max-video-preview:-1\" \/>\n<link rel=\"canonical\" href=\"https:\/\/cristinabertrand.com\/es\/tienda\/las-tres-reinas-chinas-en-las-ciudades-vacias-espanol\/\" \/>\n<meta property=\"og:locale\" content=\"es_ES\" \/>\n<meta property=\"og:type\" content=\"article\" \/>\n<meta property=\"og:title\" content=\"Las Tres Reinas Chinas en las Ciudades Vaci\u0301as | Espa\u00f1ol - Cristina Bertrand\" \/>\n<meta property=\"og:description\" content=\"Copyright \u00a9 2020. Cristina Bertrand. Todos los derechos reservados. No se puede reenviar ninguna parte de este libro, reproducir ni transmitir de ninguna forma ni por ning\u00fan medio, electr\u00f3nico, fotocopias, auditivo o de otra manera sin el permiso por escrito del autor.  ~~~~~~~~~~~~~~~~~~~~~~~~~~~~~~~~~~~~~~~~~~~  Rosa Negra hac\u00eda cada a\u00f1o un inventario de su biblioteca. Para ello se rodeaba de numerosos ayudantes, amantes de los libros, que rastreaban estanter\u00edas, ordenaban las materias y dibujaban croquis de espacios y funciones para que los visitantes gozaran de la lectura.  Hab\u00eda salas de lectura y de reuniones en las que gentes de numerosos pa\u00edses compart\u00edan sus saberes. No estaban exentas de discusiones acaloradas, pero si hac\u00edan mucho ruido entraba el lobo de Rosa Negra, se asustaban un poco y bajaban el tono. Todo transcurr\u00eda en calma a partir de ese momento.  En uno de los paseos por las estanter\u00edas Rosa Negra se asom\u00f3 a una ventana y vio una nube pasajera que se deslizaba suavemente por el cielo. De pronto se acord\u00f3: \u00a1La nube de California, la de la peque\u00f1a computadora de bolsillo! Corri\u00f3 a su habitaci\u00f3n, a la peque\u00f1a maleta donde a\u00fan conservaba su tesoro y abri\u00f3 el libro-computadora. Y se conect\u00f3 con Mathew en el Silicon Valley.\" \/>\n<meta property=\"og:url\" content=\"https:\/\/cristinabertrand.com\/es\/tienda\/las-tres-reinas-chinas-en-las-ciudades-vacias-espanol\/\" \/>\n<meta property=\"og:site_name\" content=\"Cristina Bertrand\" \/>\n<meta property=\"article:modified_time\" content=\"2022-03-10T08:35:10+00:00\" \/>\n<meta property=\"og:image\" content=\"https:\/\/cristinabertrand.com\/wp-content\/uploads\/2020\/07\/cuentos-de-las-reinas-chinas-en-las-ciudades-vacias-PORTADA-FINAL-595x840-1.jpg\" \/>\n\t<meta property=\"og:image:width\" content=\"595\" \/>\n\t<meta property=\"og:image:height\" content=\"840\" \/>\n\t<meta property=\"og:image:type\" content=\"image\/jpeg\" \/>\n<meta name=\"twitter:card\" content=\"summary\" \/>\n<meta name=\"twitter:label1\" content=\"Tiempo de lectura\" \/>\n\t<meta name=\"twitter:data1\" content=\"1 minuto\" \/>\n<script type=\"application\/ld+json\" class=\"yoast-schema-graph\">{\"@context\":\"https:\/\/schema.org\",\"@graph\":[{\"@type\":\"Organization\",\"@id\":\"https:\/\/cristinabertrand.com\/#organization\",\"name\":\"Cristina Bertrand\",\"url\":\"https:\/\/cristinabertrand.com\/\",\"sameAs\":[],\"logo\":{\"@type\":\"ImageObject\",\"inLanguage\":\"es\",\"@id\":\"https:\/\/cristinabertrand.com\/#\/schema\/logo\/image\/\",\"url\":\"https:\/\/cristinabertrand.com\/wp-content\/uploads\/2021\/07\/logo_cb_big.jpg\",\"contentUrl\":\"https:\/\/cristinabertrand.com\/wp-content\/uploads\/2021\/07\/logo_cb_big.jpg\",\"width\":396,\"height\":395,\"caption\":\"Cristina Bertrand\"},\"image\":{\"@id\":\"https:\/\/cristinabertrand.com\/#\/schema\/logo\/image\/\"}},{\"@type\":\"WebSite\",\"@id\":\"https:\/\/cristinabertrand.com\/#website\",\"url\":\"https:\/\/cristinabertrand.com\/\",\"name\":\"Cristina Bertrand\",\"description\":\"Writings, paintings, ebooks and perfume, all with art\",\"publisher\":{\"@id\":\"https:\/\/cristinabertrand.com\/#organization\"},\"potentialAction\":[{\"@type\":\"SearchAction\",\"target\":{\"@type\":\"EntryPoint\",\"urlTemplate\":\"https:\/\/cristinabertrand.com\/?s={search_term_string}\"},\"query-input\":\"required name=search_term_string\"}],\"inLanguage\":\"es\"},{\"@type\":\"ImageObject\",\"inLanguage\":\"es\",\"@id\":\"https:\/\/cristinabertrand.com\/es\/tienda\/las-tres-reinas-chinas-en-las-ciudades-vacias-espanol\/#primaryimage\",\"url\":\"https:\/\/cristinabertrand.com\/wp-content\/uploads\/2020\/07\/cuentos-de-las-reinas-chinas-en-las-ciudades-vacias-PORTADA-FINAL-595x840-1.jpg\",\"contentUrl\":\"https:\/\/cristinabertrand.com\/wp-content\/uploads\/2020\/07\/cuentos-de-las-reinas-chinas-en-las-ciudades-vacias-PORTADA-FINAL-595x840-1.jpg\",\"width\":595,\"height\":840},{\"@type\":\"WebPage\",\"@id\":\"https:\/\/cristinabertrand.com\/es\/tienda\/las-tres-reinas-chinas-en-las-ciudades-vacias-espanol\/#webpage\",\"url\":\"https:\/\/cristinabertrand.com\/es\/tienda\/las-tres-reinas-chinas-en-las-ciudades-vacias-espanol\/\",\"name\":\"Las Tres Reinas Chinas en las Ciudades Vaci\u0301as | Espa\u00f1ol - Cristina Bertrand\",\"isPartOf\":{\"@id\":\"https:\/\/cristinabertrand.com\/#website\"},\"primaryImageOfPage\":{\"@id\":\"https:\/\/cristinabertrand.com\/es\/tienda\/las-tres-reinas-chinas-en-las-ciudades-vacias-espanol\/#primaryimage\"},\"datePublished\":\"2020-07-29T16:09:22+00:00\",\"dateModified\":\"2022-03-10T08:35:10+00:00\",\"breadcrumb\":{\"@id\":\"https:\/\/cristinabertrand.com\/es\/tienda\/las-tres-reinas-chinas-en-las-ciudades-vacias-espanol\/#breadcrumb\"},\"inLanguage\":\"es\",\"potentialAction\":[{\"@type\":\"ReadAction\",\"target\":[\"https:\/\/cristinabertrand.com\/es\/tienda\/las-tres-reinas-chinas-en-las-ciudades-vacias-espanol\/\"]}]},{\"@type\":\"BreadcrumbList\",\"@id\":\"https:\/\/cristinabertrand.com\/es\/tienda\/las-tres-reinas-chinas-en-las-ciudades-vacias-espanol\/#breadcrumb\",\"itemListElement\":[{\"@type\":\"ListItem\",\"position\":1,\"name\":\"Home\",\"item\":\"https:\/\/cristinabertrand.com\/es\/\"},{\"@type\":\"ListItem\",\"position\":2,\"name\":\"Tienda\",\"item\":\"https:\/\/cristinabertrand.com\/es\/tienda-2\/\"},{\"@type\":\"ListItem\",\"position\":3,\"name\":\"Las Tres Reinas Chinas en las Ciudades Vaci\u0301as | Espa\u00f1ol\"}]}]}<\/script>\n<!-- \/ Yoast SEO plugin. -->","yoast_head_json":{"title":"Las Tres Reinas Chinas en las Ciudades Vaci\u0301as | Espa\u00f1ol - Cristina Bertrand","robots":{"index":"index","follow":"follow","max-snippet":"max-snippet:-1","max-image-preview":"max-image-preview:large","max-video-preview":"max-video-preview:-1"},"canonical":"https:\/\/cristinabertrand.com\/es\/tienda\/las-tres-reinas-chinas-en-las-ciudades-vacias-espanol\/","og_locale":"es_ES","og_type":"article","og_title":"Las Tres Reinas Chinas en las Ciudades Vaci\u0301as | Espa\u00f1ol - Cristina Bertrand","og_description":"Copyright \u00a9 2020. Cristina Bertrand. Todos los derechos reservados. No se puede reenviar ninguna parte de este libro, reproducir ni transmitir de ninguna forma ni por ning\u00fan medio, electr\u00f3nico, fotocopias, auditivo o de otra manera sin el permiso por escrito del autor.  ~~~~~~~~~~~~~~~~~~~~~~~~~~~~~~~~~~~~~~~~~~~  Rosa Negra hac\u00eda cada a\u00f1o un inventario de su biblioteca. Para ello se rodeaba de numerosos ayudantes, amantes de los libros, que rastreaban estanter\u00edas, ordenaban las materias y dibujaban croquis de espacios y funciones para que los visitantes gozaran de la lectura.  Hab\u00eda salas de lectura y de reuniones en las que gentes de numerosos pa\u00edses compart\u00edan sus saberes. No estaban exentas de discusiones acaloradas, pero si hac\u00edan mucho ruido entraba el lobo de Rosa Negra, se asustaban un poco y bajaban el tono. Todo transcurr\u00eda en calma a partir de ese momento.  En uno de los paseos por las estanter\u00edas Rosa Negra se asom\u00f3 a una ventana y vio una nube pasajera que se deslizaba suavemente por el cielo. De pronto se acord\u00f3: \u00a1La nube de California, la de la peque\u00f1a computadora de bolsillo! Corri\u00f3 a su habitaci\u00f3n, a la peque\u00f1a maleta donde a\u00fan conservaba su tesoro y abri\u00f3 el libro-computadora. Y se conect\u00f3 con Mathew en el Silicon Valley.","og_url":"https:\/\/cristinabertrand.com\/es\/tienda\/las-tres-reinas-chinas-en-las-ciudades-vacias-espanol\/","og_site_name":"Cristina Bertrand","article_modified_time":"2022-03-10T08:35:10+00:00","og_image":[{"width":595,"height":840,"url":"https:\/\/cristinabertrand.com\/wp-content\/uploads\/2020\/07\/cuentos-de-las-reinas-chinas-en-las-ciudades-vacias-PORTADA-FINAL-595x840-1.jpg","type":"image\/jpeg"}],"twitter_card":"summary","twitter_misc":{"Tiempo de lectura":"1 minuto"},"schema":{"@context":"https:\/\/schema.org","@graph":[{"@type":"Organization","@id":"https:\/\/cristinabertrand.com\/#organization","name":"Cristina Bertrand","url":"https:\/\/cristinabertrand.com\/","sameAs":[],"logo":{"@type":"ImageObject","inLanguage":"es","@id":"https:\/\/cristinabertrand.com\/#\/schema\/logo\/image\/","url":"https:\/\/cristinabertrand.com\/wp-content\/uploads\/2021\/07\/logo_cb_big.jpg","contentUrl":"https:\/\/cristinabertrand.com\/wp-content\/uploads\/2021\/07\/logo_cb_big.jpg","width":396,"height":395,"caption":"Cristina Bertrand"},"image":{"@id":"https:\/\/cristinabertrand.com\/#\/schema\/logo\/image\/"}},{"@type":"WebSite","@id":"https:\/\/cristinabertrand.com\/#website","url":"https:\/\/cristinabertrand.com\/","name":"Cristina Bertrand","description":"Writings, paintings, ebooks and perfume, all with art","publisher":{"@id":"https:\/\/cristinabertrand.com\/#organization"},"potentialAction":[{"@type":"SearchAction","target":{"@type":"EntryPoint","urlTemplate":"https:\/\/cristinabertrand.com\/?s={search_term_string}"},"query-input":"required name=search_term_string"}],"inLanguage":"es"},{"@type":"ImageObject","inLanguage":"es","@id":"https:\/\/cristinabertrand.com\/es\/tienda\/las-tres-reinas-chinas-en-las-ciudades-vacias-espanol\/#primaryimage","url":"https:\/\/cristinabertrand.com\/wp-content\/uploads\/2020\/07\/cuentos-de-las-reinas-chinas-en-las-ciudades-vacias-PORTADA-FINAL-595x840-1.jpg","contentUrl":"https:\/\/cristinabertrand.com\/wp-content\/uploads\/2020\/07\/cuentos-de-las-reinas-chinas-en-las-ciudades-vacias-PORTADA-FINAL-595x840-1.jpg","width":595,"height":840},{"@type":"WebPage","@id":"https:\/\/cristinabertrand.com\/es\/tienda\/las-tres-reinas-chinas-en-las-ciudades-vacias-espanol\/#webpage","url":"https:\/\/cristinabertrand.com\/es\/tienda\/las-tres-reinas-chinas-en-las-ciudades-vacias-espanol\/","name":"Las Tres Reinas Chinas en las Ciudades Vaci\u0301as | Espa\u00f1ol - Cristina Bertrand","isPartOf":{"@id":"https:\/\/cristinabertrand.com\/#website"},"primaryImageOfPage":{"@id":"https:\/\/cristinabertrand.com\/es\/tienda\/las-tres-reinas-chinas-en-las-ciudades-vacias-espanol\/#primaryimage"},"datePublished":"2020-07-29T16:09:22+00:00","dateModified":"2022-03-10T08:35:10+00:00","breadcrumb":{"@id":"https:\/\/cristinabertrand.com\/es\/tienda\/las-tres-reinas-chinas-en-las-ciudades-vacias-espanol\/#breadcrumb"},"inLanguage":"es","potentialAction":[{"@type":"ReadAction","target":["https:\/\/cristinabertrand.com\/es\/tienda\/las-tres-reinas-chinas-en-las-ciudades-vacias-espanol\/"]}]},{"@type":"BreadcrumbList","@id":"https:\/\/cristinabertrand.com\/es\/tienda\/las-tres-reinas-chinas-en-las-ciudades-vacias-espanol\/#breadcrumb","itemListElement":[{"@type":"ListItem","position":1,"name":"Home","item":"https:\/\/cristinabertrand.com\/es\/"},{"@type":"ListItem","position":2,"name":"Tienda","item":"https:\/\/cristinabertrand.com\/es\/tienda-2\/"},{"@type":"ListItem","position":3,"name":"Las Tres Reinas Chinas en las Ciudades Vaci\u0301as | Espa\u00f1ol"}]}]}},"_links":{"self":[{"href":"https:\/\/cristinabertrand.com\/es\/wp-json\/wp\/v2\/product\/10976"}],"collection":[{"href":"https:\/\/cristinabertrand.com\/es\/wp-json\/wp\/v2\/product"}],"about":[{"href":"https:\/\/cristinabertrand.com\/es\/wp-json\/wp\/v2\/types\/product"}],"wp:featuredmedia":[{"embeddable":true,"href":"https:\/\/cristinabertrand.com\/es\/wp-json\/wp\/v2\/media\/9740"}],"wp:attachment":[{"href":"https:\/\/cristinabertrand.com\/es\/wp-json\/wp\/v2\/media?parent=10976"}],"wp:term":[{"taxonomy":"product_cat","embeddable":true,"href":"https:\/\/cristinabertrand.com\/es\/wp-json\/wp\/v2\/product_cat?post=10976"},{"taxonomy":"product_tag","embeddable":true,"href":"https:\/\/cristinabertrand.com\/es\/wp-json\/wp\/v2\/product_tag?post=10976"}],"curies":[{"name":"wp","href":"https:\/\/api.w.org\/{rel}","templated":true}]}}