{"id":10980,"date":"2019-08-31T23:05:27","date_gmt":"2019-08-31T15:05:27","guid":{"rendered":"https:\/\/cristinabertrand.com\/shop\/hong-kong-pensamientos-en-el-paseo-de-la-bahia-espanol\/"},"modified":"2022-03-10T16:35:32","modified_gmt":"2022-03-10T08:35:32","slug":"hong-kong-pensamientos-en-el-paseo-de-la-bahia-espanol","status":"publish","type":"product","link":"https:\/\/cristinabertrand.com\/es\/tienda\/hong-kong-pensamientos-en-el-paseo-de-la-bahia-espanol\/","title":{"rendered":"Hong Kong Pensamientos en el Paseo de la Bahia | Espa\u00f1ol"},"content":{"rendered":"<p><strong>Copyright \u00a9 2019. Cristina Bertrand.<\/strong> Todos los derechos reservados. No se puede reenviar ninguna parte de este libro, reproducir ni transmitir de ninguna forma ni por ning\u00fan medio, electr\u00f3nico, fotocopias, auditivo o de otra manera sin el permiso por escrito del autor.<\/p>\n<p>~~~~~~~~~~~~~~~~~~~~~~~~~~~~~~~~~~~~~~~~~~~~~~~~~~~~~~~~~~~~~~~~~~~~~~~~~~~~~~~~~~~~~~~~~~~~~~~~~~~~~~<\/p>\n<p style=\"text-align: center;\"><strong>EL PERFUME DE LAS REINAS EN EL PUERTO FRAGANTE<\/strong><\/p>\n<p>Cuenta la leyenda que las Reinas, en su viaje de regreso a Nank\u00edn desde California, suplicaron al capit\u00e1n del Barco del Deseo que las llevara antes a visitar un lugar m\u00e1gico que se encontraba cerca de la desembocadura del Rio de la Perla del sur de China. Hab\u00edan le\u00eddo un libro en la biblioteca del barco en el que se hablaba de su puerto, lleno de barcos de todos los colores y de sus aguas azules que enmarcaban extra\u00f1os edificios protegidos por verdes monta\u00f1as.<\/p>\n<p>El capit\u00e1n cumpli\u00f3 sus deseos y las Reinas se quedaron fascinadas al observar tan extra\u00f1a ciudad que parec\u00eda extender miles de agujas al cielo durante el d\u00eda para descansar por la noche en sus tranquilas aguas y sus serenas monta\u00f1as. Tendr\u00edan que volver, pero ahora el tiempo apremiaba para llegar a Nank\u00edn. Sin embargo, \u00bfc\u00f3mo la encontrar\u00edan de nuevo si el capit\u00e1n no pod\u00eda guiarlas?<\/p>\n<p>La soluci\u00f3n fue muy sencilla. Sus fragancias las guiar\u00edan. Rosa Roja, Rosa Blanca y Rosa Negra derramaron unas gotas de sus perfumes en las l\u00edmpidas aguas y desde entonces se llam\u00f3 a la ciudad<\/p>\n<p style=\"text-align: center;\"><strong>Hong Kong \u2013 Puerto Fragante<\/strong><\/p>\n","protected":false},"excerpt":{"rendered":"<p><strong>Copyright \u00a9 2019. Cristina Bertrand.<\/strong> Todos los derechos reservados. No se puede reenviar ninguna parte de este libro, reproducir ni transmitir de ninguna forma ni por ning\u00fan medio, electr\u00f3nico, fotocopias, auditivo o de otra manera sin el permiso por escrito del autor.<\/p>\n<p>~~~~~~~~~~~~~~~~~~~~~~~~~~~~~~~~~~~~~~~~~~~<\/p>\n<p style=\"text-align: center;\"><strong>EL PERFUME DE LAS REINAS EN EL PUERTO FRAGANTE<\/strong><\/p>\n<p>Cuenta la leyenda que las Reinas, en su viaje de regreso a Nank\u00edn desde California, suplicaron al capit\u00e1n del Barco del Deseo que las llevara antes a visitar un lugar m\u00e1gico que se encontraba cerca de la desembocadura del Rio de la Perla del sur de China. Hab\u00edan le\u00eddo un libro en la biblioteca del barco en el que se hablaba de su puerto, lleno de barcos de todos los colores y de sus aguas azules que enmarcaban extra\u00f1os edificios protegidos por verdes monta\u00f1as.<\/p>\n<p>El capit\u00e1n cumpli\u00f3 sus deseos y las Reinas se quedaron fascinadas al observar tan extra\u00f1a ciudad que parec\u00eda extender miles de agujas al cielo durante el d\u00eda para descansar por la noche en sus tranquilas aguas y sus serenas monta\u00f1as. Tendr\u00edan que volver, pero ahora el tiempo apremiaba para llegar a Nank\u00edn. Sin embargo, \u00bfc\u00f3mo la encontrar\u00edan de nuevo si el capit\u00e1n no pod\u00eda guiarlas?<\/p>\n<p>La soluci\u00f3n fue muy sencilla. Sus fragancias las guiar\u00edan. Rosa Roja, Rosa Blanca y Rosa Negra derramaron unas gotas de sus perfumes en las l\u00edmpidas aguas y desde entonces se llam\u00f3 a la ciudad<\/p>\n<p style=\"text-align: center;\"><strong>Hong Kong \u2013 Puerto Fragante<\/strong><\/p>\n","protected":false},"featured_media":10981,"template":"","meta":[],"product_cat":[134],"product_tag":[],"acf":[],"yoast_head":"<!-- This site is optimized with the Yoast SEO plugin v18.8 - https:\/\/yoast.com\/wordpress\/plugins\/seo\/ -->\n<title>Hong Kong Pensamientos en el Paseo de la Bahia | Espa\u00f1ol - Cristina Bertrand<\/title>\n<meta name=\"robots\" content=\"index, follow, max-snippet:-1, max-image-preview:large, max-video-preview:-1\" \/>\n<link rel=\"canonical\" href=\"https:\/\/cristinabertrand.com\/es\/tienda\/hong-kong-pensamientos-en-el-paseo-de-la-bahia-espanol\/\" \/>\n<meta property=\"og:locale\" content=\"es_ES\" \/>\n<meta property=\"og:type\" content=\"article\" \/>\n<meta property=\"og:title\" content=\"Hong Kong Pensamientos en el Paseo de la Bahia | Espa\u00f1ol - Cristina Bertrand\" \/>\n<meta property=\"og:description\" content=\"Copyright \u00a9 2019. Cristina Bertrand. Todos los derechos reservados. No se puede reenviar ninguna parte de este libro, reproducir ni transmitir de ninguna forma ni por ning\u00fan medio, electr\u00f3nico, fotocopias, auditivo o de otra manera sin el permiso por escrito del autor.  ~~~~~~~~~~~~~~~~~~~~~~~~~~~~~~~~~~~~~~~~~~~ EL PERFUME DE LAS REINAS EN EL PUERTO FRAGANTE Cuenta la leyenda que las Reinas, en su viaje de regreso a Nank\u00edn desde California, suplicaron al capit\u00e1n del Barco del Deseo que las llevara antes a visitar un lugar m\u00e1gico que se encontraba cerca de la desembocadura del Rio de la Perla del sur de China. Hab\u00edan le\u00eddo un libro en la biblioteca del barco en el que se hablaba de su puerto, lleno de barcos de todos los colores y de sus aguas azules que enmarcaban extra\u00f1os edificios protegidos por verdes monta\u00f1as.  El capit\u00e1n cumpli\u00f3 sus deseos y las Reinas se quedaron fascinadas al observar tan extra\u00f1a ciudad que parec\u00eda extender miles de agujas al cielo durante el d\u00eda para descansar por la noche en sus tranquilas aguas y sus serenas monta\u00f1as. Tendr\u00edan que volver, pero ahora el tiempo apremiaba para llegar a Nank\u00edn. Sin embargo, \u00bfc\u00f3mo la encontrar\u00edan de nuevo si el capit\u00e1n no pod\u00eda guiarlas?  La soluci\u00f3n fue muy sencilla. Sus fragancias las guiar\u00edan. Rosa Roja, Rosa Blanca y Rosa Negra derramaron unas gotas de sus perfumes en las l\u00edmpidas aguas y desde entonces se llam\u00f3 a la ciudad Hong Kong \u2013 Puerto Fragante\" \/>\n<meta property=\"og:url\" content=\"https:\/\/cristinabertrand.com\/es\/tienda\/hong-kong-pensamientos-en-el-paseo-de-la-bahia-espanol\/\" \/>\n<meta property=\"og:site_name\" content=\"Cristina Bertrand\" \/>\n<meta property=\"article:modified_time\" content=\"2022-03-10T08:35:32+00:00\" \/>\n<meta property=\"og:image\" content=\"https:\/\/cristinabertrand.com\/wp-content\/uploads\/2019\/08\/HONG-KONG-FRONT-COVER-SPANISH-scaled.jpg\" \/>\n\t<meta property=\"og:image:width\" content=\"1814\" \/>\n\t<meta property=\"og:image:height\" content=\"2560\" \/>\n\t<meta property=\"og:image:type\" content=\"image\/jpeg\" \/>\n<meta name=\"twitter:card\" content=\"summary\" \/>\n<meta name=\"twitter:label1\" content=\"Tiempo de lectura\" \/>\n\t<meta name=\"twitter:data1\" content=\"1 minuto\" \/>\n<script type=\"application\/ld+json\" class=\"yoast-schema-graph\">{\"@context\":\"https:\/\/schema.org\",\"@graph\":[{\"@type\":\"Organization\",\"@id\":\"https:\/\/cristinabertrand.com\/#organization\",\"name\":\"Cristina Bertrand\",\"url\":\"https:\/\/cristinabertrand.com\/\",\"sameAs\":[],\"logo\":{\"@type\":\"ImageObject\",\"inLanguage\":\"es\",\"@id\":\"https:\/\/cristinabertrand.com\/#\/schema\/logo\/image\/\",\"url\":\"https:\/\/cristinabertrand.com\/wp-content\/uploads\/2021\/07\/logo_cb_big.jpg\",\"contentUrl\":\"https:\/\/cristinabertrand.com\/wp-content\/uploads\/2021\/07\/logo_cb_big.jpg\",\"width\":396,\"height\":395,\"caption\":\"Cristina Bertrand\"},\"image\":{\"@id\":\"https:\/\/cristinabertrand.com\/#\/schema\/logo\/image\/\"}},{\"@type\":\"WebSite\",\"@id\":\"https:\/\/cristinabertrand.com\/#website\",\"url\":\"https:\/\/cristinabertrand.com\/\",\"name\":\"Cristina Bertrand\",\"description\":\"Writings, paintings, ebooks and perfume, all with art\",\"publisher\":{\"@id\":\"https:\/\/cristinabertrand.com\/#organization\"},\"potentialAction\":[{\"@type\":\"SearchAction\",\"target\":{\"@type\":\"EntryPoint\",\"urlTemplate\":\"https:\/\/cristinabertrand.com\/?s={search_term_string}\"},\"query-input\":\"required name=search_term_string\"}],\"inLanguage\":\"es\"},{\"@type\":\"ImageObject\",\"inLanguage\":\"es\",\"@id\":\"https:\/\/cristinabertrand.com\/es\/tienda\/hong-kong-pensamientos-en-el-paseo-de-la-bahia-espanol\/#primaryimage\",\"url\":\"https:\/\/cristinabertrand.com\/wp-content\/uploads\/2019\/08\/HONG-KONG-FRONT-COVER-SPANISH-scaled.jpg\",\"contentUrl\":\"https:\/\/cristinabertrand.com\/wp-content\/uploads\/2019\/08\/HONG-KONG-FRONT-COVER-SPANISH-scaled.jpg\",\"width\":1814,\"height\":2560},{\"@type\":\"WebPage\",\"@id\":\"https:\/\/cristinabertrand.com\/es\/tienda\/hong-kong-pensamientos-en-el-paseo-de-la-bahia-espanol\/#webpage\",\"url\":\"https:\/\/cristinabertrand.com\/es\/tienda\/hong-kong-pensamientos-en-el-paseo-de-la-bahia-espanol\/\",\"name\":\"Hong Kong Pensamientos en el Paseo de la Bahia | Espa\u00f1ol - Cristina Bertrand\",\"isPartOf\":{\"@id\":\"https:\/\/cristinabertrand.com\/#website\"},\"primaryImageOfPage\":{\"@id\":\"https:\/\/cristinabertrand.com\/es\/tienda\/hong-kong-pensamientos-en-el-paseo-de-la-bahia-espanol\/#primaryimage\"},\"datePublished\":\"2019-08-31T15:05:27+00:00\",\"dateModified\":\"2022-03-10T08:35:32+00:00\",\"breadcrumb\":{\"@id\":\"https:\/\/cristinabertrand.com\/es\/tienda\/hong-kong-pensamientos-en-el-paseo-de-la-bahia-espanol\/#breadcrumb\"},\"inLanguage\":\"es\",\"potentialAction\":[{\"@type\":\"ReadAction\",\"target\":[\"https:\/\/cristinabertrand.com\/es\/tienda\/hong-kong-pensamientos-en-el-paseo-de-la-bahia-espanol\/\"]}]},{\"@type\":\"BreadcrumbList\",\"@id\":\"https:\/\/cristinabertrand.com\/es\/tienda\/hong-kong-pensamientos-en-el-paseo-de-la-bahia-espanol\/#breadcrumb\",\"itemListElement\":[{\"@type\":\"ListItem\",\"position\":1,\"name\":\"Home\",\"item\":\"https:\/\/cristinabertrand.com\/es\/\"},{\"@type\":\"ListItem\",\"position\":2,\"name\":\"Tienda\",\"item\":\"https:\/\/cristinabertrand.com\/es\/tienda-2\/\"},{\"@type\":\"ListItem\",\"position\":3,\"name\":\"Hong Kong Pensamientos en el Paseo de la Bahia | Espa\u00f1ol\"}]}]}<\/script>\n<!-- \/ Yoast SEO plugin. -->","yoast_head_json":{"title":"Hong Kong Pensamientos en el Paseo de la Bahia | Espa\u00f1ol - Cristina Bertrand","robots":{"index":"index","follow":"follow","max-snippet":"max-snippet:-1","max-image-preview":"max-image-preview:large","max-video-preview":"max-video-preview:-1"},"canonical":"https:\/\/cristinabertrand.com\/es\/tienda\/hong-kong-pensamientos-en-el-paseo-de-la-bahia-espanol\/","og_locale":"es_ES","og_type":"article","og_title":"Hong Kong Pensamientos en el Paseo de la Bahia | Espa\u00f1ol - Cristina Bertrand","og_description":"Copyright \u00a9 2019. Cristina Bertrand. Todos los derechos reservados. No se puede reenviar ninguna parte de este libro, reproducir ni transmitir de ninguna forma ni por ning\u00fan medio, electr\u00f3nico, fotocopias, auditivo o de otra manera sin el permiso por escrito del autor.  ~~~~~~~~~~~~~~~~~~~~~~~~~~~~~~~~~~~~~~~~~~~ EL PERFUME DE LAS REINAS EN EL PUERTO FRAGANTE Cuenta la leyenda que las Reinas, en su viaje de regreso a Nank\u00edn desde California, suplicaron al capit\u00e1n del Barco del Deseo que las llevara antes a visitar un lugar m\u00e1gico que se encontraba cerca de la desembocadura del Rio de la Perla del sur de China. Hab\u00edan le\u00eddo un libro en la biblioteca del barco en el que se hablaba de su puerto, lleno de barcos de todos los colores y de sus aguas azules que enmarcaban extra\u00f1os edificios protegidos por verdes monta\u00f1as.  El capit\u00e1n cumpli\u00f3 sus deseos y las Reinas se quedaron fascinadas al observar tan extra\u00f1a ciudad que parec\u00eda extender miles de agujas al cielo durante el d\u00eda para descansar por la noche en sus tranquilas aguas y sus serenas monta\u00f1as. Tendr\u00edan que volver, pero ahora el tiempo apremiaba para llegar a Nank\u00edn. Sin embargo, \u00bfc\u00f3mo la encontrar\u00edan de nuevo si el capit\u00e1n no pod\u00eda guiarlas?  La soluci\u00f3n fue muy sencilla. Sus fragancias las guiar\u00edan. Rosa Roja, Rosa Blanca y Rosa Negra derramaron unas gotas de sus perfumes en las l\u00edmpidas aguas y desde entonces se llam\u00f3 a la ciudad Hong Kong \u2013 Puerto Fragante","og_url":"https:\/\/cristinabertrand.com\/es\/tienda\/hong-kong-pensamientos-en-el-paseo-de-la-bahia-espanol\/","og_site_name":"Cristina Bertrand","article_modified_time":"2022-03-10T08:35:32+00:00","og_image":[{"width":1814,"height":2560,"url":"https:\/\/cristinabertrand.com\/wp-content\/uploads\/2019\/08\/HONG-KONG-FRONT-COVER-SPANISH-scaled.jpg","type":"image\/jpeg"}],"twitter_card":"summary","twitter_misc":{"Tiempo de lectura":"1 minuto"},"schema":{"@context":"https:\/\/schema.org","@graph":[{"@type":"Organization","@id":"https:\/\/cristinabertrand.com\/#organization","name":"Cristina Bertrand","url":"https:\/\/cristinabertrand.com\/","sameAs":[],"logo":{"@type":"ImageObject","inLanguage":"es","@id":"https:\/\/cristinabertrand.com\/#\/schema\/logo\/image\/","url":"https:\/\/cristinabertrand.com\/wp-content\/uploads\/2021\/07\/logo_cb_big.jpg","contentUrl":"https:\/\/cristinabertrand.com\/wp-content\/uploads\/2021\/07\/logo_cb_big.jpg","width":396,"height":395,"caption":"Cristina Bertrand"},"image":{"@id":"https:\/\/cristinabertrand.com\/#\/schema\/logo\/image\/"}},{"@type":"WebSite","@id":"https:\/\/cristinabertrand.com\/#website","url":"https:\/\/cristinabertrand.com\/","name":"Cristina Bertrand","description":"Writings, paintings, ebooks and perfume, all with art","publisher":{"@id":"https:\/\/cristinabertrand.com\/#organization"},"potentialAction":[{"@type":"SearchAction","target":{"@type":"EntryPoint","urlTemplate":"https:\/\/cristinabertrand.com\/?s={search_term_string}"},"query-input":"required name=search_term_string"}],"inLanguage":"es"},{"@type":"ImageObject","inLanguage":"es","@id":"https:\/\/cristinabertrand.com\/es\/tienda\/hong-kong-pensamientos-en-el-paseo-de-la-bahia-espanol\/#primaryimage","url":"https:\/\/cristinabertrand.com\/wp-content\/uploads\/2019\/08\/HONG-KONG-FRONT-COVER-SPANISH-scaled.jpg","contentUrl":"https:\/\/cristinabertrand.com\/wp-content\/uploads\/2019\/08\/HONG-KONG-FRONT-COVER-SPANISH-scaled.jpg","width":1814,"height":2560},{"@type":"WebPage","@id":"https:\/\/cristinabertrand.com\/es\/tienda\/hong-kong-pensamientos-en-el-paseo-de-la-bahia-espanol\/#webpage","url":"https:\/\/cristinabertrand.com\/es\/tienda\/hong-kong-pensamientos-en-el-paseo-de-la-bahia-espanol\/","name":"Hong Kong Pensamientos en el Paseo de la Bahia | Espa\u00f1ol - Cristina Bertrand","isPartOf":{"@id":"https:\/\/cristinabertrand.com\/#website"},"primaryImageOfPage":{"@id":"https:\/\/cristinabertrand.com\/es\/tienda\/hong-kong-pensamientos-en-el-paseo-de-la-bahia-espanol\/#primaryimage"},"datePublished":"2019-08-31T15:05:27+00:00","dateModified":"2022-03-10T08:35:32+00:00","breadcrumb":{"@id":"https:\/\/cristinabertrand.com\/es\/tienda\/hong-kong-pensamientos-en-el-paseo-de-la-bahia-espanol\/#breadcrumb"},"inLanguage":"es","potentialAction":[{"@type":"ReadAction","target":["https:\/\/cristinabertrand.com\/es\/tienda\/hong-kong-pensamientos-en-el-paseo-de-la-bahia-espanol\/"]}]},{"@type":"BreadcrumbList","@id":"https:\/\/cristinabertrand.com\/es\/tienda\/hong-kong-pensamientos-en-el-paseo-de-la-bahia-espanol\/#breadcrumb","itemListElement":[{"@type":"ListItem","position":1,"name":"Home","item":"https:\/\/cristinabertrand.com\/es\/"},{"@type":"ListItem","position":2,"name":"Tienda","item":"https:\/\/cristinabertrand.com\/es\/tienda-2\/"},{"@type":"ListItem","position":3,"name":"Hong Kong Pensamientos en el Paseo de la Bahia | Espa\u00f1ol"}]}]}},"_links":{"self":[{"href":"https:\/\/cristinabertrand.com\/es\/wp-json\/wp\/v2\/product\/10980"}],"collection":[{"href":"https:\/\/cristinabertrand.com\/es\/wp-json\/wp\/v2\/product"}],"about":[{"href":"https:\/\/cristinabertrand.com\/es\/wp-json\/wp\/v2\/types\/product"}],"wp:featuredmedia":[{"embeddable":true,"href":"https:\/\/cristinabertrand.com\/es\/wp-json\/wp\/v2\/media\/10981"}],"wp:attachment":[{"href":"https:\/\/cristinabertrand.com\/es\/wp-json\/wp\/v2\/media?parent=10980"}],"wp:term":[{"taxonomy":"product_cat","embeddable":true,"href":"https:\/\/cristinabertrand.com\/es\/wp-json\/wp\/v2\/product_cat?post=10980"},{"taxonomy":"product_tag","embeddable":true,"href":"https:\/\/cristinabertrand.com\/es\/wp-json\/wp\/v2\/product_tag?post=10980"}],"curies":[{"name":"wp","href":"https:\/\/api.w.org\/{rel}","templated":true}]}}