{"id":10984,"date":"2019-08-18T19:38:00","date_gmt":"2019-08-18T11:38:00","guid":{"rendered":"https:\/\/cristinabertrand.com\/shop\/cambia-el-dial-espanol\/"},"modified":"2022-03-10T16:35:43","modified_gmt":"2022-03-10T08:35:43","slug":"cambia-el-dial-espanol","status":"publish","type":"product","link":"https:\/\/cristinabertrand.com\/es\/tienda\/cambia-el-dial-espanol\/","title":{"rendered":"Cambia el Dial | Espa\u00f1ol"},"content":{"rendered":"<p><strong>Copyright \u00a9 2019. Cristina Bertrand.<\/strong> Todos los derechos reservados. No se puede reenviar ninguna parte de este libro, reproducir ni transmitir de ninguna forma ni por ning\u00fan medio, electr\u00f3nico, fotocopias, auditivo o de otra manera sin el permiso por escrito del autor.<\/p>\n<p>~~~~~~~~~~~~~~~~~~~~~~~~~~~~~~~~~~~~~~~~~~~~~~~~~~~~~~~~~~~~~~~~~~~~~~~~~~~~~~~~~~~~~~~~~~~~~~~~~~~~~~<\/p>\n<p>Te levantas por la ma\u00f1ana y quieres escuchar m\u00fasica cl\u00e1sica. La m\u00fasica cl\u00e1sica est\u00e1 en el dial 105.5 y t\u00fa pones la radio en el dial 95.5. \u00bfEscuchas m\u00fasica cl\u00e1sica? No. Como no recuerdas el dial de la m\u00fasica cl\u00e1sica lo vas moviendo hasta que por fin lo encuentras. Entonces te fijas en el n\u00famero para la pr\u00f3xima vez que quieras encontrarlo.<\/p>\n<p>Y ahora disfrutas de la m\u00fasica que te gusta.<\/p>\n<p>El dial de la radio o el buscador de internet tienen la misma funci\u00f3n. Llevarnos adonde queremos ir. Lo mismo pasa en la vida pero, para ello, tenemos que saber primero qu\u00e9 es lo que queremos\u2026<\/p>\n","protected":false},"excerpt":{"rendered":"<p><strong>Copyright \u00a9 2019. Cristina Bertrand.<\/strong> Todos los derechos reservados. No se puede reenviar ninguna parte de este libro, reproducir ni transmitir de ninguna forma ni por ning\u00fan medio, electr\u00f3nico, fotocopias, auditivo o de otra manera sin el permiso por escrito del autor.<\/p>\n<p>~~~~~~~~~~~~~~~~~~~~~~~~~~~~~~~~~~~~~~~~~~~<\/p>\n<p>Te levantas por la ma\u00f1ana y quieres escuchar m\u00fasica cl\u00e1sica. La m\u00fasica cl\u00e1sica est\u00e1 en el dial 105.5 y t\u00fa pones la radio en el dial 95.5. \u00bfEscuchas m\u00fasica cl\u00e1sica? No. Como no recuerdas el dial de la m\u00fasica cl\u00e1sica lo vas moviendo hasta que por fin lo encuentras. Entonces te fijas en el n\u00famero para la pr\u00f3xima vez que quieras encontrarlo.<\/p>\n<p>Y ahora disfrutas de la m\u00fasica que te gusta.<\/p>\n<p>El dial de la radio o el buscador de internet tienen la misma funci\u00f3n. Llevarnos adonde queremos ir. Lo mismo pasa en la vida pero, para ello, tenemos que saber primero qu\u00e9 es lo que queremos\u2026<\/p>\n","protected":false},"featured_media":10985,"template":"","meta":[],"product_cat":[134],"product_tag":[],"acf":[],"yoast_head":"<!-- This site is optimized with the Yoast SEO plugin v18.8 - https:\/\/yoast.com\/wordpress\/plugins\/seo\/ -->\n<title>Cambia el Dial | Espa\u00f1ol - Cristina Bertrand<\/title>\n<meta name=\"robots\" content=\"index, follow, max-snippet:-1, max-image-preview:large, max-video-preview:-1\" \/>\n<link rel=\"canonical\" href=\"https:\/\/cristinabertrand.com\/es\/tienda\/cambia-el-dial-espanol\/\" \/>\n<meta property=\"og:locale\" content=\"es_ES\" \/>\n<meta property=\"og:type\" content=\"article\" \/>\n<meta property=\"og:title\" content=\"Cambia el Dial | Espa\u00f1ol - Cristina Bertrand\" \/>\n<meta property=\"og:description\" content=\"Copyright \u00a9 2019. Cristina Bertrand. Todos los derechos reservados. No se puede reenviar ninguna parte de este libro, reproducir ni transmitir de ninguna forma ni por ning\u00fan medio, electr\u00f3nico, fotocopias, auditivo o de otra manera sin el permiso por escrito del autor.  ~~~~~~~~~~~~~~~~~~~~~~~~~~~~~~~~~~~~~~~~~~~  Te levantas por la ma\u00f1ana y quieres escuchar m\u00fasica cl\u00e1sica. La m\u00fasica cl\u00e1sica est\u00e1 en el dial 105.5 y t\u00fa pones la radio en el dial 95.5. \u00bfEscuchas m\u00fasica cl\u00e1sica? No. Como no recuerdas el dial de la m\u00fasica cl\u00e1sica lo vas moviendo hasta que por fin lo encuentras. Entonces te fijas en el n\u00famero para la pr\u00f3xima vez que quieras encontrarlo.  Y ahora disfrutas de la m\u00fasica que te gusta.  El dial de la radio o el buscador de internet tienen la misma funci\u00f3n. Llevarnos adonde queremos ir. Lo mismo pasa en la vida pero, para ello, tenemos que saber primero qu\u00e9 es lo que queremos\u2026\" \/>\n<meta property=\"og:url\" content=\"https:\/\/cristinabertrand.com\/es\/tienda\/cambia-el-dial-espanol\/\" \/>\n<meta property=\"og:site_name\" content=\"Cristina Bertrand\" \/>\n<meta property=\"article:modified_time\" content=\"2022-03-10T08:35:43+00:00\" \/>\n<meta property=\"og:image\" content=\"https:\/\/cristinabertrand.com\/wp-content\/uploads\/2019\/08\/portada-B-scaled.jpg\" \/>\n\t<meta property=\"og:image:width\" content=\"1813\" \/>\n\t<meta property=\"og:image:height\" content=\"2560\" \/>\n\t<meta property=\"og:image:type\" content=\"image\/jpeg\" \/>\n<meta name=\"twitter:card\" content=\"summary\" \/>\n<meta name=\"twitter:label1\" content=\"Tiempo de lectura\" \/>\n\t<meta name=\"twitter:data1\" content=\"1 minuto\" \/>\n<script type=\"application\/ld+json\" class=\"yoast-schema-graph\">{\"@context\":\"https:\/\/schema.org\",\"@graph\":[{\"@type\":\"Organization\",\"@id\":\"https:\/\/cristinabertrand.com\/#organization\",\"name\":\"Cristina Bertrand\",\"url\":\"https:\/\/cristinabertrand.com\/\",\"sameAs\":[],\"logo\":{\"@type\":\"ImageObject\",\"inLanguage\":\"es\",\"@id\":\"https:\/\/cristinabertrand.com\/#\/schema\/logo\/image\/\",\"url\":\"https:\/\/cristinabertrand.com\/wp-content\/uploads\/2021\/07\/logo_cb_big.jpg\",\"contentUrl\":\"https:\/\/cristinabertrand.com\/wp-content\/uploads\/2021\/07\/logo_cb_big.jpg\",\"width\":396,\"height\":395,\"caption\":\"Cristina Bertrand\"},\"image\":{\"@id\":\"https:\/\/cristinabertrand.com\/#\/schema\/logo\/image\/\"}},{\"@type\":\"WebSite\",\"@id\":\"https:\/\/cristinabertrand.com\/#website\",\"url\":\"https:\/\/cristinabertrand.com\/\",\"name\":\"Cristina Bertrand\",\"description\":\"Writings, paintings, ebooks and perfume, all with art\",\"publisher\":{\"@id\":\"https:\/\/cristinabertrand.com\/#organization\"},\"potentialAction\":[{\"@type\":\"SearchAction\",\"target\":{\"@type\":\"EntryPoint\",\"urlTemplate\":\"https:\/\/cristinabertrand.com\/?s={search_term_string}\"},\"query-input\":\"required name=search_term_string\"}],\"inLanguage\":\"es\"},{\"@type\":\"ImageObject\",\"inLanguage\":\"es\",\"@id\":\"https:\/\/cristinabertrand.com\/es\/tienda\/cambia-el-dial-espanol\/#primaryimage\",\"url\":\"https:\/\/cristinabertrand.com\/wp-content\/uploads\/2019\/08\/portada-B-scaled.jpg\",\"contentUrl\":\"https:\/\/cristinabertrand.com\/wp-content\/uploads\/2019\/08\/portada-B-scaled.jpg\",\"width\":1813,\"height\":2560},{\"@type\":\"WebPage\",\"@id\":\"https:\/\/cristinabertrand.com\/es\/tienda\/cambia-el-dial-espanol\/#webpage\",\"url\":\"https:\/\/cristinabertrand.com\/es\/tienda\/cambia-el-dial-espanol\/\",\"name\":\"Cambia el Dial | Espa\u00f1ol - Cristina Bertrand\",\"isPartOf\":{\"@id\":\"https:\/\/cristinabertrand.com\/#website\"},\"primaryImageOfPage\":{\"@id\":\"https:\/\/cristinabertrand.com\/es\/tienda\/cambia-el-dial-espanol\/#primaryimage\"},\"datePublished\":\"2019-08-18T11:38:00+00:00\",\"dateModified\":\"2022-03-10T08:35:43+00:00\",\"breadcrumb\":{\"@id\":\"https:\/\/cristinabertrand.com\/es\/tienda\/cambia-el-dial-espanol\/#breadcrumb\"},\"inLanguage\":\"es\",\"potentialAction\":[{\"@type\":\"ReadAction\",\"target\":[\"https:\/\/cristinabertrand.com\/es\/tienda\/cambia-el-dial-espanol\/\"]}]},{\"@type\":\"BreadcrumbList\",\"@id\":\"https:\/\/cristinabertrand.com\/es\/tienda\/cambia-el-dial-espanol\/#breadcrumb\",\"itemListElement\":[{\"@type\":\"ListItem\",\"position\":1,\"name\":\"Home\",\"item\":\"https:\/\/cristinabertrand.com\/es\/\"},{\"@type\":\"ListItem\",\"position\":2,\"name\":\"Tienda\",\"item\":\"https:\/\/cristinabertrand.com\/es\/tienda-2\/\"},{\"@type\":\"ListItem\",\"position\":3,\"name\":\"Cambia el Dial | Espa\u00f1ol\"}]}]}<\/script>\n<!-- \/ Yoast SEO plugin. -->","yoast_head_json":{"title":"Cambia el Dial | Espa\u00f1ol - Cristina Bertrand","robots":{"index":"index","follow":"follow","max-snippet":"max-snippet:-1","max-image-preview":"max-image-preview:large","max-video-preview":"max-video-preview:-1"},"canonical":"https:\/\/cristinabertrand.com\/es\/tienda\/cambia-el-dial-espanol\/","og_locale":"es_ES","og_type":"article","og_title":"Cambia el Dial | Espa\u00f1ol - Cristina Bertrand","og_description":"Copyright \u00a9 2019. Cristina Bertrand. Todos los derechos reservados. No se puede reenviar ninguna parte de este libro, reproducir ni transmitir de ninguna forma ni por ning\u00fan medio, electr\u00f3nico, fotocopias, auditivo o de otra manera sin el permiso por escrito del autor.  ~~~~~~~~~~~~~~~~~~~~~~~~~~~~~~~~~~~~~~~~~~~  Te levantas por la ma\u00f1ana y quieres escuchar m\u00fasica cl\u00e1sica. La m\u00fasica cl\u00e1sica est\u00e1 en el dial 105.5 y t\u00fa pones la radio en el dial 95.5. \u00bfEscuchas m\u00fasica cl\u00e1sica? No. Como no recuerdas el dial de la m\u00fasica cl\u00e1sica lo vas moviendo hasta que por fin lo encuentras. Entonces te fijas en el n\u00famero para la pr\u00f3xima vez que quieras encontrarlo.  Y ahora disfrutas de la m\u00fasica que te gusta.  El dial de la radio o el buscador de internet tienen la misma funci\u00f3n. Llevarnos adonde queremos ir. Lo mismo pasa en la vida pero, para ello, tenemos que saber primero qu\u00e9 es lo que queremos\u2026","og_url":"https:\/\/cristinabertrand.com\/es\/tienda\/cambia-el-dial-espanol\/","og_site_name":"Cristina Bertrand","article_modified_time":"2022-03-10T08:35:43+00:00","og_image":[{"width":1813,"height":2560,"url":"https:\/\/cristinabertrand.com\/wp-content\/uploads\/2019\/08\/portada-B-scaled.jpg","type":"image\/jpeg"}],"twitter_card":"summary","twitter_misc":{"Tiempo de lectura":"1 minuto"},"schema":{"@context":"https:\/\/schema.org","@graph":[{"@type":"Organization","@id":"https:\/\/cristinabertrand.com\/#organization","name":"Cristina Bertrand","url":"https:\/\/cristinabertrand.com\/","sameAs":[],"logo":{"@type":"ImageObject","inLanguage":"es","@id":"https:\/\/cristinabertrand.com\/#\/schema\/logo\/image\/","url":"https:\/\/cristinabertrand.com\/wp-content\/uploads\/2021\/07\/logo_cb_big.jpg","contentUrl":"https:\/\/cristinabertrand.com\/wp-content\/uploads\/2021\/07\/logo_cb_big.jpg","width":396,"height":395,"caption":"Cristina Bertrand"},"image":{"@id":"https:\/\/cristinabertrand.com\/#\/schema\/logo\/image\/"}},{"@type":"WebSite","@id":"https:\/\/cristinabertrand.com\/#website","url":"https:\/\/cristinabertrand.com\/","name":"Cristina Bertrand","description":"Writings, paintings, ebooks and perfume, all with art","publisher":{"@id":"https:\/\/cristinabertrand.com\/#organization"},"potentialAction":[{"@type":"SearchAction","target":{"@type":"EntryPoint","urlTemplate":"https:\/\/cristinabertrand.com\/?s={search_term_string}"},"query-input":"required name=search_term_string"}],"inLanguage":"es"},{"@type":"ImageObject","inLanguage":"es","@id":"https:\/\/cristinabertrand.com\/es\/tienda\/cambia-el-dial-espanol\/#primaryimage","url":"https:\/\/cristinabertrand.com\/wp-content\/uploads\/2019\/08\/portada-B-scaled.jpg","contentUrl":"https:\/\/cristinabertrand.com\/wp-content\/uploads\/2019\/08\/portada-B-scaled.jpg","width":1813,"height":2560},{"@type":"WebPage","@id":"https:\/\/cristinabertrand.com\/es\/tienda\/cambia-el-dial-espanol\/#webpage","url":"https:\/\/cristinabertrand.com\/es\/tienda\/cambia-el-dial-espanol\/","name":"Cambia el Dial | Espa\u00f1ol - Cristina Bertrand","isPartOf":{"@id":"https:\/\/cristinabertrand.com\/#website"},"primaryImageOfPage":{"@id":"https:\/\/cristinabertrand.com\/es\/tienda\/cambia-el-dial-espanol\/#primaryimage"},"datePublished":"2019-08-18T11:38:00+00:00","dateModified":"2022-03-10T08:35:43+00:00","breadcrumb":{"@id":"https:\/\/cristinabertrand.com\/es\/tienda\/cambia-el-dial-espanol\/#breadcrumb"},"inLanguage":"es","potentialAction":[{"@type":"ReadAction","target":["https:\/\/cristinabertrand.com\/es\/tienda\/cambia-el-dial-espanol\/"]}]},{"@type":"BreadcrumbList","@id":"https:\/\/cristinabertrand.com\/es\/tienda\/cambia-el-dial-espanol\/#breadcrumb","itemListElement":[{"@type":"ListItem","position":1,"name":"Home","item":"https:\/\/cristinabertrand.com\/es\/"},{"@type":"ListItem","position":2,"name":"Tienda","item":"https:\/\/cristinabertrand.com\/es\/tienda-2\/"},{"@type":"ListItem","position":3,"name":"Cambia el Dial | Espa\u00f1ol"}]}]}},"_links":{"self":[{"href":"https:\/\/cristinabertrand.com\/es\/wp-json\/wp\/v2\/product\/10984"}],"collection":[{"href":"https:\/\/cristinabertrand.com\/es\/wp-json\/wp\/v2\/product"}],"about":[{"href":"https:\/\/cristinabertrand.com\/es\/wp-json\/wp\/v2\/types\/product"}],"wp:featuredmedia":[{"embeddable":true,"href":"https:\/\/cristinabertrand.com\/es\/wp-json\/wp\/v2\/media\/10985"}],"wp:attachment":[{"href":"https:\/\/cristinabertrand.com\/es\/wp-json\/wp\/v2\/media?parent=10984"}],"wp:term":[{"taxonomy":"product_cat","embeddable":true,"href":"https:\/\/cristinabertrand.com\/es\/wp-json\/wp\/v2\/product_cat?post=10984"},{"taxonomy":"product_tag","embeddable":true,"href":"https:\/\/cristinabertrand.com\/es\/wp-json\/wp\/v2\/product_tag?post=10984"}],"curies":[{"name":"wp","href":"https:\/\/api.w.org\/{rel}","templated":true}]}}