{"id":10988,"date":"2018-10-01T15:43:34","date_gmt":"2018-10-01T07:43:34","guid":{"rendered":"https:\/\/cristinabertrand.com\/shop\/transformacion-interior\/"},"modified":"2022-03-10T16:35:56","modified_gmt":"2022-03-10T08:35:56","slug":"transformacion-interior","status":"publish","type":"product","link":"https:\/\/cristinabertrand.com\/es\/tienda\/transformacion-interior\/","title":{"rendered":"Yi Jing: Transformacion Interior. El Nonagrama | Espa\u00f1ol"},"content":{"rendered":"<p><strong>Copyright \u00a9 2019. Cristina Bertrand.<\/strong> Todos los derechos reservados. No se puede reenviar ninguna parte de este libro, reproducir ni transmitir de ninguna forma ni por ning\u00fan medio, electr\u00f3nico, fotocopias, auditivo o de otra manera sin el permiso por escrito del autor.<\/p>\n<p>~~~~~~~~~~~~~~~~~~~~~~~~~~~~~~~~~~~~~~~~~~~~~~~~~~~~~~~~~~~~~~~~~~~~~~~~~~~~~~~~~~~~~~~~~~~~~~~~~~~~~~<\/p>\n<p>Tras muchos a\u00f1os de investigaci\u00f3n sobre el Yi Jing, los principios leibnizianos de causa y efecto, la l\u00f3gica combinatoria, la trial\u00e9ctica, los agujeros negros del tiempo, la matem\u00e1tica binaria y la matem\u00e1tica vorticial, encontr\u00e9 la famosa frase de Tesla:<\/p>\n<p style=\"text-align: center;\"><strong><em>Si solo conocieras la magnificencia<\/em><\/strong><\/p>\n<p style=\"text-align: center;\"><strong><em>del 3, 6 y 9<\/em><\/strong><\/p>\n<p style=\"text-align: center;\"><strong><em>poseer\u00edas<\/em><\/strong><\/p>\n<p style=\"text-align: center;\"><strong><em>\u00a0la llave del Universo.<\/em><\/strong><\/p>\n<p>Esto no me sorprendi\u00f3 porque se correspond\u00eda con los resultados de mis estudios. Sin embargo, todos mis intentos por desarrollar la Transformaci\u00f3n Interior seg\u00fan el Yi Jing hab\u00edan sido infructuosos. Las piezas de mi investigaci\u00f3n encajaban entre s\u00ed aunque no de forma coherente para explicar la Transformaci\u00f3n Interior. Tampoco la pod\u00eda explicar con mi conocimiento e investigaciones sobre el Yi Jing. Solo si un\u00eda todas las piezas anteriores en una concatenaci\u00f3n l\u00f3gica los elementos conflu\u00edan para explicar el universo.<\/p>\n<p>Y entonces encontr\u00e9 la llave\u2026<\/p>\n<p>Lo que a su vez planteaba otro interrogante porque, una vez encontrada, \u00bfpara qu\u00e9 serv\u00eda?, \u00bfd\u00f3nde estaba la puerta del universo que hab\u00eda que abrir con esa llave?, \u00bfqu\u00e9 funci\u00f3n tiene una llave si no nos permite el acceso a otra dimensi\u00f3n del conocimiento?<\/p>\n<p>Ahora, si el lector tiene un poco de paciencia y lee el libro paso a paso comprender\u00e1 la ordenaci\u00f3n l\u00f3gica y podr\u00e1 poseer tambi\u00e9n la llave del Universo.<\/p>\n<p>Pero tal vez no solo del Universo\u2026<\/p>\n","protected":false},"excerpt":{"rendered":"<p>Copyright \u00a9 2019. Cristina Bertrand. Todos los derechos reservados. No se puede reenviar ninguna parte de este libro, reproducir ni transmitir de ninguna forma ni por ning\u00fan medio, electr\u00f3nico, fotocopias, auditivo o de otra manera sin el permiso por escrito del autor. ~~~~~~~~~~~~~~~~~~~~~~~~~~~~~~~~~~~~~~~~~~~~~~~~~~~~~~~~~~~~~~~~~~~~~~~~~~~~~~~~~~~~~~~~~~~~~~~~~~~~~~ Tras muchos a\u00f1os de investigaci\u00f3n sobre el Yi Jing, los principios leibnizianos &hellip;<\/p>\n","protected":false},"featured_media":10989,"template":"","meta":[],"product_cat":[134],"product_tag":[],"acf":[],"yoast_head":"<!-- This site is optimized with the Yoast SEO plugin v18.8 - https:\/\/yoast.com\/wordpress\/plugins\/seo\/ -->\n<title>Yi Jing: Transformacion Interior. El Nonagrama | Espa\u00f1ol - Cristina Bertrand<\/title>\n<meta name=\"robots\" content=\"index, follow, max-snippet:-1, max-image-preview:large, max-video-preview:-1\" \/>\n<link rel=\"canonical\" href=\"https:\/\/cristinabertrand.com\/es\/tienda\/transformacion-interior\/\" \/>\n<meta property=\"og:locale\" content=\"es_ES\" \/>\n<meta property=\"og:type\" content=\"article\" \/>\n<meta property=\"og:title\" content=\"Yi Jing: Transformacion Interior. El Nonagrama | Espa\u00f1ol - Cristina Bertrand\" \/>\n<meta property=\"og:description\" content=\"Copyright \u00a9 2019. Cristina Bertrand. Todos los derechos reservados. No se puede reenviar ninguna parte de este libro, reproducir ni transmitir de ninguna forma ni por ning\u00fan medio, electr\u00f3nico, fotocopias, auditivo o de otra manera sin el permiso por escrito del autor. ~~~~~~~~~~~~~~~~~~~~~~~~~~~~~~~~~~~~~~~~~~~~~~~~~~~~~~~~~~~~~~~~~~~~~~~~~~~~~~~~~~~~~~~~~~~~~~~~~~~~~~ Tras muchos a\u00f1os de investigaci\u00f3n sobre el Yi Jing, los principios leibnizianos &hellip;\" \/>\n<meta property=\"og:url\" content=\"https:\/\/cristinabertrand.com\/es\/tienda\/transformacion-interior\/\" \/>\n<meta property=\"og:site_name\" content=\"Cristina Bertrand\" \/>\n<meta property=\"article:modified_time\" content=\"2022-03-10T08:35:56+00:00\" \/>\n<meta property=\"og:image\" content=\"https:\/\/cristinabertrand.com\/wp-content\/uploads\/2018\/10\/Yi-Jing-Transformacion-Interior-Portada-y-contraportada-Cristina-Bertrand_Page_1-725x1024.png\" \/>\n\t<meta property=\"og:image:width\" content=\"725\" \/>\n\t<meta property=\"og:image:height\" content=\"1024\" \/>\n\t<meta property=\"og:image:type\" content=\"image\/png\" \/>\n<meta name=\"twitter:card\" content=\"summary\" \/>\n<meta name=\"twitter:label1\" content=\"Tiempo de lectura\" \/>\n\t<meta name=\"twitter:data1\" content=\"1 minuto\" \/>\n<script type=\"application\/ld+json\" class=\"yoast-schema-graph\">{\"@context\":\"https:\/\/schema.org\",\"@graph\":[{\"@type\":\"Organization\",\"@id\":\"https:\/\/cristinabertrand.com\/#organization\",\"name\":\"Cristina Bertrand\",\"url\":\"https:\/\/cristinabertrand.com\/\",\"sameAs\":[],\"logo\":{\"@type\":\"ImageObject\",\"inLanguage\":\"es\",\"@id\":\"https:\/\/cristinabertrand.com\/#\/schema\/logo\/image\/\",\"url\":\"https:\/\/cristinabertrand.com\/wp-content\/uploads\/2021\/07\/logo_cb_big.jpg\",\"contentUrl\":\"https:\/\/cristinabertrand.com\/wp-content\/uploads\/2021\/07\/logo_cb_big.jpg\",\"width\":396,\"height\":395,\"caption\":\"Cristina Bertrand\"},\"image\":{\"@id\":\"https:\/\/cristinabertrand.com\/#\/schema\/logo\/image\/\"}},{\"@type\":\"WebSite\",\"@id\":\"https:\/\/cristinabertrand.com\/#website\",\"url\":\"https:\/\/cristinabertrand.com\/\",\"name\":\"Cristina Bertrand\",\"description\":\"Writings, paintings, ebooks and perfume, all with art\",\"publisher\":{\"@id\":\"https:\/\/cristinabertrand.com\/#organization\"},\"potentialAction\":[{\"@type\":\"SearchAction\",\"target\":{\"@type\":\"EntryPoint\",\"urlTemplate\":\"https:\/\/cristinabertrand.com\/?s={search_term_string}\"},\"query-input\":\"required name=search_term_string\"}],\"inLanguage\":\"es\"},{\"@type\":\"ImageObject\",\"inLanguage\":\"es\",\"@id\":\"https:\/\/cristinabertrand.com\/es\/tienda\/transformacion-interior\/#primaryimage\",\"url\":\"https:\/\/cristinabertrand.com\/wp-content\/uploads\/2018\/10\/Yi-Jing-Transformacion-Interior-Portada-y-contraportada-Cristina-Bertrand_Page_1.png\",\"contentUrl\":\"https:\/\/cristinabertrand.com\/wp-content\/uploads\/2018\/10\/Yi-Jing-Transformacion-Interior-Portada-y-contraportada-Cristina-Bertrand_Page_1.png\",\"width\":1339,\"height\":1890},{\"@type\":\"WebPage\",\"@id\":\"https:\/\/cristinabertrand.com\/es\/tienda\/transformacion-interior\/#webpage\",\"url\":\"https:\/\/cristinabertrand.com\/es\/tienda\/transformacion-interior\/\",\"name\":\"Yi Jing: Transformacion Interior. El Nonagrama | Espa\u00f1ol - Cristina Bertrand\",\"isPartOf\":{\"@id\":\"https:\/\/cristinabertrand.com\/#website\"},\"primaryImageOfPage\":{\"@id\":\"https:\/\/cristinabertrand.com\/es\/tienda\/transformacion-interior\/#primaryimage\"},\"datePublished\":\"2018-10-01T07:43:34+00:00\",\"dateModified\":\"2022-03-10T08:35:56+00:00\",\"breadcrumb\":{\"@id\":\"https:\/\/cristinabertrand.com\/es\/tienda\/transformacion-interior\/#breadcrumb\"},\"inLanguage\":\"es\",\"potentialAction\":[{\"@type\":\"ReadAction\",\"target\":[\"https:\/\/cristinabertrand.com\/es\/tienda\/transformacion-interior\/\"]}]},{\"@type\":\"BreadcrumbList\",\"@id\":\"https:\/\/cristinabertrand.com\/es\/tienda\/transformacion-interior\/#breadcrumb\",\"itemListElement\":[{\"@type\":\"ListItem\",\"position\":1,\"name\":\"Home\",\"item\":\"https:\/\/cristinabertrand.com\/es\/\"},{\"@type\":\"ListItem\",\"position\":2,\"name\":\"Tienda\",\"item\":\"https:\/\/cristinabertrand.com\/es\/tienda-2\/\"},{\"@type\":\"ListItem\",\"position\":3,\"name\":\"Yi Jing: Transformacion Interior. El Nonagrama | Espa\u00f1ol\"}]}]}<\/script>\n<!-- \/ Yoast SEO plugin. -->","yoast_head_json":{"title":"Yi Jing: Transformacion Interior. El Nonagrama | Espa\u00f1ol - Cristina Bertrand","robots":{"index":"index","follow":"follow","max-snippet":"max-snippet:-1","max-image-preview":"max-image-preview:large","max-video-preview":"max-video-preview:-1"},"canonical":"https:\/\/cristinabertrand.com\/es\/tienda\/transformacion-interior\/","og_locale":"es_ES","og_type":"article","og_title":"Yi Jing: Transformacion Interior. El Nonagrama | Espa\u00f1ol - Cristina Bertrand","og_description":"Copyright \u00a9 2019. Cristina Bertrand. Todos los derechos reservados. No se puede reenviar ninguna parte de este libro, reproducir ni transmitir de ninguna forma ni por ning\u00fan medio, electr\u00f3nico, fotocopias, auditivo o de otra manera sin el permiso por escrito del autor. ~~~~~~~~~~~~~~~~~~~~~~~~~~~~~~~~~~~~~~~~~~~~~~~~~~~~~~~~~~~~~~~~~~~~~~~~~~~~~~~~~~~~~~~~~~~~~~~~~~~~~~ Tras muchos a\u00f1os de investigaci\u00f3n sobre el Yi Jing, los principios leibnizianos &hellip;","og_url":"https:\/\/cristinabertrand.com\/es\/tienda\/transformacion-interior\/","og_site_name":"Cristina Bertrand","article_modified_time":"2022-03-10T08:35:56+00:00","og_image":[{"width":725,"height":1024,"url":"https:\/\/cristinabertrand.com\/wp-content\/uploads\/2018\/10\/Yi-Jing-Transformacion-Interior-Portada-y-contraportada-Cristina-Bertrand_Page_1-725x1024.png","type":"image\/png"}],"twitter_card":"summary","twitter_misc":{"Tiempo de lectura":"1 minuto"},"schema":{"@context":"https:\/\/schema.org","@graph":[{"@type":"Organization","@id":"https:\/\/cristinabertrand.com\/#organization","name":"Cristina Bertrand","url":"https:\/\/cristinabertrand.com\/","sameAs":[],"logo":{"@type":"ImageObject","inLanguage":"es","@id":"https:\/\/cristinabertrand.com\/#\/schema\/logo\/image\/","url":"https:\/\/cristinabertrand.com\/wp-content\/uploads\/2021\/07\/logo_cb_big.jpg","contentUrl":"https:\/\/cristinabertrand.com\/wp-content\/uploads\/2021\/07\/logo_cb_big.jpg","width":396,"height":395,"caption":"Cristina Bertrand"},"image":{"@id":"https:\/\/cristinabertrand.com\/#\/schema\/logo\/image\/"}},{"@type":"WebSite","@id":"https:\/\/cristinabertrand.com\/#website","url":"https:\/\/cristinabertrand.com\/","name":"Cristina Bertrand","description":"Writings, paintings, ebooks and perfume, all with art","publisher":{"@id":"https:\/\/cristinabertrand.com\/#organization"},"potentialAction":[{"@type":"SearchAction","target":{"@type":"EntryPoint","urlTemplate":"https:\/\/cristinabertrand.com\/?s={search_term_string}"},"query-input":"required name=search_term_string"}],"inLanguage":"es"},{"@type":"ImageObject","inLanguage":"es","@id":"https:\/\/cristinabertrand.com\/es\/tienda\/transformacion-interior\/#primaryimage","url":"https:\/\/cristinabertrand.com\/wp-content\/uploads\/2018\/10\/Yi-Jing-Transformacion-Interior-Portada-y-contraportada-Cristina-Bertrand_Page_1.png","contentUrl":"https:\/\/cristinabertrand.com\/wp-content\/uploads\/2018\/10\/Yi-Jing-Transformacion-Interior-Portada-y-contraportada-Cristina-Bertrand_Page_1.png","width":1339,"height":1890},{"@type":"WebPage","@id":"https:\/\/cristinabertrand.com\/es\/tienda\/transformacion-interior\/#webpage","url":"https:\/\/cristinabertrand.com\/es\/tienda\/transformacion-interior\/","name":"Yi Jing: Transformacion Interior. El Nonagrama | Espa\u00f1ol - Cristina Bertrand","isPartOf":{"@id":"https:\/\/cristinabertrand.com\/#website"},"primaryImageOfPage":{"@id":"https:\/\/cristinabertrand.com\/es\/tienda\/transformacion-interior\/#primaryimage"},"datePublished":"2018-10-01T07:43:34+00:00","dateModified":"2022-03-10T08:35:56+00:00","breadcrumb":{"@id":"https:\/\/cristinabertrand.com\/es\/tienda\/transformacion-interior\/#breadcrumb"},"inLanguage":"es","potentialAction":[{"@type":"ReadAction","target":["https:\/\/cristinabertrand.com\/es\/tienda\/transformacion-interior\/"]}]},{"@type":"BreadcrumbList","@id":"https:\/\/cristinabertrand.com\/es\/tienda\/transformacion-interior\/#breadcrumb","itemListElement":[{"@type":"ListItem","position":1,"name":"Home","item":"https:\/\/cristinabertrand.com\/es\/"},{"@type":"ListItem","position":2,"name":"Tienda","item":"https:\/\/cristinabertrand.com\/es\/tienda-2\/"},{"@type":"ListItem","position":3,"name":"Yi Jing: Transformacion Interior. El Nonagrama | Espa\u00f1ol"}]}]}},"_links":{"self":[{"href":"https:\/\/cristinabertrand.com\/es\/wp-json\/wp\/v2\/product\/10988"}],"collection":[{"href":"https:\/\/cristinabertrand.com\/es\/wp-json\/wp\/v2\/product"}],"about":[{"href":"https:\/\/cristinabertrand.com\/es\/wp-json\/wp\/v2\/types\/product"}],"wp:featuredmedia":[{"embeddable":true,"href":"https:\/\/cristinabertrand.com\/es\/wp-json\/wp\/v2\/media\/10989"}],"wp:attachment":[{"href":"https:\/\/cristinabertrand.com\/es\/wp-json\/wp\/v2\/media?parent=10988"}],"wp:term":[{"taxonomy":"product_cat","embeddable":true,"href":"https:\/\/cristinabertrand.com\/es\/wp-json\/wp\/v2\/product_cat?post=10988"},{"taxonomy":"product_tag","embeddable":true,"href":"https:\/\/cristinabertrand.com\/es\/wp-json\/wp\/v2\/product_tag?post=10988"}],"curies":[{"name":"wp","href":"https:\/\/api.w.org\/{rel}","templated":true}]}}