{"id":11002,"date":"2017-10-10T02:30:04","date_gmt":"2017-10-09T18:30:04","guid":{"rendered":"https:\/\/cristinabertrand.com\/shop\/cuentos-de-las-tres-reinas-en-california\/"},"modified":"2022-03-10T16:36:16","modified_gmt":"2022-03-10T08:36:16","slug":"cuentos-de-las-tres-reinas-en-california","status":"publish","type":"product","link":"https:\/\/cristinabertrand.com\/es\/tienda\/cuentos-de-las-tres-reinas-en-california\/","title":{"rendered":"Cuentos de las Tres Reinas en California | Espa\u00f1ol"},"content":{"rendered":"<p><strong>Copyright \u00a9 2019. Cristina Bertrand.<\/strong> Todos los derechos reservados. No se puede reenviar ninguna parte de este libro, reproducir ni transmitir de ninguna forma ni por ning\u00fan medio, electr\u00f3nico, fotocopias, auditivo o de otra manera sin el permiso por escrito del autor.<\/p>\n<p>~~~~~~~~~~~~~~~~~~~~~~~~~~~~~~~~~~~~~~~~~~~~~~~~~~~~~~~~~~~~~~~~~~~~~~~~~~~~~~~~~~~~~~~~~~~~~~~~~~~~~~<\/p>\n<p>Las tres reinas estaban aburridas. La Ruta de la Seda, encomendada por Genghis Khan a su protecci\u00f3n, estaba asegurada y constitu\u00eda un puente de uni\u00f3n entre Asia y Europa. China atravesaba, asimismo, una \u00e9poca de paz bajo el reinado de la dinast\u00eda Ming. Pero las reinas, acostumbradas a sortear peligros y salir con \u00e9xito de las aventuras m\u00e1s extraordinarias, se aburr\u00edan.<\/p>\n<p>Rosa Negra propuso una reuni\u00f3n en su biblioteca donde se encontraban libros de todos los pa\u00edses del mundo. All\u00ed podr\u00edan consultarlos y decidir qu\u00e9 pa\u00eds visitar en busca de nuevos retos. Las tres reinas se reunieron en la biblioteca de Rosa Negra, en la Sala de los Mapas Geogr\u00e1ficos.<\/p>\n<p>La sala era inmensa y sus paredes estaban cubiertas por mapas de cientos de pa\u00edses de los cinco continentes. La tarea no era nada f\u00e1cil. Tras largas deliberaciones a\u00fan no hab\u00edan encontrado un pa\u00eds que hiciera volar su imaginaci\u00f3n. De pronto, Rosa Blanca encontr\u00f3 un libro peque\u00f1o en una de las estanter\u00edas. Su t\u00edtulo le intrig\u00f3, \u201cLa Leyenda del Desierto del Mojave\u201d. Ella, que amaba los desiertos, comenz\u00f3 a imaginarse todo tipo de aventuras en las dunas suaves y brillantes, pero\u2026 \u00bfde qu\u00e9 pa\u00eds? El desierto se encontraba en California, un pa\u00eds de Am\u00e9rica del Norte.<\/p>\n<p>Encontraron el mapa de California y comenzaron a leer sobre su geograf\u00eda e historia. Rosa Negra se qued\u00f3 fascinada por sus monta\u00f1as del norte y Rosa Blanca se sumergi\u00f3 con su imaginaci\u00f3n en el desierto del Mojave. Pero Rosa Roja no encontraba ning\u00fan paisaje similar a sus amadas estepas. Sin embargo, hab\u00eda vivido en Espa\u00f1a en una gran ciudad, C\u00f3rdoba, y le intrig\u00f3 una inmensa ciudad con un nombre muy ex\u00f3tico que le suger\u00eda seres alados y celestiales, parecidos a los que navegaban por las estepas infinitas. La ciudad de Nuestra Se\u00f1ora la Reina de Los Angeles. Su sorpresa fue a\u00fan mayor al conocer que la ciudad hab\u00eda sido fundada por un gobernador espa\u00f1ol: Felipe de Neve. Volver\u00edan a encontrar Espa\u00f1a en tan lejano pa\u00eds. La decisi\u00f3n fue un\u00e1nime: \u00a1Nos vamos a California!<\/p>\n","protected":false},"excerpt":{"rendered":"<p>Copyright \u00a9 2019. Cristina Bertrand. Todos los derechos reservados. No se puede reenviar ninguna parte de este libro, reproducir ni transmitir de ninguna forma ni por ning\u00fan medio, electr\u00f3nico, fotocopias, auditivo o de otra manera sin el permiso por escrito del autor. ~~~~~~~~~~~~~~~~~~~~~~~~~~~~~~~~~~~~~~~~~~~~~~~~~~~~~~~~~~~~~~~~~~~~~~~~~~~~~~~~~~~~~~~~~~~~~~~~~~~~~~ Las tres reinas estaban aburridas. La Ruta de la Seda, encomendada por &hellip;<\/p>\n","protected":false},"featured_media":11003,"template":"","meta":[],"product_cat":[134],"product_tag":[],"acf":[],"yoast_head":"<!-- This site is optimized with the Yoast SEO plugin v18.8 - https:\/\/yoast.com\/wordpress\/plugins\/seo\/ -->\n<title>Cuentos de las Tres Reinas en California | Espa\u00f1ol - Cristina Bertrand<\/title>\n<meta name=\"robots\" content=\"index, follow, max-snippet:-1, max-image-preview:large, max-video-preview:-1\" \/>\n<link rel=\"canonical\" href=\"https:\/\/cristinabertrand.com\/es\/tienda\/cuentos-de-las-tres-reinas-en-california\/\" \/>\n<meta property=\"og:locale\" content=\"es_ES\" \/>\n<meta property=\"og:type\" content=\"article\" \/>\n<meta property=\"og:title\" content=\"Cuentos de las Tres Reinas en California | Espa\u00f1ol - Cristina Bertrand\" \/>\n<meta property=\"og:description\" content=\"Copyright \u00a9 2019. Cristina Bertrand. Todos los derechos reservados. No se puede reenviar ninguna parte de este libro, reproducir ni transmitir de ninguna forma ni por ning\u00fan medio, electr\u00f3nico, fotocopias, auditivo o de otra manera sin el permiso por escrito del autor. ~~~~~~~~~~~~~~~~~~~~~~~~~~~~~~~~~~~~~~~~~~~~~~~~~~~~~~~~~~~~~~~~~~~~~~~~~~~~~~~~~~~~~~~~~~~~~~~~~~~~~~ Las tres reinas estaban aburridas. La Ruta de la Seda, encomendada por &hellip;\" \/>\n<meta property=\"og:url\" content=\"https:\/\/cristinabertrand.com\/es\/tienda\/cuentos-de-las-tres-reinas-en-california\/\" \/>\n<meta property=\"og:site_name\" content=\"Cristina Bertrand\" \/>\n<meta property=\"article:modified_time\" content=\"2022-03-10T08:36:16+00:00\" \/>\n<meta property=\"og:image\" content=\"https:\/\/cristinabertrand.com\/wp-content\/uploads\/2017\/09\/LAS-TRES-REINAS-EN-CALIFORNIA-PORTADA.jpg\" \/>\n\t<meta property=\"og:image:width\" content=\"1772\" \/>\n\t<meta property=\"og:image:height\" content=\"2362\" \/>\n\t<meta property=\"og:image:type\" content=\"image\/jpeg\" \/>\n<meta name=\"twitter:card\" content=\"summary\" \/>\n<meta name=\"twitter:label1\" content=\"Tiempo de lectura\" \/>\n\t<meta name=\"twitter:data1\" content=\"2 minutos\" \/>\n<script type=\"application\/ld+json\" class=\"yoast-schema-graph\">{\"@context\":\"https:\/\/schema.org\",\"@graph\":[{\"@type\":\"Organization\",\"@id\":\"https:\/\/cristinabertrand.com\/#organization\",\"name\":\"Cristina Bertrand\",\"url\":\"https:\/\/cristinabertrand.com\/\",\"sameAs\":[],\"logo\":{\"@type\":\"ImageObject\",\"inLanguage\":\"es\",\"@id\":\"https:\/\/cristinabertrand.com\/#\/schema\/logo\/image\/\",\"url\":\"https:\/\/cristinabertrand.com\/wp-content\/uploads\/2021\/07\/logo_cb_big.jpg\",\"contentUrl\":\"https:\/\/cristinabertrand.com\/wp-content\/uploads\/2021\/07\/logo_cb_big.jpg\",\"width\":396,\"height\":395,\"caption\":\"Cristina Bertrand\"},\"image\":{\"@id\":\"https:\/\/cristinabertrand.com\/#\/schema\/logo\/image\/\"}},{\"@type\":\"WebSite\",\"@id\":\"https:\/\/cristinabertrand.com\/#website\",\"url\":\"https:\/\/cristinabertrand.com\/\",\"name\":\"Cristina Bertrand\",\"description\":\"Writings, paintings, ebooks and perfume, all with art\",\"publisher\":{\"@id\":\"https:\/\/cristinabertrand.com\/#organization\"},\"potentialAction\":[{\"@type\":\"SearchAction\",\"target\":{\"@type\":\"EntryPoint\",\"urlTemplate\":\"https:\/\/cristinabertrand.com\/?s={search_term_string}\"},\"query-input\":\"required name=search_term_string\"}],\"inLanguage\":\"es\"},{\"@type\":\"ImageObject\",\"inLanguage\":\"es\",\"@id\":\"https:\/\/cristinabertrand.com\/es\/tienda\/cuentos-de-las-tres-reinas-en-california\/#primaryimage\",\"url\":\"https:\/\/cristinabertrand.com\/wp-content\/uploads\/2017\/09\/LAS-TRES-REINAS-EN-CALIFORNIA-PORTADA.jpg\",\"contentUrl\":\"https:\/\/cristinabertrand.com\/wp-content\/uploads\/2017\/09\/LAS-TRES-REINAS-EN-CALIFORNIA-PORTADA.jpg\",\"width\":1772,\"height\":2362},{\"@type\":\"WebPage\",\"@id\":\"https:\/\/cristinabertrand.com\/es\/tienda\/cuentos-de-las-tres-reinas-en-california\/#webpage\",\"url\":\"https:\/\/cristinabertrand.com\/es\/tienda\/cuentos-de-las-tres-reinas-en-california\/\",\"name\":\"Cuentos de las Tres Reinas en California | Espa\u00f1ol - Cristina Bertrand\",\"isPartOf\":{\"@id\":\"https:\/\/cristinabertrand.com\/#website\"},\"primaryImageOfPage\":{\"@id\":\"https:\/\/cristinabertrand.com\/es\/tienda\/cuentos-de-las-tres-reinas-en-california\/#primaryimage\"},\"datePublished\":\"2017-10-09T18:30:04+00:00\",\"dateModified\":\"2022-03-10T08:36:16+00:00\",\"breadcrumb\":{\"@id\":\"https:\/\/cristinabertrand.com\/es\/tienda\/cuentos-de-las-tres-reinas-en-california\/#breadcrumb\"},\"inLanguage\":\"es\",\"potentialAction\":[{\"@type\":\"ReadAction\",\"target\":[\"https:\/\/cristinabertrand.com\/es\/tienda\/cuentos-de-las-tres-reinas-en-california\/\"]}]},{\"@type\":\"BreadcrumbList\",\"@id\":\"https:\/\/cristinabertrand.com\/es\/tienda\/cuentos-de-las-tres-reinas-en-california\/#breadcrumb\",\"itemListElement\":[{\"@type\":\"ListItem\",\"position\":1,\"name\":\"Home\",\"item\":\"https:\/\/cristinabertrand.com\/es\/\"},{\"@type\":\"ListItem\",\"position\":2,\"name\":\"Tienda\",\"item\":\"https:\/\/cristinabertrand.com\/es\/tienda-2\/\"},{\"@type\":\"ListItem\",\"position\":3,\"name\":\"Cuentos de las Tres Reinas en California | Espa\u00f1ol\"}]}]}<\/script>\n<!-- \/ Yoast SEO plugin. -->","yoast_head_json":{"title":"Cuentos de las Tres Reinas en California | Espa\u00f1ol - Cristina Bertrand","robots":{"index":"index","follow":"follow","max-snippet":"max-snippet:-1","max-image-preview":"max-image-preview:large","max-video-preview":"max-video-preview:-1"},"canonical":"https:\/\/cristinabertrand.com\/es\/tienda\/cuentos-de-las-tres-reinas-en-california\/","og_locale":"es_ES","og_type":"article","og_title":"Cuentos de las Tres Reinas en California | Espa\u00f1ol - Cristina Bertrand","og_description":"Copyright \u00a9 2019. Cristina Bertrand. Todos los derechos reservados. No se puede reenviar ninguna parte de este libro, reproducir ni transmitir de ninguna forma ni por ning\u00fan medio, electr\u00f3nico, fotocopias, auditivo o de otra manera sin el permiso por escrito del autor. ~~~~~~~~~~~~~~~~~~~~~~~~~~~~~~~~~~~~~~~~~~~~~~~~~~~~~~~~~~~~~~~~~~~~~~~~~~~~~~~~~~~~~~~~~~~~~~~~~~~~~~ Las tres reinas estaban aburridas. La Ruta de la Seda, encomendada por &hellip;","og_url":"https:\/\/cristinabertrand.com\/es\/tienda\/cuentos-de-las-tres-reinas-en-california\/","og_site_name":"Cristina Bertrand","article_modified_time":"2022-03-10T08:36:16+00:00","og_image":[{"width":1772,"height":2362,"url":"https:\/\/cristinabertrand.com\/wp-content\/uploads\/2017\/09\/LAS-TRES-REINAS-EN-CALIFORNIA-PORTADA.jpg","type":"image\/jpeg"}],"twitter_card":"summary","twitter_misc":{"Tiempo de lectura":"2 minutos"},"schema":{"@context":"https:\/\/schema.org","@graph":[{"@type":"Organization","@id":"https:\/\/cristinabertrand.com\/#organization","name":"Cristina Bertrand","url":"https:\/\/cristinabertrand.com\/","sameAs":[],"logo":{"@type":"ImageObject","inLanguage":"es","@id":"https:\/\/cristinabertrand.com\/#\/schema\/logo\/image\/","url":"https:\/\/cristinabertrand.com\/wp-content\/uploads\/2021\/07\/logo_cb_big.jpg","contentUrl":"https:\/\/cristinabertrand.com\/wp-content\/uploads\/2021\/07\/logo_cb_big.jpg","width":396,"height":395,"caption":"Cristina Bertrand"},"image":{"@id":"https:\/\/cristinabertrand.com\/#\/schema\/logo\/image\/"}},{"@type":"WebSite","@id":"https:\/\/cristinabertrand.com\/#website","url":"https:\/\/cristinabertrand.com\/","name":"Cristina Bertrand","description":"Writings, paintings, ebooks and perfume, all with art","publisher":{"@id":"https:\/\/cristinabertrand.com\/#organization"},"potentialAction":[{"@type":"SearchAction","target":{"@type":"EntryPoint","urlTemplate":"https:\/\/cristinabertrand.com\/?s={search_term_string}"},"query-input":"required name=search_term_string"}],"inLanguage":"es"},{"@type":"ImageObject","inLanguage":"es","@id":"https:\/\/cristinabertrand.com\/es\/tienda\/cuentos-de-las-tres-reinas-en-california\/#primaryimage","url":"https:\/\/cristinabertrand.com\/wp-content\/uploads\/2017\/09\/LAS-TRES-REINAS-EN-CALIFORNIA-PORTADA.jpg","contentUrl":"https:\/\/cristinabertrand.com\/wp-content\/uploads\/2017\/09\/LAS-TRES-REINAS-EN-CALIFORNIA-PORTADA.jpg","width":1772,"height":2362},{"@type":"WebPage","@id":"https:\/\/cristinabertrand.com\/es\/tienda\/cuentos-de-las-tres-reinas-en-california\/#webpage","url":"https:\/\/cristinabertrand.com\/es\/tienda\/cuentos-de-las-tres-reinas-en-california\/","name":"Cuentos de las Tres Reinas en California | Espa\u00f1ol - Cristina Bertrand","isPartOf":{"@id":"https:\/\/cristinabertrand.com\/#website"},"primaryImageOfPage":{"@id":"https:\/\/cristinabertrand.com\/es\/tienda\/cuentos-de-las-tres-reinas-en-california\/#primaryimage"},"datePublished":"2017-10-09T18:30:04+00:00","dateModified":"2022-03-10T08:36:16+00:00","breadcrumb":{"@id":"https:\/\/cristinabertrand.com\/es\/tienda\/cuentos-de-las-tres-reinas-en-california\/#breadcrumb"},"inLanguage":"es","potentialAction":[{"@type":"ReadAction","target":["https:\/\/cristinabertrand.com\/es\/tienda\/cuentos-de-las-tres-reinas-en-california\/"]}]},{"@type":"BreadcrumbList","@id":"https:\/\/cristinabertrand.com\/es\/tienda\/cuentos-de-las-tres-reinas-en-california\/#breadcrumb","itemListElement":[{"@type":"ListItem","position":1,"name":"Home","item":"https:\/\/cristinabertrand.com\/es\/"},{"@type":"ListItem","position":2,"name":"Tienda","item":"https:\/\/cristinabertrand.com\/es\/tienda-2\/"},{"@type":"ListItem","position":3,"name":"Cuentos de las Tres Reinas en California | Espa\u00f1ol"}]}]}},"_links":{"self":[{"href":"https:\/\/cristinabertrand.com\/es\/wp-json\/wp\/v2\/product\/11002"}],"collection":[{"href":"https:\/\/cristinabertrand.com\/es\/wp-json\/wp\/v2\/product"}],"about":[{"href":"https:\/\/cristinabertrand.com\/es\/wp-json\/wp\/v2\/types\/product"}],"wp:featuredmedia":[{"embeddable":true,"href":"https:\/\/cristinabertrand.com\/es\/wp-json\/wp\/v2\/media\/11003"}],"wp:attachment":[{"href":"https:\/\/cristinabertrand.com\/es\/wp-json\/wp\/v2\/media?parent=11002"}],"wp:term":[{"taxonomy":"product_cat","embeddable":true,"href":"https:\/\/cristinabertrand.com\/es\/wp-json\/wp\/v2\/product_cat?post=11002"},{"taxonomy":"product_tag","embeddable":true,"href":"https:\/\/cristinabertrand.com\/es\/wp-json\/wp\/v2\/product_tag?post=11002"}],"curies":[{"name":"wp","href":"https:\/\/api.w.org\/{rel}","templated":true}]}}