{"id":11027,"date":"2023-10-01T16:54:03","date_gmt":"2016-06-02T08:54:03","guid":{"rendered":"https:\/\/cristinabertrand.com\/shop\/yi-jing-sabiduria-milenaria-para-los-tiempos-modernos-epub\/"},"modified":"2022-03-10T16:36:27","modified_gmt":"2022-03-10T08:36:27","slug":"yi-jing-sabiduria-milenaria-para-los-tiempos-modernos-epub","status":"publish","type":"product","link":"https:\/\/cristinabertrand.com\/es\/tienda\/yi-jing-sabiduria-milenaria-para-los-tiempos-modernos-epub\/","title":{"rendered":"Yi Jing &#8211; Sabiduria milenaria para los tiempos modernos | Espa\u00f1ol"},"content":{"rendered":"<p><strong>Copyright \u00a9 2019. Cristina Bertrand.<\/strong> Todos los derechos reservados. No se puede reenviar ninguna parte de este libro, reproducir ni transmitir de ninguna forma ni por ning\u00fan medio, electr\u00f3nico, fotocopias, auditivo o de otra manera sin el permiso por escrito del autor.<\/p>\n<p>~~~~~~~~~~~~~~~~~~~~~~~~~~~~~~~~~~~~~~~~~~~~~~~~~~~~~~~~~~~~~~~~~~~~~~~~~~~~~~~~~~~~~~~~~~~~~~~~~~~~~~<\/p>\n<p>El Yi Jing es un libro de filosof\u00eda, consulta y \u00e9tica basado en la Naturaleza. A trav\u00e9s de sus im\u00e1genes, los sabios chinos desarrollaron un libro de sabidur\u00eda que se puede utilizar como gu\u00eda para resolver los problemas de la vida diaria. Asimismo, la contemplaci\u00f3n de sus paisajes puede ayudarnos a alcanzar la calma, el equilibrio y la armon\u00eda, tan necesarios en la vida moderna.<\/p>\n<p>El libro <em>Yi Jing: Sabidur\u00eda milenaria para los tiempos modernos<\/em> es un resumen de la tesis doctoral de la Dra. Bertrand presentada en la Universidad Complutense de Madrid sobre cultura y filosof\u00eda china y el Yi Jing. A trav\u00e9s de sus cuadros, inspirados en paisajes de Espa\u00f1a, explica los conceptos b\u00e1sicos para entender de manera sencilla y pr\u00e1ctica la sabidur\u00eda del Yi Jing.<\/p>\n","protected":false},"excerpt":{"rendered":"<p>Copyright \u00a9 2019. Cristina Bertrand. Todos los derechos reservados. No se puede reenviar ninguna parte de este libro, reproducir ni transmitir de ninguna forma ni por ning\u00fan medio, electr\u00f3nico, fotocopias, auditivo o de otra manera sin el permiso por escrito del autor. ~~~~~~~~~~~~~~~~~~~~~~~~~~~~~~~~~~~~~~~~~~~~~~~~~~~~~~~~~~~~~~~~~~~~~~~~~~~~~~~~~~~~~~~~~~~~~~~~~~~~~~ El Yi Jing es un libro de filosof\u00eda, consulta y \u00e9tica basado &hellip;<\/p>\n","protected":false},"featured_media":10111,"template":"","meta":[],"product_cat":[134],"product_tag":[],"acf":[],"yoast_head":"<!-- This site is optimized with the Yoast SEO plugin v18.8 - https:\/\/yoast.com\/wordpress\/plugins\/seo\/ -->\n<title>Yi Jing - Sabiduria milenaria para los tiempos modernos | Espa\u00f1ol - Cristina Bertrand<\/title>\n<meta name=\"robots\" content=\"index, follow, max-snippet:-1, max-image-preview:large, max-video-preview:-1\" \/>\n<link rel=\"canonical\" href=\"https:\/\/cristinabertrand.com\/es\/tienda\/yi-jing-sabiduria-milenaria-para-los-tiempos-modernos-epub\/\" \/>\n<meta property=\"og:locale\" content=\"es_ES\" \/>\n<meta property=\"og:type\" content=\"article\" \/>\n<meta property=\"og:title\" content=\"Yi Jing - Sabiduria milenaria para los tiempos modernos | Espa\u00f1ol - Cristina Bertrand\" \/>\n<meta property=\"og:description\" content=\"Copyright \u00a9 2019. Cristina Bertrand. Todos los derechos reservados. No se puede reenviar ninguna parte de este libro, reproducir ni transmitir de ninguna forma ni por ning\u00fan medio, electr\u00f3nico, fotocopias, auditivo o de otra manera sin el permiso por escrito del autor. ~~~~~~~~~~~~~~~~~~~~~~~~~~~~~~~~~~~~~~~~~~~~~~~~~~~~~~~~~~~~~~~~~~~~~~~~~~~~~~~~~~~~~~~~~~~~~~~~~~~~~~ El Yi Jing es un libro de filosof\u00eda, consulta y \u00e9tica basado &hellip;\" \/>\n<meta property=\"og:url\" content=\"https:\/\/cristinabertrand.com\/es\/tienda\/yi-jing-sabiduria-milenaria-para-los-tiempos-modernos-epub\/\" \/>\n<meta property=\"og:site_name\" content=\"Cristina Bertrand\" \/>\n<meta property=\"article:modified_time\" content=\"2022-03-10T08:36:27+00:00\" \/>\n<meta property=\"og:image\" content=\"https:\/\/cristinabertrand.com\/wp-content\/uploads\/2016\/06\/yi_jing_portada_es.jpg\" \/>\n\t<meta property=\"og:image:width\" content=\"773\" \/>\n\t<meta property=\"og:image:height\" content=\"1000\" \/>\n\t<meta property=\"og:image:type\" content=\"image\/jpeg\" \/>\n<meta name=\"twitter:card\" content=\"summary\" \/>\n<meta name=\"twitter:label1\" content=\"Tiempo de lectura\" \/>\n\t<meta name=\"twitter:data1\" content=\"1 minuto\" \/>\n<script type=\"application\/ld+json\" class=\"yoast-schema-graph\">{\"@context\":\"https:\/\/schema.org\",\"@graph\":[{\"@type\":\"Organization\",\"@id\":\"https:\/\/cristinabertrand.com\/#organization\",\"name\":\"Cristina Bertrand\",\"url\":\"https:\/\/cristinabertrand.com\/\",\"sameAs\":[],\"logo\":{\"@type\":\"ImageObject\",\"inLanguage\":\"es\",\"@id\":\"https:\/\/cristinabertrand.com\/#\/schema\/logo\/image\/\",\"url\":\"https:\/\/cristinabertrand.com\/wp-content\/uploads\/2021\/07\/logo_cb_big.jpg\",\"contentUrl\":\"https:\/\/cristinabertrand.com\/wp-content\/uploads\/2021\/07\/logo_cb_big.jpg\",\"width\":396,\"height\":395,\"caption\":\"Cristina Bertrand\"},\"image\":{\"@id\":\"https:\/\/cristinabertrand.com\/#\/schema\/logo\/image\/\"}},{\"@type\":\"WebSite\",\"@id\":\"https:\/\/cristinabertrand.com\/#website\",\"url\":\"https:\/\/cristinabertrand.com\/\",\"name\":\"Cristina Bertrand\",\"description\":\"Writings, paintings, ebooks and perfume, all with art\",\"publisher\":{\"@id\":\"https:\/\/cristinabertrand.com\/#organization\"},\"potentialAction\":[{\"@type\":\"SearchAction\",\"target\":{\"@type\":\"EntryPoint\",\"urlTemplate\":\"https:\/\/cristinabertrand.com\/?s={search_term_string}\"},\"query-input\":\"required name=search_term_string\"}],\"inLanguage\":\"es\"},{\"@type\":\"ImageObject\",\"inLanguage\":\"es\",\"@id\":\"https:\/\/cristinabertrand.com\/es\/tienda\/yi-jing-sabiduria-milenaria-para-los-tiempos-modernos-epub\/#primaryimage\",\"url\":\"https:\/\/cristinabertrand.com\/wp-content\/uploads\/2016\/06\/yi_jing_portada_es.jpg\",\"contentUrl\":\"https:\/\/cristinabertrand.com\/wp-content\/uploads\/2016\/06\/yi_jing_portada_es.jpg\",\"width\":773,\"height\":1000},{\"@type\":\"WebPage\",\"@id\":\"https:\/\/cristinabertrand.com\/es\/tienda\/yi-jing-sabiduria-milenaria-para-los-tiempos-modernos-epub\/#webpage\",\"url\":\"https:\/\/cristinabertrand.com\/es\/tienda\/yi-jing-sabiduria-milenaria-para-los-tiempos-modernos-epub\/\",\"name\":\"Yi Jing - Sabiduria milenaria para los tiempos modernos | Espa\u00f1ol - Cristina Bertrand\",\"isPartOf\":{\"@id\":\"https:\/\/cristinabertrand.com\/#website\"},\"primaryImageOfPage\":{\"@id\":\"https:\/\/cristinabertrand.com\/es\/tienda\/yi-jing-sabiduria-milenaria-para-los-tiempos-modernos-epub\/#primaryimage\"},\"datePublished\":\"2016-06-02T08:54:03+00:00\",\"dateModified\":\"2022-03-10T08:36:27+00:00\",\"breadcrumb\":{\"@id\":\"https:\/\/cristinabertrand.com\/es\/tienda\/yi-jing-sabiduria-milenaria-para-los-tiempos-modernos-epub\/#breadcrumb\"},\"inLanguage\":\"es\",\"potentialAction\":[{\"@type\":\"ReadAction\",\"target\":[\"https:\/\/cristinabertrand.com\/es\/tienda\/yi-jing-sabiduria-milenaria-para-los-tiempos-modernos-epub\/\"]}]},{\"@type\":\"BreadcrumbList\",\"@id\":\"https:\/\/cristinabertrand.com\/es\/tienda\/yi-jing-sabiduria-milenaria-para-los-tiempos-modernos-epub\/#breadcrumb\",\"itemListElement\":[{\"@type\":\"ListItem\",\"position\":1,\"name\":\"Home\",\"item\":\"https:\/\/cristinabertrand.com\/es\/\"},{\"@type\":\"ListItem\",\"position\":2,\"name\":\"Tienda\",\"item\":\"https:\/\/cristinabertrand.com\/es\/tienda-2\/\"},{\"@type\":\"ListItem\",\"position\":3,\"name\":\"Yi Jing &#8211; Sabiduria milenaria para los tiempos modernos | Espa\u00f1ol\"}]}]}<\/script>\n<!-- \/ Yoast SEO plugin. -->","yoast_head_json":{"title":"Yi Jing - Sabiduria milenaria para los tiempos modernos | Espa\u00f1ol - Cristina Bertrand","robots":{"index":"index","follow":"follow","max-snippet":"max-snippet:-1","max-image-preview":"max-image-preview:large","max-video-preview":"max-video-preview:-1"},"canonical":"https:\/\/cristinabertrand.com\/es\/tienda\/yi-jing-sabiduria-milenaria-para-los-tiempos-modernos-epub\/","og_locale":"es_ES","og_type":"article","og_title":"Yi Jing - Sabiduria milenaria para los tiempos modernos | Espa\u00f1ol - Cristina Bertrand","og_description":"Copyright \u00a9 2019. Cristina Bertrand. Todos los derechos reservados. No se puede reenviar ninguna parte de este libro, reproducir ni transmitir de ninguna forma ni por ning\u00fan medio, electr\u00f3nico, fotocopias, auditivo o de otra manera sin el permiso por escrito del autor. ~~~~~~~~~~~~~~~~~~~~~~~~~~~~~~~~~~~~~~~~~~~~~~~~~~~~~~~~~~~~~~~~~~~~~~~~~~~~~~~~~~~~~~~~~~~~~~~~~~~~~~ El Yi Jing es un libro de filosof\u00eda, consulta y \u00e9tica basado &hellip;","og_url":"https:\/\/cristinabertrand.com\/es\/tienda\/yi-jing-sabiduria-milenaria-para-los-tiempos-modernos-epub\/","og_site_name":"Cristina Bertrand","article_modified_time":"2022-03-10T08:36:27+00:00","og_image":[{"width":773,"height":1000,"url":"https:\/\/cristinabertrand.com\/wp-content\/uploads\/2016\/06\/yi_jing_portada_es.jpg","type":"image\/jpeg"}],"twitter_card":"summary","twitter_misc":{"Tiempo de lectura":"1 minuto"},"schema":{"@context":"https:\/\/schema.org","@graph":[{"@type":"Organization","@id":"https:\/\/cristinabertrand.com\/#organization","name":"Cristina Bertrand","url":"https:\/\/cristinabertrand.com\/","sameAs":[],"logo":{"@type":"ImageObject","inLanguage":"es","@id":"https:\/\/cristinabertrand.com\/#\/schema\/logo\/image\/","url":"https:\/\/cristinabertrand.com\/wp-content\/uploads\/2021\/07\/logo_cb_big.jpg","contentUrl":"https:\/\/cristinabertrand.com\/wp-content\/uploads\/2021\/07\/logo_cb_big.jpg","width":396,"height":395,"caption":"Cristina Bertrand"},"image":{"@id":"https:\/\/cristinabertrand.com\/#\/schema\/logo\/image\/"}},{"@type":"WebSite","@id":"https:\/\/cristinabertrand.com\/#website","url":"https:\/\/cristinabertrand.com\/","name":"Cristina Bertrand","description":"Writings, paintings, ebooks and perfume, all with art","publisher":{"@id":"https:\/\/cristinabertrand.com\/#organization"},"potentialAction":[{"@type":"SearchAction","target":{"@type":"EntryPoint","urlTemplate":"https:\/\/cristinabertrand.com\/?s={search_term_string}"},"query-input":"required name=search_term_string"}],"inLanguage":"es"},{"@type":"ImageObject","inLanguage":"es","@id":"https:\/\/cristinabertrand.com\/es\/tienda\/yi-jing-sabiduria-milenaria-para-los-tiempos-modernos-epub\/#primaryimage","url":"https:\/\/cristinabertrand.com\/wp-content\/uploads\/2016\/06\/yi_jing_portada_es.jpg","contentUrl":"https:\/\/cristinabertrand.com\/wp-content\/uploads\/2016\/06\/yi_jing_portada_es.jpg","width":773,"height":1000},{"@type":"WebPage","@id":"https:\/\/cristinabertrand.com\/es\/tienda\/yi-jing-sabiduria-milenaria-para-los-tiempos-modernos-epub\/#webpage","url":"https:\/\/cristinabertrand.com\/es\/tienda\/yi-jing-sabiduria-milenaria-para-los-tiempos-modernos-epub\/","name":"Yi Jing - Sabiduria milenaria para los tiempos modernos | Espa\u00f1ol - Cristina Bertrand","isPartOf":{"@id":"https:\/\/cristinabertrand.com\/#website"},"primaryImageOfPage":{"@id":"https:\/\/cristinabertrand.com\/es\/tienda\/yi-jing-sabiduria-milenaria-para-los-tiempos-modernos-epub\/#primaryimage"},"datePublished":"2016-06-02T08:54:03+00:00","dateModified":"2022-03-10T08:36:27+00:00","breadcrumb":{"@id":"https:\/\/cristinabertrand.com\/es\/tienda\/yi-jing-sabiduria-milenaria-para-los-tiempos-modernos-epub\/#breadcrumb"},"inLanguage":"es","potentialAction":[{"@type":"ReadAction","target":["https:\/\/cristinabertrand.com\/es\/tienda\/yi-jing-sabiduria-milenaria-para-los-tiempos-modernos-epub\/"]}]},{"@type":"BreadcrumbList","@id":"https:\/\/cristinabertrand.com\/es\/tienda\/yi-jing-sabiduria-milenaria-para-los-tiempos-modernos-epub\/#breadcrumb","itemListElement":[{"@type":"ListItem","position":1,"name":"Home","item":"https:\/\/cristinabertrand.com\/es\/"},{"@type":"ListItem","position":2,"name":"Tienda","item":"https:\/\/cristinabertrand.com\/es\/tienda-2\/"},{"@type":"ListItem","position":3,"name":"Yi Jing &#8211; Sabiduria milenaria para los tiempos modernos | Espa\u00f1ol"}]}]}},"_links":{"self":[{"href":"https:\/\/cristinabertrand.com\/es\/wp-json\/wp\/v2\/product\/11027"}],"collection":[{"href":"https:\/\/cristinabertrand.com\/es\/wp-json\/wp\/v2\/product"}],"about":[{"href":"https:\/\/cristinabertrand.com\/es\/wp-json\/wp\/v2\/types\/product"}],"wp:featuredmedia":[{"embeddable":true,"href":"https:\/\/cristinabertrand.com\/es\/wp-json\/wp\/v2\/media\/10111"}],"wp:attachment":[{"href":"https:\/\/cristinabertrand.com\/es\/wp-json\/wp\/v2\/media?parent=11027"}],"wp:term":[{"taxonomy":"product_cat","embeddable":true,"href":"https:\/\/cristinabertrand.com\/es\/wp-json\/wp\/v2\/product_cat?post=11027"},{"taxonomy":"product_tag","embeddable":true,"href":"https:\/\/cristinabertrand.com\/es\/wp-json\/wp\/v2\/product_tag?post=11027"}],"curies":[{"name":"wp","href":"https:\/\/api.w.org\/{rel}","templated":true}]}}