{"id":11030,"date":"2016-05-11T16:04:26","date_gmt":"2016-05-11T08:04:26","guid":{"rendered":"https:\/\/cristinabertrand.com\/shop\/cuentos-de-las-tres-reinas-mongolas-ebook\/"},"modified":"2022-09-13T00:10:34","modified_gmt":"2022-09-12T16:10:34","slug":"cuentos-de-las-tres-reinas-mongolas-ebook","status":"publish","type":"product","link":"https:\/\/cristinabertrand.com\/es\/tienda\/cuentos-de-las-tres-reinas-mongolas-ebook\/","title":{"rendered":"Cuentos de las Tres Reinas Mongolas | Espa\u00f1ol"},"content":{"rendered":"<p>[vc_row][vc_column][vc_column_text]<\/p>\n<p><strong>Copyright \u00a9 2019. Cristina Bertrand.<\/strong> Todos los derechos reservados. No se puede reenviar ninguna parte de este libro, reproducir ni transmitir de ninguna forma ni por ning\u00fan medio, electr\u00f3nico, fotocopias, auditivo o de otra manera sin el permiso por escrito del autor.<\/p>\n<p>~~~~~~~~~~~~~~~~~~~~~~~~~~~~~~~~~~~~~~~~~~~~~~~~~~~~~~~~~~~~~~~~~~~~~~~~~~~~~~~~~~~~~~~~~~~~~~~~~~~~~~<\/p>\n<p style=\"text-align: center;\"><strong>La imaginaci\u00f3n no tiene l\u00edmites<\/strong><\/p>\n<p style=\"text-align: center;\"><strong>y el tiempo depende de la voluntad.<\/strong><\/p>\n<p>\u00c9rase una vez\u2026 tres reinas mongolas nacidas en Espa\u00f1a. Sus nombres: Rosa Roja, Rosa Blanca y Rosa Negra. Sus padres, los m\u00e1s valientes generales del imperio mongol de Genghis Khan. Enviados en misi\u00f3n especial a Espa\u00f1a en busca de un preciado producto m\u00e1s valioso que el oro, sucumben al amor de tres damas espa\u00f1olas. Pero su deber est\u00e1 en Mongolia y sus tres hijas desean compartir su destino.<\/p>\n<p>Dotadas de poderes m\u00e1gicos obtenidos de las fragancias creadas por un alquimista italiano, se enfrentan a las aventuras m\u00e1s peligrosas y a las batallas m\u00e1s amenazadoras, pero su fuerza es arrasadora y s\u00f3lo superada por su belleza.<\/p>\n<p>Sus t\u00edtulos: Rosa Roja, Reina de las Estepas, Rosa Blanca, Reina del Desierto y Rosa Negra, Reina de las Monta\u00f1as. Sus dominios, los extensos territorios al norte de la Ruta de la Seda y su misi\u00f3n mantener la paz y prosperidad de esos dominios. Nada las detiene en sus aventuras heroicas o en su deseo de ayudar a los reinos vecinos de China. Son las Tres Reinas Mongolas y estos son sus cuentos.<\/p>\n<p>[\/vc_column_text][\/vc_column][\/vc_row]<\/p>\n","protected":false},"excerpt":{"rendered":"<p>[vc_row][vc_column][vc_column_text] Copyright \u00a9 2019. Cristina Bertrand. Todos los derechos reservados. No se puede reenviar ninguna parte de este libro, reproducir ni transmitir de ninguna forma ni por ning\u00fan medio, electr\u00f3nico, fotocopias, auditivo o de otra manera sin el permiso por escrito del autor. ~~~~~~~~~~~~~~~~~~~~~~~~~~~~~~~~~~~~~~~~~~~~~~~~~~~~~~~~~~~~~~~~~~~~~~~~~~~~~~~~~~~~~~~~~~~~~~~~~~~~~~ La imaginaci\u00f3n no tiene l\u00edmites y el tiempo depende de la &hellip;<\/p>\n","protected":false},"featured_media":12278,"template":"","meta":[],"product_cat":[134],"product_tag":[],"acf":[],"yoast_head":"<!-- This site is optimized with the Yoast SEO plugin v18.8 - https:\/\/yoast.com\/wordpress\/plugins\/seo\/ -->\n<title>Cuentos de las Tres Reinas Mongolas | Espa\u00f1ol - Cristina Bertrand<\/title>\n<meta name=\"robots\" content=\"index, follow, max-snippet:-1, max-image-preview:large, max-video-preview:-1\" \/>\n<link rel=\"canonical\" href=\"https:\/\/cristinabertrand.com\/es\/tienda\/cuentos-de-las-tres-reinas-mongolas-ebook\/\" \/>\n<meta property=\"og:locale\" content=\"es_ES\" \/>\n<meta property=\"og:type\" content=\"article\" \/>\n<meta property=\"og:title\" content=\"Cuentos de las Tres Reinas Mongolas | Espa\u00f1ol - Cristina Bertrand\" \/>\n<meta property=\"og:description\" content=\"[vc_row][vc_column][vc_column_text] Copyright \u00a9 2019. Cristina Bertrand. Todos los derechos reservados. No se puede reenviar ninguna parte de este libro, reproducir ni transmitir de ninguna forma ni por ning\u00fan medio, electr\u00f3nico, fotocopias, auditivo o de otra manera sin el permiso por escrito del autor. ~~~~~~~~~~~~~~~~~~~~~~~~~~~~~~~~~~~~~~~~~~~~~~~~~~~~~~~~~~~~~~~~~~~~~~~~~~~~~~~~~~~~~~~~~~~~~~~~~~~~~~ La imaginaci\u00f3n no tiene l\u00edmites y el tiempo depende de la &hellip;\" \/>\n<meta property=\"og:url\" content=\"https:\/\/cristinabertrand.com\/es\/tienda\/cuentos-de-las-tres-reinas-mongolas-ebook\/\" \/>\n<meta property=\"og:site_name\" content=\"Cristina Bertrand\" \/>\n<meta property=\"article:modified_time\" content=\"2022-09-12T16:10:34+00:00\" \/>\n<meta property=\"og:image\" content=\"https:\/\/cristinabertrand.com\/wp-content\/uploads\/2016\/05\/Cuentos-de-las-Tres-Reinas-Mongolas-Espan\u0303ol-copia.jpg\" \/>\n\t<meta property=\"og:image:width\" content=\"1100\" \/>\n\t<meta property=\"og:image:height\" content=\"1468\" \/>\n\t<meta property=\"og:image:type\" content=\"image\/jpeg\" \/>\n<meta name=\"twitter:card\" content=\"summary\" \/>\n<meta name=\"twitter:label1\" content=\"Tiempo de lectura\" \/>\n\t<meta name=\"twitter:data1\" content=\"1 minuto\" \/>\n<script type=\"application\/ld+json\" class=\"yoast-schema-graph\">{\"@context\":\"https:\/\/schema.org\",\"@graph\":[{\"@type\":\"Organization\",\"@id\":\"https:\/\/cristinabertrand.com\/#organization\",\"name\":\"Cristina Bertrand\",\"url\":\"https:\/\/cristinabertrand.com\/\",\"sameAs\":[],\"logo\":{\"@type\":\"ImageObject\",\"inLanguage\":\"es\",\"@id\":\"https:\/\/cristinabertrand.com\/#\/schema\/logo\/image\/\",\"url\":\"https:\/\/cristinabertrand.com\/wp-content\/uploads\/2021\/07\/logo_cb_big.jpg\",\"contentUrl\":\"https:\/\/cristinabertrand.com\/wp-content\/uploads\/2021\/07\/logo_cb_big.jpg\",\"width\":396,\"height\":395,\"caption\":\"Cristina Bertrand\"},\"image\":{\"@id\":\"https:\/\/cristinabertrand.com\/#\/schema\/logo\/image\/\"}},{\"@type\":\"WebSite\",\"@id\":\"https:\/\/cristinabertrand.com\/#website\",\"url\":\"https:\/\/cristinabertrand.com\/\",\"name\":\"Cristina Bertrand\",\"description\":\"Writings, paintings, ebooks and perfume, all with art\",\"publisher\":{\"@id\":\"https:\/\/cristinabertrand.com\/#organization\"},\"potentialAction\":[{\"@type\":\"SearchAction\",\"target\":{\"@type\":\"EntryPoint\",\"urlTemplate\":\"https:\/\/cristinabertrand.com\/?s={search_term_string}\"},\"query-input\":\"required name=search_term_string\"}],\"inLanguage\":\"es\"},{\"@type\":\"ImageObject\",\"inLanguage\":\"es\",\"@id\":\"https:\/\/cristinabertrand.com\/es\/tienda\/cuentos-de-las-tres-reinas-mongolas-ebook\/#primaryimage\",\"url\":\"https:\/\/cristinabertrand.com\/wp-content\/uploads\/2016\/05\/Cuentos-de-las-Tres-Reinas-Mongolas-Espan\u0303ol-copia.jpg\",\"contentUrl\":\"https:\/\/cristinabertrand.com\/wp-content\/uploads\/2016\/05\/Cuentos-de-las-Tres-Reinas-Mongolas-Espan\u0303ol-copia.jpg\",\"width\":1100,\"height\":1468},{\"@type\":\"WebPage\",\"@id\":\"https:\/\/cristinabertrand.com\/es\/tienda\/cuentos-de-las-tres-reinas-mongolas-ebook\/#webpage\",\"url\":\"https:\/\/cristinabertrand.com\/es\/tienda\/cuentos-de-las-tres-reinas-mongolas-ebook\/\",\"name\":\"Cuentos de las Tres Reinas Mongolas | Espa\u00f1ol - Cristina Bertrand\",\"isPartOf\":{\"@id\":\"https:\/\/cristinabertrand.com\/#website\"},\"primaryImageOfPage\":{\"@id\":\"https:\/\/cristinabertrand.com\/es\/tienda\/cuentos-de-las-tres-reinas-mongolas-ebook\/#primaryimage\"},\"datePublished\":\"2016-05-11T08:04:26+00:00\",\"dateModified\":\"2022-09-12T16:10:34+00:00\",\"breadcrumb\":{\"@id\":\"https:\/\/cristinabertrand.com\/es\/tienda\/cuentos-de-las-tres-reinas-mongolas-ebook\/#breadcrumb\"},\"inLanguage\":\"es\",\"potentialAction\":[{\"@type\":\"ReadAction\",\"target\":[\"https:\/\/cristinabertrand.com\/es\/tienda\/cuentos-de-las-tres-reinas-mongolas-ebook\/\"]}]},{\"@type\":\"BreadcrumbList\",\"@id\":\"https:\/\/cristinabertrand.com\/es\/tienda\/cuentos-de-las-tres-reinas-mongolas-ebook\/#breadcrumb\",\"itemListElement\":[{\"@type\":\"ListItem\",\"position\":1,\"name\":\"Home\",\"item\":\"https:\/\/cristinabertrand.com\/es\/\"},{\"@type\":\"ListItem\",\"position\":2,\"name\":\"Tienda\",\"item\":\"https:\/\/cristinabertrand.com\/es\/tienda-2\/\"},{\"@type\":\"ListItem\",\"position\":3,\"name\":\"Cuentos de las Tres Reinas Mongolas | Espa\u00f1ol\"}]}]}<\/script>\n<!-- \/ Yoast SEO plugin. -->","yoast_head_json":{"title":"Cuentos de las Tres Reinas Mongolas | Espa\u00f1ol - Cristina Bertrand","robots":{"index":"index","follow":"follow","max-snippet":"max-snippet:-1","max-image-preview":"max-image-preview:large","max-video-preview":"max-video-preview:-1"},"canonical":"https:\/\/cristinabertrand.com\/es\/tienda\/cuentos-de-las-tres-reinas-mongolas-ebook\/","og_locale":"es_ES","og_type":"article","og_title":"Cuentos de las Tres Reinas Mongolas | Espa\u00f1ol - Cristina Bertrand","og_description":"[vc_row][vc_column][vc_column_text] Copyright \u00a9 2019. Cristina Bertrand. Todos los derechos reservados. No se puede reenviar ninguna parte de este libro, reproducir ni transmitir de ninguna forma ni por ning\u00fan medio, electr\u00f3nico, fotocopias, auditivo o de otra manera sin el permiso por escrito del autor. ~~~~~~~~~~~~~~~~~~~~~~~~~~~~~~~~~~~~~~~~~~~~~~~~~~~~~~~~~~~~~~~~~~~~~~~~~~~~~~~~~~~~~~~~~~~~~~~~~~~~~~ La imaginaci\u00f3n no tiene l\u00edmites y el tiempo depende de la &hellip;","og_url":"https:\/\/cristinabertrand.com\/es\/tienda\/cuentos-de-las-tres-reinas-mongolas-ebook\/","og_site_name":"Cristina Bertrand","article_modified_time":"2022-09-12T16:10:34+00:00","og_image":[{"width":1100,"height":1468,"url":"https:\/\/cristinabertrand.com\/wp-content\/uploads\/2016\/05\/Cuentos-de-las-Tres-Reinas-Mongolas-Espan\u0303ol-copia.jpg","type":"image\/jpeg"}],"twitter_card":"summary","twitter_misc":{"Tiempo de lectura":"1 minuto"},"schema":{"@context":"https:\/\/schema.org","@graph":[{"@type":"Organization","@id":"https:\/\/cristinabertrand.com\/#organization","name":"Cristina Bertrand","url":"https:\/\/cristinabertrand.com\/","sameAs":[],"logo":{"@type":"ImageObject","inLanguage":"es","@id":"https:\/\/cristinabertrand.com\/#\/schema\/logo\/image\/","url":"https:\/\/cristinabertrand.com\/wp-content\/uploads\/2021\/07\/logo_cb_big.jpg","contentUrl":"https:\/\/cristinabertrand.com\/wp-content\/uploads\/2021\/07\/logo_cb_big.jpg","width":396,"height":395,"caption":"Cristina Bertrand"},"image":{"@id":"https:\/\/cristinabertrand.com\/#\/schema\/logo\/image\/"}},{"@type":"WebSite","@id":"https:\/\/cristinabertrand.com\/#website","url":"https:\/\/cristinabertrand.com\/","name":"Cristina Bertrand","description":"Writings, paintings, ebooks and perfume, all with art","publisher":{"@id":"https:\/\/cristinabertrand.com\/#organization"},"potentialAction":[{"@type":"SearchAction","target":{"@type":"EntryPoint","urlTemplate":"https:\/\/cristinabertrand.com\/?s={search_term_string}"},"query-input":"required name=search_term_string"}],"inLanguage":"es"},{"@type":"ImageObject","inLanguage":"es","@id":"https:\/\/cristinabertrand.com\/es\/tienda\/cuentos-de-las-tres-reinas-mongolas-ebook\/#primaryimage","url":"https:\/\/cristinabertrand.com\/wp-content\/uploads\/2016\/05\/Cuentos-de-las-Tres-Reinas-Mongolas-Espan\u0303ol-copia.jpg","contentUrl":"https:\/\/cristinabertrand.com\/wp-content\/uploads\/2016\/05\/Cuentos-de-las-Tres-Reinas-Mongolas-Espan\u0303ol-copia.jpg","width":1100,"height":1468},{"@type":"WebPage","@id":"https:\/\/cristinabertrand.com\/es\/tienda\/cuentos-de-las-tres-reinas-mongolas-ebook\/#webpage","url":"https:\/\/cristinabertrand.com\/es\/tienda\/cuentos-de-las-tres-reinas-mongolas-ebook\/","name":"Cuentos de las Tres Reinas Mongolas | Espa\u00f1ol - Cristina Bertrand","isPartOf":{"@id":"https:\/\/cristinabertrand.com\/#website"},"primaryImageOfPage":{"@id":"https:\/\/cristinabertrand.com\/es\/tienda\/cuentos-de-las-tres-reinas-mongolas-ebook\/#primaryimage"},"datePublished":"2016-05-11T08:04:26+00:00","dateModified":"2022-09-12T16:10:34+00:00","breadcrumb":{"@id":"https:\/\/cristinabertrand.com\/es\/tienda\/cuentos-de-las-tres-reinas-mongolas-ebook\/#breadcrumb"},"inLanguage":"es","potentialAction":[{"@type":"ReadAction","target":["https:\/\/cristinabertrand.com\/es\/tienda\/cuentos-de-las-tres-reinas-mongolas-ebook\/"]}]},{"@type":"BreadcrumbList","@id":"https:\/\/cristinabertrand.com\/es\/tienda\/cuentos-de-las-tres-reinas-mongolas-ebook\/#breadcrumb","itemListElement":[{"@type":"ListItem","position":1,"name":"Home","item":"https:\/\/cristinabertrand.com\/es\/"},{"@type":"ListItem","position":2,"name":"Tienda","item":"https:\/\/cristinabertrand.com\/es\/tienda-2\/"},{"@type":"ListItem","position":3,"name":"Cuentos de las Tres Reinas Mongolas | Espa\u00f1ol"}]}]}},"_links":{"self":[{"href":"https:\/\/cristinabertrand.com\/es\/wp-json\/wp\/v2\/product\/11030"}],"collection":[{"href":"https:\/\/cristinabertrand.com\/es\/wp-json\/wp\/v2\/product"}],"about":[{"href":"https:\/\/cristinabertrand.com\/es\/wp-json\/wp\/v2\/types\/product"}],"wp:featuredmedia":[{"embeddable":true,"href":"https:\/\/cristinabertrand.com\/es\/wp-json\/wp\/v2\/media\/12278"}],"wp:attachment":[{"href":"https:\/\/cristinabertrand.com\/es\/wp-json\/wp\/v2\/media?parent=11030"}],"wp:term":[{"taxonomy":"product_cat","embeddable":true,"href":"https:\/\/cristinabertrand.com\/es\/wp-json\/wp\/v2\/product_cat?post=11030"},{"taxonomy":"product_tag","embeddable":true,"href":"https:\/\/cristinabertrand.com\/es\/wp-json\/wp\/v2\/product_tag?post=11030"}],"curies":[{"name":"wp","href":"https:\/\/api.w.org\/{rel}","templated":true}]}}