{"id":11032,"date":"2016-06-02T16:55:03","date_gmt":"2016-06-02T08:55:03","guid":{"rendered":"https:\/\/cristinabertrand.com\/shop\/el-pensamiento-chino-confucio-lao-tse-budismo-zen\/"},"modified":"2022-03-10T16:36:22","modified_gmt":"2022-03-10T08:36:22","slug":"el-pensamiento-chino-confucio-lao-tse-budismo-zen","status":"publish","type":"product","link":"https:\/\/cristinabertrand.com\/es\/tienda\/el-pensamiento-chino-confucio-lao-tse-budismo-zen\/","title":{"rendered":"El pensamiento chino &#8211; Confucio \u2022 Lao Tse \u2022 Budismo Zen | Espa\u00f1ol"},"content":{"rendered":"<p><strong>Copyright \u00a9 2019. Cristina Bertrand.<\/strong> Todos los derechos reservados. No se puede reenviar ninguna parte de este libro, reproducir ni transmitir de ninguna forma ni por ning\u00fan medio, electr\u00f3nico, fotocopias, auditivo o de otra manera sin el permiso por escrito del autor.<\/p>\n<p>~~~~~~~~~~~~~~~~~~~~~~~~~~~~~~~~~~~~~~~~~~~~~~~~~~~~~~~~~~~~~~~~~~~~~~~~~~~~~~~~~~~~~~~~~~~~~~~~~~~~~~<\/p>\n<p>Los tres pilares del pensamiento chino son el Confucianismo, el Tao\u00edsmo y el Budismo Zen. Todos ellos tienen su origen en el Yi Jing, que es el primer libro de sabidur\u00eda china y en el que se inspir\u00f3 toda la filosof\u00eda posterior. Confucio, Lao Tse y los maestros Zen presentan similitudes y diferencias que se analizan en esta secci\u00f3n de la tesis doctoral de la Dra. Cristina Bertrand \u201cEl Sentido de la Naturaleza: S\u00edntesis del pensamiento occidental y chino y su expresi\u00f3n en la pintura del paisaje\u201d.<\/p>\n<p>Los principios confucianos son humanistas y giran alrededor del hombre virtuoso, la armon\u00eda, los deberes filiales y sociales y la \u00e9tica. El tao\u00edsmo es una filosof\u00eda naturalista cuyos conceptos descansan en la simbolog\u00eda de los elementos naturales y las fuerzas del universo. El budismo Zen nos habla de la vida sencilla como requisito para alcanzar la paz mental. Es importante, asimismo, reconocer la distinci\u00f3n entre el budismo Zen y el budismo de la India puesto que presentan marcadas diferencias. En esta secci\u00f3n se explican los conceptos claves de cada tipo de pensamiento chino.<\/p>\n","protected":false},"excerpt":{"rendered":"<p>Copyright \u00a9 2019. Cristina Bertrand. Todos los derechos reservados. No se puede reenviar ninguna parte de este libro, reproducir ni transmitir de ninguna forma ni por ning\u00fan medio, electr\u00f3nico, fotocopias, auditivo o de otra manera sin el permiso por escrito del autor. ~~~~~~~~~~~~~~~~~~~~~~~~~~~~~~~~~~~~~~~~~~~~~~~~~~~~~~~~~~~~~~~~~~~~~~~~~~~~~~~~~~~~~~~~~~~~~~~~~~~~~~ Los tres pilares del pensamiento chino son el Confucianismo, el Tao\u00edsmo y &hellip;<\/p>\n","protected":false},"featured_media":12672,"template":"","meta":[],"product_cat":[134],"product_tag":[],"acf":[],"yoast_head":"<!-- This site is optimized with the Yoast SEO plugin v18.8 - https:\/\/yoast.com\/wordpress\/plugins\/seo\/ -->\n<title>El pensamiento chino - Confucio \u2022 Lao Tse \u2022 Budismo Zen | Espa\u00f1ol - Cristina Bertrand<\/title>\n<meta name=\"robots\" content=\"index, follow, max-snippet:-1, max-image-preview:large, max-video-preview:-1\" \/>\n<link rel=\"canonical\" href=\"https:\/\/cristinabertrand.com\/es\/tienda\/el-pensamiento-chino-confucio-lao-tse-budismo-zen\/\" \/>\n<meta property=\"og:locale\" content=\"es_ES\" \/>\n<meta property=\"og:type\" content=\"article\" \/>\n<meta property=\"og:title\" content=\"El pensamiento chino - Confucio \u2022 Lao Tse \u2022 Budismo Zen | Espa\u00f1ol - Cristina Bertrand\" \/>\n<meta property=\"og:description\" content=\"Copyright \u00a9 2019. Cristina Bertrand. Todos los derechos reservados. No se puede reenviar ninguna parte de este libro, reproducir ni transmitir de ninguna forma ni por ning\u00fan medio, electr\u00f3nico, fotocopias, auditivo o de otra manera sin el permiso por escrito del autor. ~~~~~~~~~~~~~~~~~~~~~~~~~~~~~~~~~~~~~~~~~~~~~~~~~~~~~~~~~~~~~~~~~~~~~~~~~~~~~~~~~~~~~~~~~~~~~~~~~~~~~~ Los tres pilares del pensamiento chino son el Confucianismo, el Tao\u00edsmo y &hellip;\" \/>\n<meta property=\"og:url\" content=\"https:\/\/cristinabertrand.com\/es\/tienda\/el-pensamiento-chino-confucio-lao-tse-budismo-zen\/\" \/>\n<meta property=\"og:site_name\" content=\"Cristina Bertrand\" \/>\n<meta property=\"article:modified_time\" content=\"2022-03-10T08:36:22+00:00\" \/>\n<meta property=\"og:image\" content=\"https:\/\/cristinabertrand.com\/wp-content\/uploads\/2023\/09\/cover1-1.jpg\" \/>\n\t<meta property=\"og:image:width\" content=\"1612\" \/>\n\t<meta property=\"og:image:height\" content=\"2138\" \/>\n\t<meta property=\"og:image:type\" content=\"image\/jpeg\" \/>\n<meta name=\"twitter:card\" content=\"summary\" \/>\n<meta name=\"twitter:label1\" content=\"Tiempo de lectura\" \/>\n\t<meta name=\"twitter:data1\" content=\"1 minuto\" \/>\n<script type=\"application\/ld+json\" class=\"yoast-schema-graph\">{\"@context\":\"https:\/\/schema.org\",\"@graph\":[{\"@type\":\"Organization\",\"@id\":\"https:\/\/cristinabertrand.com\/#organization\",\"name\":\"Cristina Bertrand\",\"url\":\"https:\/\/cristinabertrand.com\/\",\"sameAs\":[],\"logo\":{\"@type\":\"ImageObject\",\"inLanguage\":\"es\",\"@id\":\"https:\/\/cristinabertrand.com\/#\/schema\/logo\/image\/\",\"url\":\"https:\/\/cristinabertrand.com\/wp-content\/uploads\/2021\/07\/logo_cb_big.jpg\",\"contentUrl\":\"https:\/\/cristinabertrand.com\/wp-content\/uploads\/2021\/07\/logo_cb_big.jpg\",\"width\":396,\"height\":395,\"caption\":\"Cristina Bertrand\"},\"image\":{\"@id\":\"https:\/\/cristinabertrand.com\/#\/schema\/logo\/image\/\"}},{\"@type\":\"WebSite\",\"@id\":\"https:\/\/cristinabertrand.com\/#website\",\"url\":\"https:\/\/cristinabertrand.com\/\",\"name\":\"Cristina Bertrand\",\"description\":\"Writings, paintings, ebooks and perfume, all with art\",\"publisher\":{\"@id\":\"https:\/\/cristinabertrand.com\/#organization\"},\"potentialAction\":[{\"@type\":\"SearchAction\",\"target\":{\"@type\":\"EntryPoint\",\"urlTemplate\":\"https:\/\/cristinabertrand.com\/?s={search_term_string}\"},\"query-input\":\"required name=search_term_string\"}],\"inLanguage\":\"es\"},{\"@type\":\"ImageObject\",\"inLanguage\":\"es\",\"@id\":\"https:\/\/cristinabertrand.com\/es\/tienda\/el-pensamiento-chino-confucio-lao-tse-budismo-zen\/#primaryimage\",\"url\":\"https:\/\/cristinabertrand.com\/wp-content\/uploads\/2023\/09\/cover1-1.jpg\",\"contentUrl\":\"https:\/\/cristinabertrand.com\/wp-content\/uploads\/2023\/09\/cover1-1.jpg\",\"width\":1612,\"height\":2138},{\"@type\":\"WebPage\",\"@id\":\"https:\/\/cristinabertrand.com\/es\/tienda\/el-pensamiento-chino-confucio-lao-tse-budismo-zen\/#webpage\",\"url\":\"https:\/\/cristinabertrand.com\/es\/tienda\/el-pensamiento-chino-confucio-lao-tse-budismo-zen\/\",\"name\":\"El pensamiento chino - Confucio \u2022 Lao Tse \u2022 Budismo Zen | Espa\u00f1ol - Cristina Bertrand\",\"isPartOf\":{\"@id\":\"https:\/\/cristinabertrand.com\/#website\"},\"primaryImageOfPage\":{\"@id\":\"https:\/\/cristinabertrand.com\/es\/tienda\/el-pensamiento-chino-confucio-lao-tse-budismo-zen\/#primaryimage\"},\"datePublished\":\"2016-06-02T08:55:03+00:00\",\"dateModified\":\"2022-03-10T08:36:22+00:00\",\"breadcrumb\":{\"@id\":\"https:\/\/cristinabertrand.com\/es\/tienda\/el-pensamiento-chino-confucio-lao-tse-budismo-zen\/#breadcrumb\"},\"inLanguage\":\"es\",\"potentialAction\":[{\"@type\":\"ReadAction\",\"target\":[\"https:\/\/cristinabertrand.com\/es\/tienda\/el-pensamiento-chino-confucio-lao-tse-budismo-zen\/\"]}]},{\"@type\":\"BreadcrumbList\",\"@id\":\"https:\/\/cristinabertrand.com\/es\/tienda\/el-pensamiento-chino-confucio-lao-tse-budismo-zen\/#breadcrumb\",\"itemListElement\":[{\"@type\":\"ListItem\",\"position\":1,\"name\":\"Home\",\"item\":\"https:\/\/cristinabertrand.com\/es\/\"},{\"@type\":\"ListItem\",\"position\":2,\"name\":\"Tienda\",\"item\":\"https:\/\/cristinabertrand.com\/es\/tienda-2\/\"},{\"@type\":\"ListItem\",\"position\":3,\"name\":\"El pensamiento chino &#8211; Confucio \u2022 Lao Tse \u2022 Budismo Zen | Espa\u00f1ol\"}]}]}<\/script>\n<!-- \/ Yoast SEO plugin. -->","yoast_head_json":{"title":"El pensamiento chino - Confucio \u2022 Lao Tse \u2022 Budismo Zen | Espa\u00f1ol - Cristina Bertrand","robots":{"index":"index","follow":"follow","max-snippet":"max-snippet:-1","max-image-preview":"max-image-preview:large","max-video-preview":"max-video-preview:-1"},"canonical":"https:\/\/cristinabertrand.com\/es\/tienda\/el-pensamiento-chino-confucio-lao-tse-budismo-zen\/","og_locale":"es_ES","og_type":"article","og_title":"El pensamiento chino - Confucio \u2022 Lao Tse \u2022 Budismo Zen | Espa\u00f1ol - Cristina Bertrand","og_description":"Copyright \u00a9 2019. Cristina Bertrand. Todos los derechos reservados. No se puede reenviar ninguna parte de este libro, reproducir ni transmitir de ninguna forma ni por ning\u00fan medio, electr\u00f3nico, fotocopias, auditivo o de otra manera sin el permiso por escrito del autor. ~~~~~~~~~~~~~~~~~~~~~~~~~~~~~~~~~~~~~~~~~~~~~~~~~~~~~~~~~~~~~~~~~~~~~~~~~~~~~~~~~~~~~~~~~~~~~~~~~~~~~~ Los tres pilares del pensamiento chino son el Confucianismo, el Tao\u00edsmo y &hellip;","og_url":"https:\/\/cristinabertrand.com\/es\/tienda\/el-pensamiento-chino-confucio-lao-tse-budismo-zen\/","og_site_name":"Cristina Bertrand","article_modified_time":"2022-03-10T08:36:22+00:00","og_image":[{"width":1612,"height":2138,"url":"https:\/\/cristinabertrand.com\/wp-content\/uploads\/2023\/09\/cover1-1.jpg","type":"image\/jpeg"}],"twitter_card":"summary","twitter_misc":{"Tiempo de lectura":"1 minuto"},"schema":{"@context":"https:\/\/schema.org","@graph":[{"@type":"Organization","@id":"https:\/\/cristinabertrand.com\/#organization","name":"Cristina Bertrand","url":"https:\/\/cristinabertrand.com\/","sameAs":[],"logo":{"@type":"ImageObject","inLanguage":"es","@id":"https:\/\/cristinabertrand.com\/#\/schema\/logo\/image\/","url":"https:\/\/cristinabertrand.com\/wp-content\/uploads\/2021\/07\/logo_cb_big.jpg","contentUrl":"https:\/\/cristinabertrand.com\/wp-content\/uploads\/2021\/07\/logo_cb_big.jpg","width":396,"height":395,"caption":"Cristina Bertrand"},"image":{"@id":"https:\/\/cristinabertrand.com\/#\/schema\/logo\/image\/"}},{"@type":"WebSite","@id":"https:\/\/cristinabertrand.com\/#website","url":"https:\/\/cristinabertrand.com\/","name":"Cristina Bertrand","description":"Writings, paintings, ebooks and perfume, all with art","publisher":{"@id":"https:\/\/cristinabertrand.com\/#organization"},"potentialAction":[{"@type":"SearchAction","target":{"@type":"EntryPoint","urlTemplate":"https:\/\/cristinabertrand.com\/?s={search_term_string}"},"query-input":"required name=search_term_string"}],"inLanguage":"es"},{"@type":"ImageObject","inLanguage":"es","@id":"https:\/\/cristinabertrand.com\/es\/tienda\/el-pensamiento-chino-confucio-lao-tse-budismo-zen\/#primaryimage","url":"https:\/\/cristinabertrand.com\/wp-content\/uploads\/2023\/09\/cover1-1.jpg","contentUrl":"https:\/\/cristinabertrand.com\/wp-content\/uploads\/2023\/09\/cover1-1.jpg","width":1612,"height":2138},{"@type":"WebPage","@id":"https:\/\/cristinabertrand.com\/es\/tienda\/el-pensamiento-chino-confucio-lao-tse-budismo-zen\/#webpage","url":"https:\/\/cristinabertrand.com\/es\/tienda\/el-pensamiento-chino-confucio-lao-tse-budismo-zen\/","name":"El pensamiento chino - Confucio \u2022 Lao Tse \u2022 Budismo Zen | Espa\u00f1ol - Cristina Bertrand","isPartOf":{"@id":"https:\/\/cristinabertrand.com\/#website"},"primaryImageOfPage":{"@id":"https:\/\/cristinabertrand.com\/es\/tienda\/el-pensamiento-chino-confucio-lao-tse-budismo-zen\/#primaryimage"},"datePublished":"2016-06-02T08:55:03+00:00","dateModified":"2022-03-10T08:36:22+00:00","breadcrumb":{"@id":"https:\/\/cristinabertrand.com\/es\/tienda\/el-pensamiento-chino-confucio-lao-tse-budismo-zen\/#breadcrumb"},"inLanguage":"es","potentialAction":[{"@type":"ReadAction","target":["https:\/\/cristinabertrand.com\/es\/tienda\/el-pensamiento-chino-confucio-lao-tse-budismo-zen\/"]}]},{"@type":"BreadcrumbList","@id":"https:\/\/cristinabertrand.com\/es\/tienda\/el-pensamiento-chino-confucio-lao-tse-budismo-zen\/#breadcrumb","itemListElement":[{"@type":"ListItem","position":1,"name":"Home","item":"https:\/\/cristinabertrand.com\/es\/"},{"@type":"ListItem","position":2,"name":"Tienda","item":"https:\/\/cristinabertrand.com\/es\/tienda-2\/"},{"@type":"ListItem","position":3,"name":"El pensamiento chino &#8211; Confucio \u2022 Lao Tse \u2022 Budismo Zen | Espa\u00f1ol"}]}]}},"_links":{"self":[{"href":"https:\/\/cristinabertrand.com\/es\/wp-json\/wp\/v2\/product\/11032"}],"collection":[{"href":"https:\/\/cristinabertrand.com\/es\/wp-json\/wp\/v2\/product"}],"about":[{"href":"https:\/\/cristinabertrand.com\/es\/wp-json\/wp\/v2\/types\/product"}],"wp:featuredmedia":[{"embeddable":true,"href":"https:\/\/cristinabertrand.com\/es\/wp-json\/wp\/v2\/media\/12672"}],"wp:attachment":[{"href":"https:\/\/cristinabertrand.com\/es\/wp-json\/wp\/v2\/media?parent=11032"}],"wp:term":[{"taxonomy":"product_cat","embeddable":true,"href":"https:\/\/cristinabertrand.com\/es\/wp-json\/wp\/v2\/product_cat?post=11032"},{"taxonomy":"product_tag","embeddable":true,"href":"https:\/\/cristinabertrand.com\/es\/wp-json\/wp\/v2\/product_tag?post=11032"}],"curies":[{"name":"wp","href":"https:\/\/api.w.org\/{rel}","templated":true}]}}