{"id":12360,"date":"2022-10-24T23:24:31","date_gmt":"2022-10-24T15:24:31","guid":{"rendered":"http:\/\/cristinabertrand.com\/?post_type=product&#038;p=12360"},"modified":"2022-10-24T23:26:28","modified_gmt":"2022-10-24T15:26:28","slug":"las-cartas-del-yi-jing","status":"publish","type":"product","link":"https:\/\/cristinabertrand.com\/es\/tienda\/las-cartas-del-yi-jing\/","title":{"rendered":"LAS CARTAS DEL YI JING"},"content":{"rendered":"","protected":false},"excerpt":{"rendered":"<p><strong>Copyright \u00a9 2019. Cristina Bertrand.<\/strong>\u00a0Todos los derechos reservados. No se puede reenviar ninguna parte de este libro, reproducir ni transmitir de ninguna forma ni por ning\u00fan medio, electr\u00f3nico, fotocopias, auditivo o de otra manera sin el permiso por escrito del autor.<\/p>\n<p>~~~~~~~~~~~~~~~~~~~~~~~~~~~~~~~~~~~~~~~~~~~~~~~~~~~~~~~~~~~~~~~~~~~~~~~~~~~~~~~~~~~~~~~~~~~~~~~~~~~~~~<\/p>\n<p>El Yi Jing es uno de los libros m\u00e1s antiguos del mundo y a trav\u00e9s de los siglos su sabidur\u00eda ha moldeado la esencia de la cultura y civilizaci\u00f3n de China.<\/p>\n<p>Sin embargo, debido a sus simbolismos gr\u00e1\ufb01cos (trigramas y hexagramas) y a veces a un lenguaje oscuro, no ha alcanzado la misma divulgaci\u00f3n que otros libros de \ufb01losof\u00eda china como los Cl\u00e1sicos Confucianos o el Tao\u00edsmo y el Budismo Zen. Sin embargo, el Yi Jing es el origen de todos esos libros y la clave para entender el desarrollo de la naci\u00f3n china.<\/p>\n<p>Su simbolog\u00eda de la naturaleza facilita su comprensi\u00f3n por medio de las im\u00e1genes de paisajes que todos pueden contemplar como monta\u00f1as, lagos, r\u00edos, bosques, etc.<\/p>\n<p>En el libro de la Dra. Bertrand\u00a0<strong><em>Yi Jing: Sabidur\u00eda Milenaria para los Tiempos Modernos<\/em><\/strong>\u00a0basado en una s\u00edntesis de su tesis doctoral, se analizan todos los hexagramas del Yi Jing desde el punto de vista de la sabidur\u00eda, la ciencia y la \u00e9tica, junto con una poes\u00eda y un cuadro que contienen el simbolismo para entender sus ense\u00f1anzas. En el libro\u00a0<em><strong>Yi Jing: Transformaci\u00f3n Interior. El Nonagrama<\/strong><\/em>, se analiza el Yi Jing desde el punto de vista de la matem\u00e1tica binaria y la matem\u00e1tica vorticial con el \ufb01n de crear una nueva \ufb01gura, el Nonagrama, que posibilitar\u00e1 los ejercicios para la Transformaci\u00f3n Interior.<\/p>\n<p>Las Cartas del Yi Jing son un complemento a los libros y su uso se enfoca en los ejercicios de Meditaci\u00f3n, Concentraci\u00f3n y Cultivo del Car\u00e1cter.<\/p>\n","protected":false},"featured_media":12332,"template":"","meta":[],"product_cat":[129,134,135],"product_tag":[],"acf":[],"yoast_head":"<!-- This site is optimized with the Yoast SEO plugin v18.8 - https:\/\/yoast.com\/wordpress\/plugins\/seo\/ -->\n<title>LAS CARTAS DEL YI JING - Cristina Bertrand<\/title>\n<meta name=\"robots\" content=\"index, follow, max-snippet:-1, max-image-preview:large, max-video-preview:-1\" \/>\n<link rel=\"canonical\" href=\"https:\/\/cristinabertrand.com\/es\/tienda\/las-cartas-del-yi-jing\/\" \/>\n<meta property=\"og:locale\" content=\"es_ES\" \/>\n<meta property=\"og:type\" content=\"article\" \/>\n<meta property=\"og:title\" content=\"LAS CARTAS DEL YI JING - Cristina Bertrand\" \/>\n<meta property=\"og:description\" content=\"Copyright \u00a9 2019. Cristina Bertrand.\u00a0Todos los derechos reservados. No se puede reenviar ninguna parte de este libro, reproducir ni transmitir de ninguna forma ni por ning\u00fan medio, electr\u00f3nico, fotocopias, auditivo o de otra manera sin el permiso por escrito del autor.  ~~~~~~~~~~~~~~~~~~~~~~~~~~~~~~~~~~~~~~~~~~~~~~~~~~~~~~~~~~~~~~~~~~~~~~~~~~~~~~~~~~~~~~~~~~~~~~~~~~~~~~  El Yi Jing es uno de los libros m\u00e1s antiguos del mundo y a trav\u00e9s de los siglos su sabidur\u00eda ha moldeado la esencia de la cultura y civilizaci\u00f3n de China.  Sin embargo, debido a sus simbolismos gr\u00e1\ufb01cos (trigramas y hexagramas) y a veces a un lenguaje oscuro, no ha alcanzado la misma divulgaci\u00f3n que otros libros de \ufb01losof\u00eda china como los Cl\u00e1sicos Confucianos o el Tao\u00edsmo y el Budismo Zen. Sin embargo, el Yi Jing es el origen de todos esos libros y la clave para entender el desarrollo de la naci\u00f3n china.  Su simbolog\u00eda de la naturaleza facilita su comprensi\u00f3n por medio de las im\u00e1genes de paisajes que todos pueden contemplar como monta\u00f1as, lagos, r\u00edos, bosques, etc.  En el libro de la Dra. Bertrand\u00a0Yi Jing: Sabidur\u00eda Milenaria para los Tiempos Modernos\u00a0basado en una s\u00edntesis de su tesis doctoral, se analizan todos los hexagramas del Yi Jing desde el punto de vista de la sabidur\u00eda, la ciencia y la \u00e9tica, junto con una poes\u00eda y un cuadro que contienen el simbolismo para entender sus ense\u00f1anzas. En el libro\u00a0Yi Jing: Transformaci\u00f3n Interior. El Nonagrama, se analiza el Yi Jing desde el punto de vista de la matem\u00e1tica binaria y la matem\u00e1tica vorticial con el \ufb01n de crear una nueva \ufb01gura, el Nonagrama, que posibilitar\u00e1 los ejercicios para la Transformaci\u00f3n Interior.  Las Cartas del Yi Jing son un complemento a los libros y su uso se enfoca en los ejercicios de Meditaci\u00f3n, Concentraci\u00f3n y Cultivo del Car\u00e1cter.\" \/>\n<meta property=\"og:url\" content=\"https:\/\/cristinabertrand.com\/es\/tienda\/las-cartas-del-yi-jing\/\" \/>\n<meta property=\"og:site_name\" content=\"Cristina Bertrand\" \/>\n<meta property=\"article:modified_time\" content=\"2022-10-24T15:26:28+00:00\" \/>\n<meta property=\"og:image\" content=\"https:\/\/cristinabertrand.com\/wp-content\/uploads\/2022\/10\/LAS-CARTAS-DEL-YI-JING-1.jpg\" \/>\n\t<meta property=\"og:image:width\" content=\"1240\" \/>\n\t<meta property=\"og:image:height\" content=\"1605\" \/>\n\t<meta property=\"og:image:type\" content=\"image\/jpeg\" \/>\n<meta name=\"twitter:card\" content=\"summary\" \/>\n<script type=\"application\/ld+json\" class=\"yoast-schema-graph\">{\"@context\":\"https:\/\/schema.org\",\"@graph\":[{\"@type\":\"Organization\",\"@id\":\"https:\/\/cristinabertrand.com\/#organization\",\"name\":\"Cristina Bertrand\",\"url\":\"https:\/\/cristinabertrand.com\/\",\"sameAs\":[],\"logo\":{\"@type\":\"ImageObject\",\"inLanguage\":\"es\",\"@id\":\"https:\/\/cristinabertrand.com\/#\/schema\/logo\/image\/\",\"url\":\"https:\/\/cristinabertrand.com\/wp-content\/uploads\/2021\/07\/logo_cb_big.jpg\",\"contentUrl\":\"https:\/\/cristinabertrand.com\/wp-content\/uploads\/2021\/07\/logo_cb_big.jpg\",\"width\":396,\"height\":395,\"caption\":\"Cristina Bertrand\"},\"image\":{\"@id\":\"https:\/\/cristinabertrand.com\/#\/schema\/logo\/image\/\"}},{\"@type\":\"WebSite\",\"@id\":\"https:\/\/cristinabertrand.com\/#website\",\"url\":\"https:\/\/cristinabertrand.com\/\",\"name\":\"Cristina Bertrand\",\"description\":\"Writings, paintings, ebooks and perfume, all with art\",\"publisher\":{\"@id\":\"https:\/\/cristinabertrand.com\/#organization\"},\"potentialAction\":[{\"@type\":\"SearchAction\",\"target\":{\"@type\":\"EntryPoint\",\"urlTemplate\":\"https:\/\/cristinabertrand.com\/?s={search_term_string}\"},\"query-input\":\"required name=search_term_string\"}],\"inLanguage\":\"es\"},{\"@type\":\"ImageObject\",\"inLanguage\":\"es\",\"@id\":\"https:\/\/cristinabertrand.com\/es\/tienda\/las-cartas-del-yi-jing\/#primaryimage\",\"url\":\"https:\/\/cristinabertrand.com\/wp-content\/uploads\/2022\/10\/LAS-CARTAS-DEL-YI-JING-1.jpg\",\"contentUrl\":\"https:\/\/cristinabertrand.com\/wp-content\/uploads\/2022\/10\/LAS-CARTAS-DEL-YI-JING-1.jpg\",\"width\":1240,\"height\":1605},{\"@type\":\"WebPage\",\"@id\":\"https:\/\/cristinabertrand.com\/es\/tienda\/las-cartas-del-yi-jing\/#webpage\",\"url\":\"https:\/\/cristinabertrand.com\/es\/tienda\/las-cartas-del-yi-jing\/\",\"name\":\"LAS CARTAS DEL YI JING - Cristina Bertrand\",\"isPartOf\":{\"@id\":\"https:\/\/cristinabertrand.com\/#website\"},\"primaryImageOfPage\":{\"@id\":\"https:\/\/cristinabertrand.com\/es\/tienda\/las-cartas-del-yi-jing\/#primaryimage\"},\"datePublished\":\"2022-10-24T15:24:31+00:00\",\"dateModified\":\"2022-10-24T15:26:28+00:00\",\"breadcrumb\":{\"@id\":\"https:\/\/cristinabertrand.com\/es\/tienda\/las-cartas-del-yi-jing\/#breadcrumb\"},\"inLanguage\":\"es\",\"potentialAction\":[{\"@type\":\"ReadAction\",\"target\":[\"https:\/\/cristinabertrand.com\/es\/tienda\/las-cartas-del-yi-jing\/\"]}]},{\"@type\":\"BreadcrumbList\",\"@id\":\"https:\/\/cristinabertrand.com\/es\/tienda\/las-cartas-del-yi-jing\/#breadcrumb\",\"itemListElement\":[{\"@type\":\"ListItem\",\"position\":1,\"name\":\"Home\",\"item\":\"https:\/\/cristinabertrand.com\/es\/\"},{\"@type\":\"ListItem\",\"position\":2,\"name\":\"Tienda\",\"item\":\"https:\/\/cristinabertrand.com\/es\/tienda-2\/\"},{\"@type\":\"ListItem\",\"position\":3,\"name\":\"LAS CARTAS DEL YI JING\"}]}]}<\/script>\n<!-- \/ Yoast SEO plugin. -->","yoast_head_json":{"title":"LAS CARTAS DEL YI JING - Cristina Bertrand","robots":{"index":"index","follow":"follow","max-snippet":"max-snippet:-1","max-image-preview":"max-image-preview:large","max-video-preview":"max-video-preview:-1"},"canonical":"https:\/\/cristinabertrand.com\/es\/tienda\/las-cartas-del-yi-jing\/","og_locale":"es_ES","og_type":"article","og_title":"LAS CARTAS DEL YI JING - Cristina Bertrand","og_description":"Copyright \u00a9 2019. Cristina Bertrand.\u00a0Todos los derechos reservados. No se puede reenviar ninguna parte de este libro, reproducir ni transmitir de ninguna forma ni por ning\u00fan medio, electr\u00f3nico, fotocopias, auditivo o de otra manera sin el permiso por escrito del autor.  ~~~~~~~~~~~~~~~~~~~~~~~~~~~~~~~~~~~~~~~~~~~~~~~~~~~~~~~~~~~~~~~~~~~~~~~~~~~~~~~~~~~~~~~~~~~~~~~~~~~~~~  El Yi Jing es uno de los libros m\u00e1s antiguos del mundo y a trav\u00e9s de los siglos su sabidur\u00eda ha moldeado la esencia de la cultura y civilizaci\u00f3n de China.  Sin embargo, debido a sus simbolismos gr\u00e1\ufb01cos (trigramas y hexagramas) y a veces a un lenguaje oscuro, no ha alcanzado la misma divulgaci\u00f3n que otros libros de \ufb01losof\u00eda china como los Cl\u00e1sicos Confucianos o el Tao\u00edsmo y el Budismo Zen. Sin embargo, el Yi Jing es el origen de todos esos libros y la clave para entender el desarrollo de la naci\u00f3n china.  Su simbolog\u00eda de la naturaleza facilita su comprensi\u00f3n por medio de las im\u00e1genes de paisajes que todos pueden contemplar como monta\u00f1as, lagos, r\u00edos, bosques, etc.  En el libro de la Dra. Bertrand\u00a0Yi Jing: Sabidur\u00eda Milenaria para los Tiempos Modernos\u00a0basado en una s\u00edntesis de su tesis doctoral, se analizan todos los hexagramas del Yi Jing desde el punto de vista de la sabidur\u00eda, la ciencia y la \u00e9tica, junto con una poes\u00eda y un cuadro que contienen el simbolismo para entender sus ense\u00f1anzas. En el libro\u00a0Yi Jing: Transformaci\u00f3n Interior. El Nonagrama, se analiza el Yi Jing desde el punto de vista de la matem\u00e1tica binaria y la matem\u00e1tica vorticial con el \ufb01n de crear una nueva \ufb01gura, el Nonagrama, que posibilitar\u00e1 los ejercicios para la Transformaci\u00f3n Interior.  Las Cartas del Yi Jing son un complemento a los libros y su uso se enfoca en los ejercicios de Meditaci\u00f3n, Concentraci\u00f3n y Cultivo del Car\u00e1cter.","og_url":"https:\/\/cristinabertrand.com\/es\/tienda\/las-cartas-del-yi-jing\/","og_site_name":"Cristina Bertrand","article_modified_time":"2022-10-24T15:26:28+00:00","og_image":[{"width":1240,"height":1605,"url":"https:\/\/cristinabertrand.com\/wp-content\/uploads\/2022\/10\/LAS-CARTAS-DEL-YI-JING-1.jpg","type":"image\/jpeg"}],"twitter_card":"summary","schema":{"@context":"https:\/\/schema.org","@graph":[{"@type":"Organization","@id":"https:\/\/cristinabertrand.com\/#organization","name":"Cristina Bertrand","url":"https:\/\/cristinabertrand.com\/","sameAs":[],"logo":{"@type":"ImageObject","inLanguage":"es","@id":"https:\/\/cristinabertrand.com\/#\/schema\/logo\/image\/","url":"https:\/\/cristinabertrand.com\/wp-content\/uploads\/2021\/07\/logo_cb_big.jpg","contentUrl":"https:\/\/cristinabertrand.com\/wp-content\/uploads\/2021\/07\/logo_cb_big.jpg","width":396,"height":395,"caption":"Cristina Bertrand"},"image":{"@id":"https:\/\/cristinabertrand.com\/#\/schema\/logo\/image\/"}},{"@type":"WebSite","@id":"https:\/\/cristinabertrand.com\/#website","url":"https:\/\/cristinabertrand.com\/","name":"Cristina Bertrand","description":"Writings, paintings, ebooks and perfume, all with art","publisher":{"@id":"https:\/\/cristinabertrand.com\/#organization"},"potentialAction":[{"@type":"SearchAction","target":{"@type":"EntryPoint","urlTemplate":"https:\/\/cristinabertrand.com\/?s={search_term_string}"},"query-input":"required name=search_term_string"}],"inLanguage":"es"},{"@type":"ImageObject","inLanguage":"es","@id":"https:\/\/cristinabertrand.com\/es\/tienda\/las-cartas-del-yi-jing\/#primaryimage","url":"https:\/\/cristinabertrand.com\/wp-content\/uploads\/2022\/10\/LAS-CARTAS-DEL-YI-JING-1.jpg","contentUrl":"https:\/\/cristinabertrand.com\/wp-content\/uploads\/2022\/10\/LAS-CARTAS-DEL-YI-JING-1.jpg","width":1240,"height":1605},{"@type":"WebPage","@id":"https:\/\/cristinabertrand.com\/es\/tienda\/las-cartas-del-yi-jing\/#webpage","url":"https:\/\/cristinabertrand.com\/es\/tienda\/las-cartas-del-yi-jing\/","name":"LAS CARTAS DEL YI JING - Cristina Bertrand","isPartOf":{"@id":"https:\/\/cristinabertrand.com\/#website"},"primaryImageOfPage":{"@id":"https:\/\/cristinabertrand.com\/es\/tienda\/las-cartas-del-yi-jing\/#primaryimage"},"datePublished":"2022-10-24T15:24:31+00:00","dateModified":"2022-10-24T15:26:28+00:00","breadcrumb":{"@id":"https:\/\/cristinabertrand.com\/es\/tienda\/las-cartas-del-yi-jing\/#breadcrumb"},"inLanguage":"es","potentialAction":[{"@type":"ReadAction","target":["https:\/\/cristinabertrand.com\/es\/tienda\/las-cartas-del-yi-jing\/"]}]},{"@type":"BreadcrumbList","@id":"https:\/\/cristinabertrand.com\/es\/tienda\/las-cartas-del-yi-jing\/#breadcrumb","itemListElement":[{"@type":"ListItem","position":1,"name":"Home","item":"https:\/\/cristinabertrand.com\/es\/"},{"@type":"ListItem","position":2,"name":"Tienda","item":"https:\/\/cristinabertrand.com\/es\/tienda-2\/"},{"@type":"ListItem","position":3,"name":"LAS CARTAS DEL YI JING"}]}]}},"_links":{"self":[{"href":"https:\/\/cristinabertrand.com\/es\/wp-json\/wp\/v2\/product\/12360"}],"collection":[{"href":"https:\/\/cristinabertrand.com\/es\/wp-json\/wp\/v2\/product"}],"about":[{"href":"https:\/\/cristinabertrand.com\/es\/wp-json\/wp\/v2\/types\/product"}],"wp:featuredmedia":[{"embeddable":true,"href":"https:\/\/cristinabertrand.com\/es\/wp-json\/wp\/v2\/media\/12332"}],"wp:attachment":[{"href":"https:\/\/cristinabertrand.com\/es\/wp-json\/wp\/v2\/media?parent=12360"}],"wp:term":[{"taxonomy":"product_cat","embeddable":true,"href":"https:\/\/cristinabertrand.com\/es\/wp-json\/wp\/v2\/product_cat?post=12360"},{"taxonomy":"product_tag","embeddable":true,"href":"https:\/\/cristinabertrand.com\/es\/wp-json\/wp\/v2\/product_tag?post=12360"}],"curies":[{"name":"wp","href":"https:\/\/api.w.org\/{rel}","templated":true}]}}